{"id":1360,"date":"2025-01-30T12:02:38","date_gmt":"2025-01-30T12:02:38","guid":{"rendered":"https:\/\/sacalmaboats.comtouren\/bootstouren-bucht-von-palma"},"modified":"2026-02-26T11:05:07","modified_gmt":"2026-02-26T11:05:07","slug":"bootstouren-bucht-von-palma","status":"publish","type":"page","link":"https:\/\/sacalmaboats.com\/de\/touren\/bootstouren-bucht-von-palma","title":{"rendered":"Bootstouren in der Bucht von Palma"},"content":{"rendered":"[vc_row type=&#8220;full_width_background&#8220; full_screen_row_position=&#8220;middle&#8220; column_margin=&#8220;none&#8220; column_direction=&#8220;default&#8220; column_direction_tablet=&#8220;default&#8220; column_direction_phone=&#8220;default&#8220; bg_color=&#8220;#ffffff&#8220; scene_position=&#8220;center&#8220; top_padding=&#8220;5%&#8220; left_padding_desktop=&#8220;15%&#8220; constrain_group_2=&#8220;yes&#8220; right_padding_desktop=&#8220;15%&#8220; top_padding_tablet=&#8220;20%&#8220; left_padding_tablet=&#8220;10%&#8220; constrain_group_4=&#8220;yes&#8220; right_padding_tablet=&#8220;10%&#8220; left_padding_phone=&#8220;0&#8243; constrain_group_6=&#8220;yes&#8220; right_padding_phone=&#8220;0&#8243; text_color=&#8220;light&#8220; text_align=&#8220;left&#8220; row_border_radius=&#8220;none&#8220; row_border_radius_applies=&#8220;bg&#8220; row_position_desktop=&#8220;default&#8220; row_position_tablet=&#8220;inherit&#8220; row_position_phone=&#8220;inherit&#8220; overflow=&#8220;visible&#8220; overlay_strength=&#8220;0.3&#8243; gradient_direction=&#8220;left_to_right&#8220; shape_divider_position=&#8220;bottom&#8220; bg_image_animation=&#8220;none&#8220; shape_type=&#8220;straight_section&#8220; gradient_type=&#8220;default&#8220;][vc_column column_padding=&#8220;no-extra-padding&#8220; column_padding_tablet=&#8220;inherit&#8220; column_padding_phone=&#8220;inherit&#8220; column_padding_position=&#8220;all&#8220; flex_gap_desktop=&#8220;10px&#8220; column_element_direction_desktop=&#8220;default&#8220; column_element_spacing=&#8220;0px&#8220; centered_text=&#8220;true&#8220; desktop_text_alignment=&#8220;default&#8220; tablet_text_alignment=&#8220;default&#8220; phone_text_alignment=&#8220;default&#8220; background_color_opacity=&#8220;1&#8243; background_hover_color_opacity=&#8220;1&#8243; column_backdrop_filter=&#8220;none&#8220; font_color=&#8220;#2c5daa&#8220; column_shadow=&#8220;none&#8220; column_border_radius=&#8220;none&#8220; column_link_target=&#8220;_self&#8220; column_position=&#8220;default&#8220; gradient_direction=&#8220;left_to_right&#8220; overlay_strength=&#8220;0.3&#8243; width=&#8220;1\/1&#8243; tablet_width_inherit=&#8220;default&#8220; animation_type=&#8220;default&#8220; bg_image_animation=&#8220;none&#8220; border_type=&#8220;simple&#8220; column_border_width=&#8220;none&#8220; column_border_style=&#8220;solid&#8220; column_padding_type=&#8220;default&#8220; gradient_type=&#8220;default&#8220;][split_line_heading line_reveal_by_space_text_effect=&#8220;default&#8220; font_style=&#8220;h1&#8243; stagger_animation=&#8220;true&#8220; content_alignment=&#8220;default&#8220; mobile_content_alignment=&#8220;inherit&#8220; animation_type=&#8220;line-reveal-by-space&#8220; link_target=&#8220;_self&#8220; text_content=&#8220;Bootstouren in der Bucht von Palma&#8220; font_size=&#8220;9vh&#8220; text_direction=&#8220;default&#8220; font_line_height=&#8220;1.5&#8243;][\/split_line_heading][split_line_heading line_reveal_by_space_text_effect=&#8220;default&#8220; font_style=&#8220;h3&#8243; stagger_animation=&#8220;true&#8220; content_alignment=&#8220;default&#8220; mobile_content_alignment=&#8220;inherit&#8220; animation_type=&#8220;line-reveal-by-space&#8220; link_target=&#8220;_self&#8220; text_content=&#8220;Abfahrt von Can Pastilla, Palma City und Arenal&#8220; font_size=&#8220;5vh&#8220; text_direction=&#8220;default&#8220; font_line_height=&#8220;1.5&#8243;][\/split_line_heading][\/vc_column][\/vc_row][vc_row type=&#8220;in_container&#8220; full_screen_row_position=&#8220;middle&#8220; column_margin=&#8220;default&#8220; column_direction=&#8220;default&#8220; column_direction_tablet=&#8220;default&#8220; column_direction_phone=&#8220;default&#8220; scene_position=&#8220;center&#8220; top_padding=&#8220;5%&#8220; bottom_margin=&#8220;5%&#8220; text_color=&#8220;dark&#8220; text_align=&#8220;left&#8220; row_border_radius=&#8220;none&#8220; row_border_radius_applies=&#8220;bg&#8220; row_position_desktop=&#8220;default&#8220; row_position_tablet=&#8220;inherit&#8220; row_position_phone=&#8220;inherit&#8220; overflow=&#8220;visible&#8220; overlay_strength=&#8220;0.3&#8243; gradient_direction=&#8220;left_to_right&#8220; shape_divider_position=&#8220;bottom&#8220; bg_image_animation=&#8220;none&#8220; gradient_type=&#8220;default&#8220; shape_type=&#8220;&#8220;][vc_column column_padding=&#8220;no-extra-padding&#8220; column_padding_tablet=&#8220;inherit&#8220; column_padding_phone=&#8220;inherit&#8220; column_padding_position=&#8220;all&#8220; flex_gap_desktop=&#8220;10px&#8220; column_element_direction_desktop=&#8220;default&#8220; column_element_spacing=&#8220;default&#8220; desktop_text_alignment=&#8220;default&#8220; tablet_text_alignment=&#8220;default&#8220; phone_text_alignment=&#8220;default&#8220; background_color_opacity=&#8220;1&#8243; background_hover_color_opacity=&#8220;1&#8243; column_backdrop_filter=&#8220;none&#8220; column_shadow=&#8220;none&#8220; column_border_radius=&#8220;none&#8220; column_link_target=&#8220;_self&#8220; column_position=&#8220;default&#8220; gradient_direction=&#8220;left_to_right&#8220; overlay_strength=&#8220;0.3&#8243; width=&#8220;1\/1&#8243; tablet_width_inherit=&#8220;default&#8220; animation_type=&#8220;default&#8220; bg_image_animation=&#8220;none&#8220; border_type=&#8220;simple&#8220; column_border_width=&#8220;none&#8220; column_border_style=&#8220;solid&#8220;][nectar_global_section id=&#8220;5048&#8243;][nectar_global_section id=&#8220;4748&#8243;][\/vc_column][\/vc_row][vc_row type=&#8220;full_width_content&#8220; full_screen_row_position=&#8220;middle&#8220; column_margin=&#8220;default&#8220; equal_height=&#8220;yes&#8220; content_placement=&#8220;middle&#8220; column_direction=&#8220;default&#8220; column_direction_tablet=&#8220;default&#8220; column_direction_phone=&#8220;default&#8220; bg_color=&#8220;#2c5daa&#8220; scene_position=&#8220;center&#8220; top_padding=&#8220;10%&#8220; bottom_padding=&#8220;5%&#8220; left_padding_desktop=&#8220;17vw&#8220; constrain_group_2=&#8220;yes&#8220; right_padding_desktop=&#8220;17vw&#8220; bottom_padding_tablet=&#8220;12%&#8220; left_padding_tablet=&#8220;20vw&#8220; constrain_group_4=&#8220;yes&#8220; right_padding_tablet=&#8220;20vw&#8220; left_padding_phone=&#8220;9vw&#8220; constrain_group_6=&#8220;yes&#8220; right_padding_phone=&#8220;9vw&#8220; text_color=&#8220;dark&#8220; text_align=&#8220;left&#8220; row_border_radius=&#8220;none&#8220; row_border_radius_applies=&#8220;bg&#8220; row_position_desktop=&#8220;default&#8220; row_position_tablet=&#8220;inherit&#8220; row_position_phone=&#8220;inherit&#8220; overflow=&#8220;visible&#8220; advanced_gradient_angle=&#8220;0&#8243; overlay_strength=&#8220;0.3&#8243; gradient_direction=&#8220;left_to_right&#8220; shape_divider_position=&#8220;bottom&#8220; bg_image_animation=&#8220;none&#8220; gradient_type=&#8220;default&#8220; shape_type=&#8220;&#8220;][vc_column flex_gap_desktop=&#8220;10px&#8220; column_element_direction_desktop=&#8220;default&#8220; column_element_spacing=&#8220;0px&#8220; desktop_text_alignment=&#8220;default&#8220; tablet_text_alignment=&#8220;default&#8220; phone_text_alignment=&#8220;default&#8220; background_color_opacity=&#8220;1&#8243; background_hover_color_opacity=&#8220;1&#8243; column_backdrop_filter=&#8220;none&#8220; font_color=&#8220;#ffffff&#8220; column_shadow=&#8220;none&#8220; column_border_radius=&#8220;none&#8220; column_link_target=&#8220;_self&#8220; column_position=&#8220;static&#8220; advanced_gradient_angle=&#8220;65&#8243; width=&#8220;1\/1&#8243; tablet_width_inherit=&#8220;default&#8220; animation_type=&#8220;default&#8220; bg_image_animation=&#8220;none&#8220; border_type=&#8220;simple&#8220; column_border_width=&#8220;none&#8220; column_border_style=&#8220;solid&#8220; column_padding_type=&#8220;advanced&#8220; gradient_type=&#8220;advanced&#8220; advanced_gradient_display_type=&#8220;linear&#8220;][vc_row_inner column_margin=&#8220;default&#8220; column_direction=&#8220;default&#8220; column_direction_tablet=&#8220;default&#8220; column_direction_phone=&#8220;default&#8220; bottom_padding=&#8220;7%&#8220; text_align=&#8220;left&#8220; row_position=&#8220;default&#8220; row_position_tablet=&#8220;inherit&#8220; row_position_phone=&#8220;inherit&#8220; overflow=&#8220;visible&#8220; pointer_events=&#8220;all&#8220;][vc_column_inner column_padding=&#8220;no-extra-padding&#8220; column_padding_tablet=&#8220;inherit&#8220; column_padding_phone=&#8220;inherit&#8220; column_padding_position=&#8220;all&#8220; flex_gap_desktop=&#8220;10px&#8220; column_element_direction_desktop=&#8220;default&#8220; column_element_spacing=&#8220;0px&#8220; desktop_text_alignment=&#8220;default&#8220; tablet_text_alignment=&#8220;default&#8220; phone_text_alignment=&#8220;default&#8220; background_color_opacity=&#8220;1&#8243; background_hover_color_opacity=&#8220;1&#8243; column_backdrop_filter=&#8220;none&#8220; column_shadow=&#8220;none&#8220; column_border_radius=&#8220;none&#8220; column_link_target=&#8220;_self&#8220; overflow=&#8220;visible&#8220; gradient_direction=&#8220;left_to_right&#8220; overlay_strength=&#8220;0.3&#8243; width=&#8220;1\/1&#8243; tablet_width_inherit=&#8220;default&#8220; animation_type=&#8220;default&#8220; enable_animation=&#8220;true&#8220; animation=&#8220;fade-in&#8220; animation_easing=&#8220;default&#8220; bg_image_animation=&#8220;none&#8220; border_type=&#8220;simple&#8220; column_border_width=&#8220;none&#8220; column_border_style=&#8220;solid&#8220; column_padding_type=&#8220;default&#8220; gradient_type=&#8220;default&#8220; animation_offset=&#8220;90%&#8220;][nectar_animated_shape shape_color=&#8220;#ec802a&#8220; width_desktop=&#8220;15vw&#8220; animation=&#8220;none&#8220; animation_easing=&#8220;default&#8220; animation_movement_type=&#8220;transform_y&#8220; animation_movement_intensity=&#8220;0.6&#8243; animation_movement_persist_on_mobile=&#8220;true&#8220; position_desktop=&#8220;absolute&#8220; top_position_desktop=&#8220;0&#8243; left_position_desktop=&#8220;0&#8243; translate_y_desktop=&#8220;-30%&#8220; translate_x_desktop=&#8220;-50%&#8220; zindex=&#8220;-1&#8243;][nectar_highlighted_text scribble_color=&#8220;#318fff&#8220; style=&#8220;scribble&#8220; scribble_shape=&#8220;squiggle-underline&#8220; scribble_thickness=&#8220;thick&#8220; scribble_speed=&#8220;1.8s&#8220; scribble_easing=&#8220;ease_in_out&#8220; custom_font_size=&#8220;3vw&#8220; id=&#8220;circle-highlight2&#8243; font_line_height=&#8220;1.4&#8243; font_size_tablet=&#8220;4vw&#8220; font_size_phone=&#8220;5vw&#8220; text_direction=&#8220;default&#8220;]\n<h2><em>Bootstouren<\/em> in der Bucht von Palma<\/h2>\n<h2 style=\"font-family: gaya;\">Unvergessliche Abenteuer auf Mallorca<\/h2>\n[\/nectar_highlighted_text][\/vc_column_inner][\/vc_row_inner][vc_row_inner column_margin=&#8220;default&#8220; column_direction=&#8220;default&#8220; column_direction_tablet=&#8220;default&#8220; column_direction_phone=&#8220;default&#8220; text_align=&#8220;left&#8220; row_position=&#8220;default&#8220; row_position_tablet=&#8220;inherit&#8220; row_position_phone=&#8220;inherit&#8220; overflow=&#8220;visible&#8220; pointer_events=&#8220;all&#8220;][vc_column_inner column_padding=&#8220;no-extra-padding&#8220; column_padding_tablet=&#8220;inherit&#8220; column_padding_phone=&#8220;inherit&#8220; column_padding_position=&#8220;all&#8220; flex_gap_desktop=&#8220;10px&#8220; column_element_direction_desktop=&#8220;default&#8220; column_element_spacing=&#8220;default&#8220; desktop_text_alignment=&#8220;default&#8220; tablet_text_alignment=&#8220;default&#8220; phone_text_alignment=&#8220;default&#8220; background_color_opacity=&#8220;1&#8243; background_hover_color_opacity=&#8220;1&#8243; column_backdrop_filter=&#8220;none&#8220; column_shadow=&#8220;none&#8220; column_border_radius=&#8220;none&#8220; column_link_target=&#8220;_self&#8220; overflow=&#8220;visible&#8220; gradient_direction=&#8220;left_to_right&#8220; overlay_strength=&#8220;0.3&#8243; width=&#8220;1\/1&#8243; tablet_width_inherit=&#8220;default&#8220; animation_type=&#8220;default&#8220; bg_image_animation=&#8220;none&#8220; border_type=&#8220;simple&#8220; column_border_width=&#8220;none&#8220; column_border_style=&#8220;solid&#8220; column_padding_type=&#8220;default&#8220; gradient_type=&#8220;default&#8220;][vc_column_text css=&#8220;&#8220; text_direction=&#8220;default&#8220;]Entdecken Sie die Magie der Bucht von Palma mit unseren au\u00dfergew\u00f6hnlichen Bootstouren und Ausfl\u00fcgen ab Can Pastilla, Palma City und Arenal. Ob Sie einen entspannten Tag auf dem Wasser, eine aufregende Speedbootfahrt oder eine exklusive private Charter suchen \u2013 unsere Erlebnisse in der Bucht von Palma machen Ihre Mallorca-Reise unvergesslich. <\/p>\n<p>Setzen Sie die Segel und erkunden Sie die atemberaubende K\u00fcste Mallorcas, entdecken Sie versteckte Buchten, schnorcheln Sie im t\u00fcrkisfarbenen Wasser und genie\u00dfen Sie die spektakul\u00e4re Aussicht auf das Mittelmeer. Unsere Bootsausfl\u00fcge in der Bucht von Palma sind perfekt f\u00fcr Familien, Paare und Freundesgruppen, die das Meer auf eine ganz besondere Weise erleben m\u00f6chten. <\/p>\n<p><strong>Warum unsere Bootstouren in der Bucht von Palma w\u00e4hlen?<\/strong><\/p>\n<ol>\n<li>Mehrere Abfahrtsorte: Can Pastilla, Palma City und Arenal.<\/li>\n<li>Erfahrene Crew, die f\u00fcr eine sichere und komfortable Fahrt sorgt.<\/li>\n<li>Aktivit\u00e4ten inklusive, wie Schnorcheln, Paddleboarding und Schwimmen.<\/li>\n<li>Individuell gestaltete private Bootscharter f\u00fcr einzigartige Erlebnisse.<\/li>\n<\/ol>\n<p>Verpassen Sie nicht die Gelegenheit, die Bucht von Palma auf die spannendste Art zu entdecken![\/vc_column_text][\/vc_column_inner][\/vc_row_inner][\/vc_column][\/vc_row]\n","protected":false},"excerpt":{"rendered":"<p>[vc_row type=&#8220;full_width_background&#8220; full_screen_row_position=&#8220;middle&#8220; column_margin=&#8220;none&#8220; column_direction=&#8220;default&#8220; column_direction_tablet=&#8220;default&#8220; column_direction_phone=&#8220;default&#8220; bg_color=&#8220;#ffffff&#8220; scene_position=&#8220;center&#8220; top_padding=&#8220;5%&#8220; left_padding_desktop=&#8220;15%&#8220; constrain_group_2=&#8220;yes&#8220; right_padding_desktop=&#8220;15%&#8220; top_padding_tablet=&#8220;20%&#8220; left_padding_tablet=&#8220;10%&#8220; constrain_group_4=&#8220;yes&#8220; right_padding_tablet=&#8220;10%&#8220; left_padding_phone=&#8220;0&#8243; constrain_group_6=&#8220;yes&#8220; right_padding_phone=&#8220;0&#8243; text_color=&#8220;light&#8220; text_align=&#8220;left&#8220; row_border_radius=&#8220;none&#8220; row_border_radius_applies=&#8220;bg&#8220; row_position_desktop=&#8220;default&#8220; row_position_tablet=&#8220;inherit&#8220; row_position_phone=&#8220;inherit&#8220; overflow=&#8220;visible&#8220; overlay_strength=&#8220;0.3&#8243; gradient_direction=&#8220;left_to_right&#8220;&#8230;<\/p>\n","protected":false},"author":1,"featured_media":0,"parent":1347,"menu_order":0,"comment_status":"closed","ping_status":"closed","template":"","meta":{"footnotes":""},"class_list":["post-1360","page","type-page","status-publish"],"yoast_head":"<!-- This site is optimized with the Yoast SEO plugin v27.2 - https:\/\/yoast.com\/product\/yoast-seo-wordpress\/ -->\n<title>Palma Bay Boat Tours | Explore Mallorca\u2019s coastline - Sa Calma Boats<\/title>\n<meta name=\"description\" content=\"Mallorca Palma Bay Bootstouren mit Sa Calma Boats! Entdecken Sie atemberaubende K\u00fcsten mit Privatcharter, Speedbooten, Schnorcheln, Paddle Surf &amp; mehr.\" \/>\n<meta name=\"robots\" content=\"index, follow, max-snippet:-1, max-image-preview:large, max-video-preview:-1\" \/>\n<link rel=\"canonical\" href=\"https:\/\/sacalmaboats.com\/de\/touren\/bootstouren-bucht-von-palma\" \/>\n<meta property=\"og:locale\" content=\"de_DE\" \/>\n<meta property=\"og:type\" content=\"article\" \/>\n<meta property=\"og:title\" content=\"Palma Bay Boat Tours | Explore Mallorca\u2019s coastline - Sa Calma Boats\" \/>\n<meta property=\"og:description\" content=\"Mallorca Palma Bay Bootstouren mit Sa Calma Boats! Entdecken Sie atemberaubende K\u00fcsten mit Privatcharter, Speedbooten, Schnorcheln, Paddle Surf &amp; mehr.\" \/>\n<meta property=\"og:url\" content=\"https:\/\/sacalmaboats.com\/de\/touren\/bootstouren-bucht-von-palma\" \/>\n<meta property=\"og:site_name\" content=\"Sa Calma Boats\" \/>\n<meta property=\"article:publisher\" content=\"https:\/\/www.facebook.com\/sacalmaboats\/\" \/>\n<meta property=\"article:modified_time\" content=\"2026-02-26T11:05:07+00:00\" \/>\n<meta property=\"og:image\" content=\"https:\/\/sacalmaboats.com\/wp-content\/uploads\/2025\/02\/cropped-3.png\" \/>\n\t<meta property=\"og:image:width\" content=\"512\" \/>\n\t<meta property=\"og:image:height\" content=\"512\" \/>\n\t<meta property=\"og:image:type\" content=\"image\/png\" \/>\n<meta name=\"twitter:card\" content=\"summary_large_image\" \/>\n<meta name=\"twitter:label1\" content=\"Gesch\u00e4tzte Lesezeit\" \/>\n\t<meta name=\"twitter:data1\" content=\"7\u00a0Minuten\" \/>\n<script type=\"application\/ld+json\" class=\"yoast-schema-graph\">{\"@context\":\"https:\/\/schema.org\",\"@graph\":[{\"@type\":\"WebPage\",\"@id\":\"https:\/\/sacalmaboats.com\/de\/touren\/bootstouren-bucht-von-palma\",\"url\":\"https:\/\/sacalmaboats.com\/de\/touren\/bootstouren-bucht-von-palma\",\"name\":\"Palma Bay Boat Tours | Explore Mallorca\u2019s coastline - Sa Calma Boats\",\"isPartOf\":{\"@id\":\"https:\/\/sacalmaboats.com\/de#website\"},\"datePublished\":\"2025-01-30T12:02:38+00:00\",\"dateModified\":\"2026-02-26T11:05:07+00:00\",\"description\":\"Mallorca Palma Bay Bootstouren mit Sa Calma Boats! Entdecken Sie atemberaubende K\u00fcsten mit Privatcharter, Speedbooten, Schnorcheln, Paddle Surf & mehr.\",\"breadcrumb\":{\"@id\":\"https:\/\/sacalmaboats.com\/de\/touren\/bootstouren-bucht-von-palma#breadcrumb\"},\"inLanguage\":\"de\",\"potentialAction\":[{\"@type\":\"ReadAction\",\"target\":[\"https:\/\/sacalmaboats.com\/de\/touren\/bootstouren-bucht-von-palma\"]}]},{\"@type\":\"BreadcrumbList\",\"@id\":\"https:\/\/sacalmaboats.com\/de\/touren\/bootstouren-bucht-von-palma#breadcrumb\",\"itemListElement\":[{\"@type\":\"ListItem\",\"position\":1,\"name\":\"Portada\",\"item\":\"https:\/\/sacalmaboats.com\/de\/11-2\"},{\"@type\":\"ListItem\",\"position\":2,\"name\":\"Bootstouren\",\"item\":\"https:\/\/sacalmaboats.com\/de\/touren\"},{\"@type\":\"ListItem\",\"position\":3,\"name\":\"Bootstouren in der Bucht von Palma\"}]},{\"@type\":\"WebSite\",\"@id\":\"https:\/\/sacalmaboats.com\/de#website\",\"url\":\"https:\/\/sacalmaboats.com\/de\",\"name\":\"Sa Calma Boats\",\"description\":\"Sa Calma Boats offers unforgettable adventures on Mallorca\u2019s stunning waters. From relaxing boat tours and thrilling speedboat rides to private charters, they provide tailored experiences for every occasion. With departures from Can Pastilla, Palma City, Arenal, and Andratx, guests can explore hidden coves, snorkel in crystal-clear waters, and visit iconic spots like Dragonera Island.\",\"publisher\":{\"@id\":\"https:\/\/sacalmaboats.com\/de#organization\"},\"alternateName\":\"Calma Boats\",\"potentialAction\":[{\"@type\":\"SearchAction\",\"target\":{\"@type\":\"EntryPoint\",\"urlTemplate\":\"https:\/\/sacalmaboats.com\/de?s={search_term_string}\"},\"query-input\":{\"@type\":\"PropertyValueSpecification\",\"valueRequired\":true,\"valueName\":\"search_term_string\"}}],\"inLanguage\":\"de\"},{\"@type\":\"Organization\",\"@id\":\"https:\/\/sacalmaboats.com\/de#organization\",\"name\":\"Sa Calma Boats\",\"alternateName\":\"Sa Calma Boats SL\",\"url\":\"https:\/\/sacalmaboats.com\/de\",\"logo\":{\"@type\":\"ImageObject\",\"inLanguage\":\"de\",\"@id\":\"https:\/\/sacalmaboats.com\/de#\/schema\/logo\/image\/\",\"url\":\"https:\/\/sacalmaboats.com\/wp-content\/uploads\/2025\/02\/3.png\",\"contentUrl\":\"https:\/\/sacalmaboats.com\/wp-content\/uploads\/2025\/02\/3.png\",\"width\":512,\"height\":512,\"caption\":\"Sa Calma Boats\"},\"image\":{\"@id\":\"https:\/\/sacalmaboats.com\/de#\/schema\/logo\/image\/\"},\"sameAs\":[\"https:\/\/www.facebook.com\/sacalmaboats\/\",\"https:\/\/instagram.com\/sacalmaboats\",\"https:\/\/www.tripadvisor.com\/Attraction_Review-g187463-d25232317-Reviews-Sa_Calma_Boats-Palma_de_Mallorca_Majorca_Balearic_Islands.html\"]}]}<\/script>\n<!-- \/ Yoast SEO plugin. -->","yoast_head_json":{"title":"Palma Bay Boat Tours | Explore Mallorca\u2019s coastline - Sa Calma Boats","description":"Mallorca Palma Bay Bootstouren mit Sa Calma Boats! Entdecken Sie atemberaubende K\u00fcsten mit Privatcharter, Speedbooten, Schnorcheln, Paddle Surf & mehr.","robots":{"index":"index","follow":"follow","max-snippet":"max-snippet:-1","max-image-preview":"max-image-preview:large","max-video-preview":"max-video-preview:-1"},"canonical":"https:\/\/sacalmaboats.com\/de\/touren\/bootstouren-bucht-von-palma","og_locale":"de_DE","og_type":"article","og_title":"Palma Bay Boat Tours | Explore Mallorca\u2019s coastline - Sa Calma Boats","og_description":"Mallorca Palma Bay Bootstouren mit Sa Calma Boats! Entdecken Sie atemberaubende K\u00fcsten mit Privatcharter, Speedbooten, Schnorcheln, Paddle Surf & mehr.","og_url":"https:\/\/sacalmaboats.com\/de\/touren\/bootstouren-bucht-von-palma","og_site_name":"Sa Calma Boats","article_publisher":"https:\/\/www.facebook.com\/sacalmaboats\/","article_modified_time":"2026-02-26T11:05:07+00:00","og_image":[{"width":512,"height":512,"url":"https:\/\/sacalmaboats.com\/wp-content\/uploads\/2025\/02\/cropped-3.png","type":"image\/png"}],"twitter_card":"summary_large_image","twitter_misc":{"Gesch\u00e4tzte Lesezeit":"7\u00a0Minuten"},"schema":{"@context":"https:\/\/schema.org","@graph":[{"@type":"WebPage","@id":"https:\/\/sacalmaboats.com\/de\/touren\/bootstouren-bucht-von-palma","url":"https:\/\/sacalmaboats.com\/de\/touren\/bootstouren-bucht-von-palma","name":"Palma Bay Boat Tours | Explore Mallorca\u2019s coastline - Sa Calma Boats","isPartOf":{"@id":"https:\/\/sacalmaboats.com\/de#website"},"datePublished":"2025-01-30T12:02:38+00:00","dateModified":"2026-02-26T11:05:07+00:00","description":"Mallorca Palma Bay Bootstouren mit Sa Calma Boats! Entdecken Sie atemberaubende K\u00fcsten mit Privatcharter, Speedbooten, Schnorcheln, Paddle Surf & mehr.","breadcrumb":{"@id":"https:\/\/sacalmaboats.com\/de\/touren\/bootstouren-bucht-von-palma#breadcrumb"},"inLanguage":"de","potentialAction":[{"@type":"ReadAction","target":["https:\/\/sacalmaboats.com\/de\/touren\/bootstouren-bucht-von-palma"]}]},{"@type":"BreadcrumbList","@id":"https:\/\/sacalmaboats.com\/de\/touren\/bootstouren-bucht-von-palma#breadcrumb","itemListElement":[{"@type":"ListItem","position":1,"name":"Portada","item":"https:\/\/sacalmaboats.com\/de\/11-2"},{"@type":"ListItem","position":2,"name":"Bootstouren","item":"https:\/\/sacalmaboats.com\/de\/touren"},{"@type":"ListItem","position":3,"name":"Bootstouren in der Bucht von Palma"}]},{"@type":"WebSite","@id":"https:\/\/sacalmaboats.com\/de#website","url":"https:\/\/sacalmaboats.com\/de","name":"Sa Calma Boats","description":"Sa Calma Boats offers unforgettable adventures on Mallorca\u2019s stunning waters. From relaxing boat tours and thrilling speedboat rides to private charters, they provide tailored experiences for every occasion. With departures from Can Pastilla, Palma City, Arenal, and Andratx, guests can explore hidden coves, snorkel in crystal-clear waters, and visit iconic spots like Dragonera Island.","publisher":{"@id":"https:\/\/sacalmaboats.com\/de#organization"},"alternateName":"Calma Boats","potentialAction":[{"@type":"SearchAction","target":{"@type":"EntryPoint","urlTemplate":"https:\/\/sacalmaboats.com\/de?s={search_term_string}"},"query-input":{"@type":"PropertyValueSpecification","valueRequired":true,"valueName":"search_term_string"}}],"inLanguage":"de"},{"@type":"Organization","@id":"https:\/\/sacalmaboats.com\/de#organization","name":"Sa Calma Boats","alternateName":"Sa Calma Boats SL","url":"https:\/\/sacalmaboats.com\/de","logo":{"@type":"ImageObject","inLanguage":"de","@id":"https:\/\/sacalmaboats.com\/de#\/schema\/logo\/image\/","url":"https:\/\/sacalmaboats.com\/wp-content\/uploads\/2025\/02\/3.png","contentUrl":"https:\/\/sacalmaboats.com\/wp-content\/uploads\/2025\/02\/3.png","width":512,"height":512,"caption":"Sa Calma Boats"},"image":{"@id":"https:\/\/sacalmaboats.com\/de#\/schema\/logo\/image\/"},"sameAs":["https:\/\/www.facebook.com\/sacalmaboats\/","https:\/\/instagram.com\/sacalmaboats","https:\/\/www.tripadvisor.com\/Attraction_Review-g187463-d25232317-Reviews-Sa_Calma_Boats-Palma_de_Mallorca_Majorca_Balearic_Islands.html"]}]}},"_links":{"self":[{"href":"https:\/\/sacalmaboats.com\/de\/wp-json\/wp\/v2\/pages\/1360","targetHints":{"allow":["GET"]}}],"collection":[{"href":"https:\/\/sacalmaboats.com\/de\/wp-json\/wp\/v2\/pages"}],"about":[{"href":"https:\/\/sacalmaboats.com\/de\/wp-json\/wp\/v2\/types\/page"}],"author":[{"embeddable":true,"href":"https:\/\/sacalmaboats.com\/de\/wp-json\/wp\/v2\/users\/1"}],"replies":[{"embeddable":true,"href":"https:\/\/sacalmaboats.com\/de\/wp-json\/wp\/v2\/comments?post=1360"}],"version-history":[{"count":3,"href":"https:\/\/sacalmaboats.com\/de\/wp-json\/wp\/v2\/pages\/1360\/revisions"}],"predecessor-version":[{"id":5223,"href":"https:\/\/sacalmaboats.com\/de\/wp-json\/wp\/v2\/pages\/1360\/revisions\/5223"}],"up":[{"embeddable":true,"href":"https:\/\/sacalmaboats.com\/de\/wp-json\/wp\/v2\/pages\/1347"}],"wp:attachment":[{"href":"https:\/\/sacalmaboats.com\/de\/wp-json\/wp\/v2\/media?parent=1360"}],"curies":[{"name":"wp","href":"https:\/\/api.w.org\/{rel}","templated":true}]}}