{"id":1469,"date":"2025-02-03T18:18:49","date_gmt":"2025-02-03T18:18:49","guid":{"rendered":"https:\/\/sacalmaboats.comprivacy-policy-2"},"modified":"2025-07-14T08:23:54","modified_gmt":"2025-07-14T08:23:54","slug":"datenschutz-bestimmungen","status":"publish","type":"page","link":"https:\/\/sacalmaboats.com\/de\/datenschutz-bestimmungen","title":{"rendered":"Datenschutzbestimmungen"},"content":{"rendered":"\r\n<p><em>Dieses Dokument wurde zuletzt am 21. April 2021 ge\u00e4ndert.<\/em><\/p>\r\n\r\n\r\n\r\n<p>\u00dcber diese Website werden personenbezogene Daten erhoben, die f\u00fcr die Verwaltung und den Betrieb einiger unserer Dienste erforderlich sind. Ungeachtet der jeweils angegebenen Zwecke werden diese Daten mit angemessener Vertraulichkeit gespeichert und verwaltet, wobei die in der geltenden Gesetzgebung festgelegten Computersicherheitsma\u00dfnahmen angewandt werden, um den Zugriff oder Missbrauch Ihrer Daten, deren Manipulation, Verschlechterung oder Verlust zu verhindern. Sie k\u00f6nnen jederzeit Ihr Recht auf Zugang, Berichtigung oder L\u00f6schung dieser Daten aus\u00fcben, indem Sie eine Anfrage an die Adresse des Inhabers der Dateien richten. Formulare f\u00fcr die Aus\u00fcbung Ihrer Rechte finden Sie auf der Website der <a href=\"https:\/\/www.aepd.es\/es\" target=\"_blank\" rel=\"noreferrer noopener\">Agencia de Protecci\u00f3n de Datos<\/a>.<\/p>\r\n\r\n\r\n\r\n<p>Ihre Daten werden in eine im Registro General de Protecci\u00f3n de Datos registrierte Datei aufgenommen, f\u00fcr die Sa Calma Boats verantwortlich ist.<\/p>\r\n\r\n\r\n\r\n<p>Ihre Daten werden verwendet, um mit Ihnen in Kontakt zu treten, wenn Sie dies w\u00fcnschen, oder um eine Informationsanfrage oder eine Bestellung einer unserer Dienstleistungen zu bearbeiten. Dieser Prozess kann die \u00dcbermittlung von Daten an Dritte beinhalten, die in direktem Zusammenhang mit dem Service stehen. Diese Daten\u00fcbermittlung erfolgt nur, wenn dies unbedingt erforderlich ist.<\/p>\r\n\r\n\r\n\r\n<p><strong>Welche Informationen sammeln wir?<\/strong><br \/>Wir sammeln Informationen von Ihnen, wenn Sie sich auf unserer Website registrieren oder unseren Newsletter abonnieren. Wenn Sie eine Bestellung aufgeben oder sich auf unserer Website registrieren, werden Sie gegebenenfalls aufgefordert, Ihren Namen, Ihre E-Mail-Adresse oder Ihre Telefonnummer einzugeben. Sie k\u00f6nnen unsere Website jedoch auch anonym besuchen.<\/p>\r\n\r\n\r\n\r\n<p><strong>Wof\u00fcr verwenden wir Ihre Daten?<\/strong><br \/>Alle Informationen, die wir von Ihnen sammeln, k\u00f6nnen auf eine der folgenden Weisen verwendet werden:<br \/>&#8211; Um Ihr Erlebnis zu personalisieren: Ihre Informationen helfen uns, besser auf Ihre individuellen Bed\u00fcrfnisse einzugehen.<br \/>&#8211; Um unsere Website zu verbessern: Wir sind st\u00e4ndig bestrebt, unser Website-Angebot auf der Grundlage der Informationen und R\u00fcckmeldungen, die wir von Ihnen erhalten, zu verbessern.<br \/>&#8211; Um den Kundenservice zu verbessern: Ihre Informationen helfen uns, effektiver auf Ihre Kundendienstanfragen und Supportbed\u00fcrfnisse zu reagieren.<br \/>&#8211; Zum Versenden regelm\u00e4\u00dfiger E-Mails.<br \/>Die E-Mail-Adresse, die Sie f\u00fcr die Bestellabwicklung angeben, kann verwendet werden, um Ihnen Informationen und Aktualisierungen zu Ihrer Bestellung zuzusenden. Au\u00dferdem erhalten Sie gelegentlich Unternehmensnachrichten, Aktualisierungen, Informationen zu Produkten oder Dienstleistungen usw.<br \/>Hinweis: Wenn Sie den Erhalt zuk\u00fcnftiger E-Mails jederzeit abbestellen m\u00f6chten, finden Sie am Ende jeder E-Mail eine ausf\u00fchrliche Anleitung zur Abbestellung.<\/p>\r\n\r\n\r\n\r\n<p><strong>Wie sch\u00fctzen wir Ihre Daten?<\/strong><br \/>Wir setzen eine Reihe von Sicherheitsma\u00dfnahmen ein, um die Sicherheit Ihrer pers\u00f6nlichen Daten zu gew\u00e4hrleisten, wenn Sie diese eingeben, \u00fcbermitteln oder darauf zugreifen.<\/p>\r\n\r\n\r\n\r\n<p><strong>Cookies<\/strong><br \/>Lesen Sie unsere Cookie-Richtlinie, in der wir erkl\u00e4ren, wie sie auf unserer Website verwendet werden.<\/p>\r\n\r\n\r\n\r\n<p><strong>Geben wir irgendwelche Informationen an Dritte weiter?<\/strong><br \/>Wir werden Ihre personenbezogenen Daten nicht verkaufen, tauschen oder anderweitig an Dritte weitergeben. Davon ausgenommen sind vertrauensw\u00fcrdige Dritte, die uns beim Betrieb unserer Website, bei der Abwicklung unserer Gesch\u00e4fte oder bei der Erbringung von Dienstleistungen f\u00fcr Sie unterst\u00fctzen, sofern sich diese Parteien verpflichten, diese Informationen vertraulich zu behandeln. Wir k\u00f6nnen Ihre Daten auch weitergeben, wenn wir der Meinung sind, dass dies zur Einhaltung von Gesetzen, zur Durchsetzung unserer Website-Richtlinien oder zum Schutz unserer Rechte, unseres Eigentums oder der Sicherheit anderer angemessen ist. Nicht pers\u00f6nlich identifizierbare Besucherdaten k\u00f6nnen jedoch an andere Parteien f\u00fcr Marketing, Werbung oder andere Zwecke weitergegeben werden.<\/p>\r\n\r\n\r\n\r\n<p><strong>Nur Online-Datenschutzrichtlinie<\/strong><br \/>Diese Online-Datenschutzrichtlinie gilt nur f\u00fcr Informationen, die \u00fcber unsere Website gesammelt werden, und nicht f\u00fcr Informationen, die offline gesammelt werden.<\/p>\r\n\r\n\r\n\r\n<p><strong>Allgemeine Gesch\u00e4ftsbedingungen<\/strong><br \/>Bitte besuchen Sie unsere Allgemeinen Gesch\u00e4ftsbedingungen, in denen die Nutzung, die Haftungsausschl\u00fcsse und die Haftungsbeschr\u00e4nkungen f\u00fcr die Nutzung unserer Website festgelegt sind.<\/p>\r\n\r\n\r\n\r\n<p><strong>Zustimmung<\/strong><br \/>Durch die Nutzung unserer Website erkl\u00e4ren Sie sich mit den Datenschutzbestimmungen unserer Website einverstanden.<\/p>\r\n\r\n\r\n\r\n<p><strong>\u00c4nderungen<\/strong><br \/>Wenn wir uns entschlie\u00dfen, unsere Datenschutzrichtlinie zu \u00e4ndern, werden wir das Ver\u00f6ffentlichungsdatum dieses Dokuments aktualisieren.<\/p>\r\n\r\n\r\n\r\n<p><strong>Kontaktaufnahme mit uns<\/strong><br \/>Sollten Sie Fragen zu dieser Datenschutzerkl\u00e4rung haben, k\u00f6nnen Sie uns \u00fcber die auf unserer Kontaktseite verf\u00fcgbaren Mechanismen kontaktieren<\/p>\r\n","protected":false},"excerpt":{"rendered":"<p>Dieses Dokument wurde zuletzt am 21. April 2021 ge\u00e4ndert. \u00dcber diese Website werden personenbezogene Daten erhoben, die f\u00fcr die Verwaltung und den Betrieb einiger unserer Dienste erforderlich sind. Ungeachtet der&#8230;<\/p>\n","protected":false},"author":1,"featured_media":0,"parent":0,"menu_order":0,"comment_status":"closed","ping_status":"closed","template":"","meta":{"footnotes":""},"class_list":["post-1469","page","type-page","status-publish"],"yoast_head":"<!-- This site is optimized with the Yoast SEO plugin v27.2 - https:\/\/yoast.com\/product\/yoast-seo-wordpress\/ -->\n<title>Datenschutzbestimmungen - Sa Calma Boats<\/title>\n<meta name=\"robots\" content=\"index, follow, max-snippet:-1, max-image-preview:large, max-video-preview:-1\" \/>\n<link rel=\"canonical\" href=\"https:\/\/sacalmaboats.com\/de\/datenschutz-bestimmungen\" \/>\n<meta property=\"og:locale\" content=\"de_DE\" \/>\n<meta property=\"og:type\" content=\"article\" \/>\n<meta property=\"og:title\" content=\"Datenschutzbestimmungen - Sa Calma Boats\" \/>\n<meta property=\"og:description\" content=\"Dieses Dokument wurde zuletzt am 21. April 2021 ge\u00e4ndert. \u00dcber diese Website werden personenbezogene Daten erhoben, die f\u00fcr die Verwaltung und den Betrieb einiger unserer Dienste erforderlich sind. Ungeachtet der...\" \/>\n<meta property=\"og:url\" content=\"https:\/\/sacalmaboats.com\/de\/datenschutz-bestimmungen\" \/>\n<meta property=\"og:site_name\" content=\"Sa Calma Boats\" \/>\n<meta property=\"article:publisher\" content=\"https:\/\/www.facebook.com\/sacalmaboats\/\" \/>\n<meta property=\"article:modified_time\" content=\"2025-07-14T08:23:54+00:00\" \/>\n<meta property=\"og:image\" content=\"https:\/\/sacalmaboats.com\/wp-content\/uploads\/2025\/02\/cropped-3.png\" \/>\n\t<meta property=\"og:image:width\" content=\"512\" \/>\n\t<meta property=\"og:image:height\" content=\"512\" \/>\n\t<meta property=\"og:image:type\" content=\"image\/png\" \/>\n<meta name=\"twitter:card\" content=\"summary_large_image\" \/>\n<meta name=\"twitter:label1\" content=\"Gesch\u00e4tzte Lesezeit\" \/>\n\t<meta name=\"twitter:data1\" content=\"3\u00a0Minuten\" \/>\n<script type=\"application\/ld+json\" class=\"yoast-schema-graph\">{\"@context\":\"https:\/\/schema.org\",\"@graph\":[{\"@type\":\"WebPage\",\"@id\":\"https:\/\/sacalmaboats.com\/de\/datenschutz-bestimmungen\",\"url\":\"https:\/\/sacalmaboats.com\/de\/datenschutz-bestimmungen\",\"name\":\"Datenschutzbestimmungen - Sa Calma Boats\",\"isPartOf\":{\"@id\":\"https:\/\/sacalmaboats.com\/de#website\"},\"datePublished\":\"2025-02-03T18:18:49+00:00\",\"dateModified\":\"2025-07-14T08:23:54+00:00\",\"breadcrumb\":{\"@id\":\"https:\/\/sacalmaboats.com\/de\/datenschutz-bestimmungen#breadcrumb\"},\"inLanguage\":\"de\",\"potentialAction\":[{\"@type\":\"ReadAction\",\"target\":[\"https:\/\/sacalmaboats.com\/de\/datenschutz-bestimmungen\"]}]},{\"@type\":\"BreadcrumbList\",\"@id\":\"https:\/\/sacalmaboats.com\/de\/datenschutz-bestimmungen#breadcrumb\",\"itemListElement\":[{\"@type\":\"ListItem\",\"position\":1,\"name\":\"Portada\",\"item\":\"https:\/\/sacalmaboats.com\/de\/11-2\"},{\"@type\":\"ListItem\",\"position\":2,\"name\":\"Datenschutzbestimmungen\"}]},{\"@type\":\"WebSite\",\"@id\":\"https:\/\/sacalmaboats.com\/de#website\",\"url\":\"https:\/\/sacalmaboats.com\/de\",\"name\":\"Sa Calma Boats\",\"description\":\"Sa Calma Boats offers unforgettable adventures on Mallorca\u2019s stunning waters. From relaxing boat tours and thrilling speedboat rides to private charters, they provide tailored experiences for every occasion. With departures from Can Pastilla, Palma City, Arenal, and Andratx, guests can explore hidden coves, snorkel in crystal-clear waters, and visit iconic spots like Dragonera Island.\",\"publisher\":{\"@id\":\"https:\/\/sacalmaboats.com\/de#organization\"},\"alternateName\":\"Calma Boats\",\"potentialAction\":[{\"@type\":\"SearchAction\",\"target\":{\"@type\":\"EntryPoint\",\"urlTemplate\":\"https:\/\/sacalmaboats.com\/de?s={search_term_string}\"},\"query-input\":{\"@type\":\"PropertyValueSpecification\",\"valueRequired\":true,\"valueName\":\"search_term_string\"}}],\"inLanguage\":\"de\"},{\"@type\":\"Organization\",\"@id\":\"https:\/\/sacalmaboats.com\/de#organization\",\"name\":\"Sa Calma Boats\",\"alternateName\":\"Sa Calma Boats SL\",\"url\":\"https:\/\/sacalmaboats.com\/de\",\"logo\":{\"@type\":\"ImageObject\",\"inLanguage\":\"de\",\"@id\":\"https:\/\/sacalmaboats.com\/de#\/schema\/logo\/image\/\",\"url\":\"https:\/\/sacalmaboats.com\/wp-content\/uploads\/2025\/02\/3.png\",\"contentUrl\":\"https:\/\/sacalmaboats.com\/wp-content\/uploads\/2025\/02\/3.png\",\"width\":512,\"height\":512,\"caption\":\"Sa Calma Boats\"},\"image\":{\"@id\":\"https:\/\/sacalmaboats.com\/de#\/schema\/logo\/image\/\"},\"sameAs\":[\"https:\/\/www.facebook.com\/sacalmaboats\/\",\"https:\/\/instagram.com\/sacalmaboats\",\"https:\/\/www.tripadvisor.com\/Attraction_Review-g187463-d25232317-Reviews-Sa_Calma_Boats-Palma_de_Mallorca_Majorca_Balearic_Islands.html\"]}]}<\/script>\n<!-- \/ Yoast SEO plugin. -->","yoast_head_json":{"title":"Datenschutzbestimmungen - Sa Calma Boats","robots":{"index":"index","follow":"follow","max-snippet":"max-snippet:-1","max-image-preview":"max-image-preview:large","max-video-preview":"max-video-preview:-1"},"canonical":"https:\/\/sacalmaboats.com\/de\/datenschutz-bestimmungen","og_locale":"de_DE","og_type":"article","og_title":"Datenschutzbestimmungen - Sa Calma Boats","og_description":"Dieses Dokument wurde zuletzt am 21. April 2021 ge\u00e4ndert. \u00dcber diese Website werden personenbezogene Daten erhoben, die f\u00fcr die Verwaltung und den Betrieb einiger unserer Dienste erforderlich sind. Ungeachtet der...","og_url":"https:\/\/sacalmaboats.com\/de\/datenschutz-bestimmungen","og_site_name":"Sa Calma Boats","article_publisher":"https:\/\/www.facebook.com\/sacalmaboats\/","article_modified_time":"2025-07-14T08:23:54+00:00","og_image":[{"width":512,"height":512,"url":"https:\/\/sacalmaboats.com\/wp-content\/uploads\/2025\/02\/cropped-3.png","type":"image\/png"}],"twitter_card":"summary_large_image","twitter_misc":{"Gesch\u00e4tzte Lesezeit":"3\u00a0Minuten"},"schema":{"@context":"https:\/\/schema.org","@graph":[{"@type":"WebPage","@id":"https:\/\/sacalmaboats.com\/de\/datenschutz-bestimmungen","url":"https:\/\/sacalmaboats.com\/de\/datenschutz-bestimmungen","name":"Datenschutzbestimmungen - Sa Calma Boats","isPartOf":{"@id":"https:\/\/sacalmaboats.com\/de#website"},"datePublished":"2025-02-03T18:18:49+00:00","dateModified":"2025-07-14T08:23:54+00:00","breadcrumb":{"@id":"https:\/\/sacalmaboats.com\/de\/datenschutz-bestimmungen#breadcrumb"},"inLanguage":"de","potentialAction":[{"@type":"ReadAction","target":["https:\/\/sacalmaboats.com\/de\/datenschutz-bestimmungen"]}]},{"@type":"BreadcrumbList","@id":"https:\/\/sacalmaboats.com\/de\/datenschutz-bestimmungen#breadcrumb","itemListElement":[{"@type":"ListItem","position":1,"name":"Portada","item":"https:\/\/sacalmaboats.com\/de\/11-2"},{"@type":"ListItem","position":2,"name":"Datenschutzbestimmungen"}]},{"@type":"WebSite","@id":"https:\/\/sacalmaboats.com\/de#website","url":"https:\/\/sacalmaboats.com\/de","name":"Sa Calma Boats","description":"Sa Calma Boats offers unforgettable adventures on Mallorca\u2019s stunning waters. From relaxing boat tours and thrilling speedboat rides to private charters, they provide tailored experiences for every occasion. With departures from Can Pastilla, Palma City, Arenal, and Andratx, guests can explore hidden coves, snorkel in crystal-clear waters, and visit iconic spots like Dragonera Island.","publisher":{"@id":"https:\/\/sacalmaboats.com\/de#organization"},"alternateName":"Calma Boats","potentialAction":[{"@type":"SearchAction","target":{"@type":"EntryPoint","urlTemplate":"https:\/\/sacalmaboats.com\/de?s={search_term_string}"},"query-input":{"@type":"PropertyValueSpecification","valueRequired":true,"valueName":"search_term_string"}}],"inLanguage":"de"},{"@type":"Organization","@id":"https:\/\/sacalmaboats.com\/de#organization","name":"Sa Calma Boats","alternateName":"Sa Calma Boats SL","url":"https:\/\/sacalmaboats.com\/de","logo":{"@type":"ImageObject","inLanguage":"de","@id":"https:\/\/sacalmaboats.com\/de#\/schema\/logo\/image\/","url":"https:\/\/sacalmaboats.com\/wp-content\/uploads\/2025\/02\/3.png","contentUrl":"https:\/\/sacalmaboats.com\/wp-content\/uploads\/2025\/02\/3.png","width":512,"height":512,"caption":"Sa Calma Boats"},"image":{"@id":"https:\/\/sacalmaboats.com\/de#\/schema\/logo\/image\/"},"sameAs":["https:\/\/www.facebook.com\/sacalmaboats\/","https:\/\/instagram.com\/sacalmaboats","https:\/\/www.tripadvisor.com\/Attraction_Review-g187463-d25232317-Reviews-Sa_Calma_Boats-Palma_de_Mallorca_Majorca_Balearic_Islands.html"]}]}},"_links":{"self":[{"href":"https:\/\/sacalmaboats.com\/de\/wp-json\/wp\/v2\/pages\/1469","targetHints":{"allow":["GET"]}}],"collection":[{"href":"https:\/\/sacalmaboats.com\/de\/wp-json\/wp\/v2\/pages"}],"about":[{"href":"https:\/\/sacalmaboats.com\/de\/wp-json\/wp\/v2\/types\/page"}],"author":[{"embeddable":true,"href":"https:\/\/sacalmaboats.com\/de\/wp-json\/wp\/v2\/users\/1"}],"replies":[{"embeddable":true,"href":"https:\/\/sacalmaboats.com\/de\/wp-json\/wp\/v2\/comments?post=1469"}],"version-history":[{"count":2,"href":"https:\/\/sacalmaboats.com\/de\/wp-json\/wp\/v2\/pages\/1469\/revisions"}],"predecessor-version":[{"id":4026,"href":"https:\/\/sacalmaboats.com\/de\/wp-json\/wp\/v2\/pages\/1469\/revisions\/4026"}],"wp:attachment":[{"href":"https:\/\/sacalmaboats.com\/de\/wp-json\/wp\/v2\/media?parent=1469"}],"curies":[{"name":"wp","href":"https:\/\/api.w.org\/{rel}","templated":true}]}}