{"id":1507,"date":"2025-02-03T18:20:43","date_gmt":"2025-02-03T18:20:43","guid":{"rendered":"https:\/\/sacalmaboats.comcookie-policy"},"modified":"2025-07-11T12:13:57","modified_gmt":"2025-07-11T12:13:57","slug":"cookies-richtlinie","status":"publish","type":"page","link":"https:\/\/sacalmaboats.com\/de\/cookies-richtlinie","title":{"rendered":"Cookie-Richtlinie"},"content":{"rendered":"\r\n<p><em>Dieses Dokument wurde zuletzt am 21. April 2021 ge\u00e4ndert.<\/em><\/p>\r\n\r\n\r\n\r\n<p>Ein Cookie ist eine Datei, die auf Ihren Computer heruntergeladen wird, wenn Sie auf bestimmte Webseiten zugreifen. Cookies erm\u00f6glichen es einer Website unter anderem, Informationen \u00fcber die Surfgewohnheiten eines Benutzers oder seines Ger\u00e4ts zu speichern und abzurufen, und k\u00f6nnen je nach den enthaltenen Informationen und der Art und Weise, wie er seinen Computer benutzt, zur Wiedererkennung des Benutzers verwendet werden. Der Browser des Benutzers speichert Cookies nur w\u00e4hrend der aktuellen Sitzung auf der Festplatte und belegt dabei nur ein Minimum an Speicherplatz, so dass der Computer nicht besch\u00e4digt wird. Cookies enthalten keine spezifischen pers\u00f6nlichen Informationen und die meisten von ihnen werden am Ende der Browser-Sitzung von der Festplatte gel\u00f6scht (so genannte Session-Cookies).<\/p>\r\n\r\n\r\n\r\n<p>Die meisten Browser akzeptieren Cookies standardm\u00e4\u00dfig und erlauben oder verhindern unabh\u00e4ngig davon tempor\u00e4re oder gespeicherte Cookies in ihren Sicherheitseinstellungen.<\/p>\r\n\r\n\r\n\r\n<p>Ohne Ihre Zustimmung (durch Aktivierung von Cookies in Ihrem Browser) werden die bei der Registrierung oder beim Kauf angegebenen pers\u00f6nlichen Daten nicht mit den in Cookies gespeicherten Daten verkn\u00fcpft.<\/p>\r\n\r\n\r\n\r\n<p><br \/><strong>Arten von Cookies<\/strong><\/p>\r\n\r\n\r\n\r\n<ul class=\"wp-block-list\">\r\n<li>Technische Cookies: Diejenigen, die es dem Benutzer erm\u00f6glichen, durch eine Website, Plattform oder Anwendung zu navigieren und die verschiedenen verf\u00fcgbaren Optionen oder Dienste zu nutzen, wie z.B. die Kontrolle des Datenverkehrs und der Kommunikation, die Identifizierung der Sitzung, den Zugang zu eingeschr\u00e4nkten Bereichen, die Erinnerung an die Elemente einer Bestellung, das Auschecken, die Beantragung einer Registrierung oder die Teilnahme an einer Veranstaltung, die Nutzung von Sicherheitsfunktionen beim Surfen, die Speicherung von Inhalten bei der \u00dcbertragung von Videos oder Ton oder das Teilen von Inhalten \u00fcber soziale Netzwerke.<\/li>\r\n\r\n\r\n\r\n<li>Anpassungs-Cookies: Diejenigen, die es dem Benutzer erm\u00f6glichen, auf den Dienst mit einigen allgemeinen Funktionen zuzugreifen, basierend auf einer vordefinierten Reihe von Kriterien im Benutzerterminal, wie z.B. der Sprache, dem Browsertyp, der f\u00fcr den Zugriff auf den Dienst verwendet wird, den regionalen Einstellungen (Gebietsschema), die f\u00fcr den Zugriff auf den Dienst verwendet werden, usw.<\/li>\r\n\r\n\r\n\r\n<li>Analyse-Cookies: Diejenigen, die entweder von uns oder von Dritten gesetzt werden, erm\u00f6glichen es uns, die Anzahl der Nutzer zu quantifizieren und somit die Nutzung der angebotenen Dienste durch die Nutzer zu messen und statistisch zu analysieren. Wir analysieren, wie Nutzer auf unserer Website surfen, um die von uns angebotenen Produkte und Dienstleistungen zu verbessern.<\/li>\r\n\r\n\r\n\r\n<li>Werbe-Cookies: Diejenigen, die entweder von uns oder von Dritten gesetzt werden, erm\u00f6glichen es uns, die Menge der Werbefl\u00e4chen auf der Website so effektiv wie m\u00f6glich zu verwalten und den Inhalt der angeforderten Anzeige an den Inhalt des angeforderten Dienstes oder die Nutzung unserer Website anzupassen. Wir analysieren Ihre Surfgewohnheiten im Internet, damit wir Ihnen Werbung anzeigen k\u00f6nnen, die zu Ihrem Navigationsprofil passt.<\/li>\r\n\r\n\r\n\r\n<li>Cookies f\u00fcr verhaltensbasierte Werbung: Cookies, die eine m\u00f6glichst effiziente Verwaltung der Werbefl\u00e4chen erm\u00f6glichen, die der Herausgeber auf einer Website, einer Anwendung oder einer Plattform f\u00fcr die Bereitstellung des angeforderten Dienstes eingerichtet hat. Diese Cookies speichern Informationen \u00fcber das Verhalten des Nutzers, die durch die kontinuierliche Beobachtung seiner Surfgewohnheiten gewonnen werden, und erm\u00f6glichen es, ein spezifisches Profil zu erstellen, um darauf basierend Werbung anzuzeigen.<\/li>\r\n\r\n\r\n\r\n<li>Cookies von Dritten: Diese Website kann Dienste Dritter in Anspruch nehmen, die in ihrem Namen Informationen \u00fcber die Nutzung der Website durch den Benutzer zu statistischen Zwecken zusammenstellen und andere Dienste im Zusammenhang mit der Aktivit\u00e4t dieser Website und anderen Internetdiensten anbieten.<\/li>\r\n<\/ul>\r\n\r\n\r\n\r\n<p><br \/><strong>Verwendete Cookies von Drittanbietern<\/strong><br \/>Diese Website benutzt insbesondere Google Analytics, einen Webanalysedienst der Google Inc. mit Sitz in den Vereinigten Staaten, 1600 Amphitheatre Parkway, Mountain View, California 94043. Um diese Dienste bereitzustellen, werden Cookies verwendet, um Informationen zu sammeln, einschlie\u00dflich der IP-Adresse des Nutzers, die von Google unter den auf der Website angegebenen Bedingungen \u00fcbertragen, verarbeitet und gespeichert werden, einschlie\u00dflich der m\u00f6glichen \u00dcbertragung dieser Informationen an Dritte, wenn dies gesetzlich vorgeschrieben ist oder wenn diese Dritten die Informationen im Auftrag von Google verarbeiten.<\/p>\r\n\r\n\r\n\r\n<figure class=\"wp-block-table\">\r\n<table class=\"has-fixed-layout\">\r\n<tbody>\r\n<tr>\r\n<td>Name des Cookies<\/td>\r\n<td>Gesti\u00f3n<\/td>\r\n<td>Beschreibung<\/td>\r\n<\/tr>\r\n<tr>\r\n<td>sessionid<\/td>\r\n<td>Propia<\/td>\r\n<td>Sie k\u00f6nnen den Prozess der Reservierung von Aktivit\u00e4ten im Internet durchf\u00fchren. Konservierung: Bis zur Beendigung der Sitzung<\/td>\r\n<\/tr>\r\n<tr>\r\n<td>csrftoken<\/td>\r\n<td>Propia<\/td>\r\n<td>Dient als Authentifizierung w\u00e4hrend der Sitzung, um Formulare zu validieren. Konservierung: Hasta el cierre de sesi\u00f3n<\/td>\r\n<\/tr>\r\n<tr>\r\n<td>django_language<\/td>\r\n<td>Propia<\/td>\r\n<td>Almacena el idioma por defecto del usuario para facilitar la carga de contenido en dicho idioma. Conservaci\u00f3n: 12 meses<\/td>\r\n<\/tr>\r\n<tr>\r\n<td>django_privacy<\/td>\r\n<td>Propia<\/td>\r\n<td>Erlauben es zu erkennen, ob die Cookie-Meldung dem Benutzer angezeigt werden soll oder nicht. Konservierung: 12 meses<\/td>\r\n<\/tr>\r\n<tr>\r\n<td>_ga<\/td>\r\n<td>Terceros<\/td>\r\n<td><a href=\"https:\/\/developers.google.com\/analytics\/devguides\/collection\/analyticsjs\/cookie-usage\" target=\"_blank\" rel=\"noreferrer noopener\">Google Analytics:<\/a> Kontrolle der Besuche<\/td>\r\n<\/tr>\r\n<tr>\r\n<td>_gid<\/td>\r\n<td>Terceros<\/td>\r\n<td><a href=\"https:\/\/developers.google.com\/analytics\/devguides\/collection\/analyticsjs\/cookie-usage\" target=\"_blank\" rel=\"noreferrer noopener\">Google Analytics:<\/a> Distinci\u00f3n de usuarios. Konservierung: 24 horas<\/td>\r\n<\/tr>\r\n<tr>\r\n<td>_gat<\/td>\r\n<td>Terceros<\/td>\r\n<td><a href=\"https:\/\/developers.google.com\/analytics\/devguides\/collection\/analyticsjs\/cookie-usage\" target=\"_blank\" rel=\"noreferrer noopener\">Google Analytics:<\/a> Limitaci\u00f3n de datos. Konservierung: 10 Minuten<\/td>\r\n<\/tr>\r\n<tr>\r\n<td>NID<\/td>\r\n<td>Terceros<\/td>\r\n<td><a href=\"https:\/\/developers.google.com\/analytics\/devguides\/collection\/analyticsjs\/cookie-usage\" target=\"_blank\" rel=\"noreferrer noopener\">Google Analytics:<\/a> Recoge informaci\u00f3n de las cookies. Aufbewahrung: 6 meses<\/td>\r\n<\/tr>\r\n<tr>\r\n<td>__cfduid<\/td>\r\n<td>Terceros<\/td>\r\n<td><a href=\"https:\/\/support.cloudflare.com\/hc\/en-us\/articles\/200170156-Understanding-the-Cloudflare-Cookies\" target=\"_blank\" rel=\"noreferrer noopener\">Cloudflare:<\/a> Identifica tr\u00e1fico web de confianza. No corresponde a ning\u00fan id de usuario en la aplicaci\u00f3n web, ni guarda ning\u00fan dato personal identificable<\/td>\r\n<\/tr>\r\n<\/tbody>\r\n<\/table>\r\n<\/figure>\r\n\r\n\r\n\r\n<p><br \/><strong>Zustimmung<\/strong><br \/>Durch die Nutzung dieser Website erkl\u00e4rt sich der Nutzer ausdr\u00fccklich mit der Behandlung der auf die oben genannte Weise und zu den oben genannten Zwecken erhaltenen Informationen einverstanden. Der Nutzer erkennt auch die M\u00f6glichkeit an, die Verarbeitung solcher Daten oder Informationen zu verweigern, indem er die Verwendung von Cookies ablehnt, indem er die entsprechenden Einstellungen in seinem Browser zu diesem Zweck w\u00e4hlt.<\/p>\r\n\r\n\r\n\r\n<p><br \/><strong>Verwaltung von Cookies<\/strong><br \/>Sie k\u00f6nnen auf Ihrem Computer installierte Cookies zulassen, blockieren oder l\u00f6schen, indem Sie die Optionen des auf Ihrem Computer installierten Browsers konfigurieren:<\/p>\r\n\r\n\r\n\r\n<p><a href=\"https:\/\/support.google.com\/chrome\/answer\/95647?hl=en\">Google Chrome<\/a><br \/><a href=\"http:\/\/windows.microsoft.com\/en-us\/windows7\/how-to-manage-cookies-in-internet-explorer-9\">Internet Explorer<\/a><br \/><a href=\"https:\/\/support.mozilla.org\/en-US\/kb\/enable-and-disable-cookies-website-preferences\">Mozilla Firefox<\/a><br \/><a href=\"https:\/\/support.apple.com\/kb\/PH19214?locale=en_US\">Apple Safari<\/a><br \/><a href=\"https:\/\/www.opera.com\/help\/tutorials\/security\/cookies\/\">Opera Browser<\/a><\/p>\r\n\r\n\r\n\r\n<p><br \/><strong>\u00c4nderungen<\/strong><br \/>Wenn wir uns entscheiden, unsere Cookie-Richtlinie zu \u00e4ndern, werden wir das Ver\u00f6ffentlichungsdatum dieses Dokuments aktualisieren.<\/p>\r\n\r\n\r\n\r\n<p><br \/><strong>Kontaktaufnahme mit uns<\/strong><br \/>Sollten Sie Fragen zu dieser Cookie-Richtlinie haben, k\u00f6nnen Sie uns \u00fcber die auf unserer Kontaktseite verf\u00fcgbaren Mechanismen kontaktieren<\/p>\r\n","protected":false},"excerpt":{"rendered":"<p>Dieses Dokument wurde zuletzt am 21. April 2021 ge\u00e4ndert. Ein Cookie ist eine Datei, die auf Ihren Computer heruntergeladen wird, wenn Sie auf bestimmte Webseiten zugreifen. Cookies erm\u00f6glichen es einer&#8230;<\/p>\n","protected":false},"author":1,"featured_media":0,"parent":0,"menu_order":0,"comment_status":"closed","ping_status":"closed","template":"","meta":{"footnotes":""},"class_list":["post-1507","page","type-page","status-publish"],"yoast_head":"<!-- This site is optimized with the Yoast SEO plugin v27.5 - https:\/\/yoast.com\/product\/yoast-seo-wordpress\/ -->\n<title>Cookie-Richtlinie - Sa Calma Boats<\/title>\n<meta name=\"robots\" content=\"index, follow, max-snippet:-1, max-image-preview:large, max-video-preview:-1\" \/>\n<link rel=\"canonical\" href=\"https:\/\/sacalmaboats.com\/de\/cookies-richtlinie\" \/>\n<meta property=\"og:locale\" content=\"de_DE\" \/>\n<meta property=\"og:type\" content=\"article\" \/>\n<meta property=\"og:title\" content=\"Cookie-Richtlinie - Sa Calma Boats\" \/>\n<meta property=\"og:description\" content=\"Dieses Dokument wurde zuletzt am 21. April 2021 ge\u00e4ndert. Ein Cookie ist eine Datei, die auf Ihren Computer heruntergeladen wird, wenn Sie auf bestimmte Webseiten zugreifen. Cookies erm\u00f6glichen es einer...\" \/>\n<meta property=\"og:url\" content=\"https:\/\/sacalmaboats.com\/de\/cookies-richtlinie\" \/>\n<meta property=\"og:site_name\" content=\"Sa Calma Boats\" \/>\n<meta property=\"article:publisher\" content=\"https:\/\/www.facebook.com\/sacalmaboats\/\" \/>\n<meta property=\"article:modified_time\" content=\"2025-07-11T12:13:57+00:00\" \/>\n<meta property=\"og:image\" content=\"https:\/\/sacalmaboats.com\/wp-content\/uploads\/2025\/02\/cropped-3.png\" \/>\n\t<meta property=\"og:image:width\" content=\"512\" \/>\n\t<meta property=\"og:image:height\" content=\"512\" \/>\n\t<meta property=\"og:image:type\" content=\"image\/png\" \/>\n<meta name=\"twitter:card\" content=\"summary_large_image\" \/>\n<meta name=\"twitter:label1\" content=\"Gesch\u00e4tzte Lesezeit\" \/>\n\t<meta name=\"twitter:data1\" content=\"4\u00a0Minuten\" \/>\n<script type=\"application\/ld+json\" class=\"yoast-schema-graph\">{\"@context\":\"https:\\\/\\\/schema.org\",\"@graph\":[{\"@type\":\"WebPage\",\"@id\":\"https:\\\/\\\/sacalmaboats.com\\\/de\\\/cookies-richtlinie\",\"url\":\"https:\\\/\\\/sacalmaboats.com\\\/de\\\/cookies-richtlinie\",\"name\":\"Cookie-Richtlinie - Sa Calma Boats\",\"isPartOf\":{\"@id\":\"https:\\\/\\\/sacalmaboats.com\\\/de#website\"},\"datePublished\":\"2025-02-03T18:20:43+00:00\",\"dateModified\":\"2025-07-11T12:13:57+00:00\",\"breadcrumb\":{\"@id\":\"https:\\\/\\\/sacalmaboats.com\\\/de\\\/cookies-richtlinie#breadcrumb\"},\"inLanguage\":\"de\",\"potentialAction\":[{\"@type\":\"ReadAction\",\"target\":[\"https:\\\/\\\/sacalmaboats.com\\\/de\\\/cookies-richtlinie\"]}]},{\"@type\":\"BreadcrumbList\",\"@id\":\"https:\\\/\\\/sacalmaboats.com\\\/de\\\/cookies-richtlinie#breadcrumb\",\"itemListElement\":[{\"@type\":\"ListItem\",\"position\":1,\"name\":\"Portada\",\"item\":\"https:\\\/\\\/sacalmaboats.com\\\/de\\\/11-2\"},{\"@type\":\"ListItem\",\"position\":2,\"name\":\"Cookie-Richtlinie\"}]},{\"@type\":\"WebSite\",\"@id\":\"https:\\\/\\\/sacalmaboats.com\\\/de#website\",\"url\":\"https:\\\/\\\/sacalmaboats.com\\\/de\",\"name\":\"Sa Calma Boats\",\"description\":\"Sa Calma Boats offers unforgettable adventures on Mallorca\u2019s stunning waters. From relaxing boat tours and thrilling speedboat rides to private charters, they provide tailored experiences for every occasion. With departures from Can Pastilla, Palma City, Arenal, and Andratx, guests can explore hidden coves, snorkel in crystal-clear waters, and visit iconic spots like Dragonera Island.\",\"publisher\":{\"@id\":\"https:\\\/\\\/sacalmaboats.com\\\/de#organization\"},\"alternateName\":\"Calma Boats\",\"potentialAction\":[{\"@type\":\"SearchAction\",\"target\":{\"@type\":\"EntryPoint\",\"urlTemplate\":\"https:\\\/\\\/sacalmaboats.com\\\/de?s={search_term_string}\"},\"query-input\":{\"@type\":\"PropertyValueSpecification\",\"valueRequired\":true,\"valueName\":\"search_term_string\"}}],\"inLanguage\":\"de\"},{\"@type\":\"Organization\",\"@id\":\"https:\\\/\\\/sacalmaboats.com\\\/de#organization\",\"name\":\"Sa Calma Boats\",\"alternateName\":\"Sa Calma Boats SL\",\"url\":\"https:\\\/\\\/sacalmaboats.com\\\/de\",\"logo\":{\"@type\":\"ImageObject\",\"inLanguage\":\"de\",\"@id\":\"https:\\\/\\\/sacalmaboats.com\\\/de#\\\/schema\\\/logo\\\/image\\\/\",\"url\":\"https:\\\/\\\/sacalmaboats.com\\\/wp-content\\\/uploads\\\/2025\\\/02\\\/3.png\",\"contentUrl\":\"https:\\\/\\\/sacalmaboats.com\\\/wp-content\\\/uploads\\\/2025\\\/02\\\/3.png\",\"width\":512,\"height\":512,\"caption\":\"Sa Calma Boats\"},\"image\":{\"@id\":\"https:\\\/\\\/sacalmaboats.com\\\/de#\\\/schema\\\/logo\\\/image\\\/\"},\"sameAs\":[\"https:\\\/\\\/www.facebook.com\\\/sacalmaboats\\\/\",\"https:\\\/\\\/instagram.com\\\/sacalmaboats\",\"https:\\\/\\\/www.tripadvisor.com\\\/Attraction_Review-g187463-d25232317-Reviews-Sa_Calma_Boats-Palma_de_Mallorca_Majorca_Balearic_Islands.html\"]}]}<\/script>\n<!-- \/ Yoast SEO plugin. -->","yoast_head_json":{"title":"Cookie-Richtlinie - Sa Calma Boats","robots":{"index":"index","follow":"follow","max-snippet":"max-snippet:-1","max-image-preview":"max-image-preview:large","max-video-preview":"max-video-preview:-1"},"canonical":"https:\/\/sacalmaboats.com\/de\/cookies-richtlinie","og_locale":"de_DE","og_type":"article","og_title":"Cookie-Richtlinie - Sa Calma Boats","og_description":"Dieses Dokument wurde zuletzt am 21. April 2021 ge\u00e4ndert. Ein Cookie ist eine Datei, die auf Ihren Computer heruntergeladen wird, wenn Sie auf bestimmte Webseiten zugreifen. Cookies erm\u00f6glichen es einer...","og_url":"https:\/\/sacalmaboats.com\/de\/cookies-richtlinie","og_site_name":"Sa Calma Boats","article_publisher":"https:\/\/www.facebook.com\/sacalmaboats\/","article_modified_time":"2025-07-11T12:13:57+00:00","og_image":[{"width":512,"height":512,"url":"https:\/\/sacalmaboats.com\/wp-content\/uploads\/2025\/02\/cropped-3.png","type":"image\/png"}],"twitter_card":"summary_large_image","twitter_misc":{"Gesch\u00e4tzte Lesezeit":"4\u00a0Minuten"},"schema":{"@context":"https:\/\/schema.org","@graph":[{"@type":"WebPage","@id":"https:\/\/sacalmaboats.com\/de\/cookies-richtlinie","url":"https:\/\/sacalmaboats.com\/de\/cookies-richtlinie","name":"Cookie-Richtlinie - Sa Calma Boats","isPartOf":{"@id":"https:\/\/sacalmaboats.com\/de#website"},"datePublished":"2025-02-03T18:20:43+00:00","dateModified":"2025-07-11T12:13:57+00:00","breadcrumb":{"@id":"https:\/\/sacalmaboats.com\/de\/cookies-richtlinie#breadcrumb"},"inLanguage":"de","potentialAction":[{"@type":"ReadAction","target":["https:\/\/sacalmaboats.com\/de\/cookies-richtlinie"]}]},{"@type":"BreadcrumbList","@id":"https:\/\/sacalmaboats.com\/de\/cookies-richtlinie#breadcrumb","itemListElement":[{"@type":"ListItem","position":1,"name":"Portada","item":"https:\/\/sacalmaboats.com\/de\/11-2"},{"@type":"ListItem","position":2,"name":"Cookie-Richtlinie"}]},{"@type":"WebSite","@id":"https:\/\/sacalmaboats.com\/de#website","url":"https:\/\/sacalmaboats.com\/de","name":"Sa Calma Boats","description":"Sa Calma Boats offers unforgettable adventures on Mallorca\u2019s stunning waters. From relaxing boat tours and thrilling speedboat rides to private charters, they provide tailored experiences for every occasion. With departures from Can Pastilla, Palma City, Arenal, and Andratx, guests can explore hidden coves, snorkel in crystal-clear waters, and visit iconic spots like Dragonera Island.","publisher":{"@id":"https:\/\/sacalmaboats.com\/de#organization"},"alternateName":"Calma Boats","potentialAction":[{"@type":"SearchAction","target":{"@type":"EntryPoint","urlTemplate":"https:\/\/sacalmaboats.com\/de?s={search_term_string}"},"query-input":{"@type":"PropertyValueSpecification","valueRequired":true,"valueName":"search_term_string"}}],"inLanguage":"de"},{"@type":"Organization","@id":"https:\/\/sacalmaboats.com\/de#organization","name":"Sa Calma Boats","alternateName":"Sa Calma Boats SL","url":"https:\/\/sacalmaboats.com\/de","logo":{"@type":"ImageObject","inLanguage":"de","@id":"https:\/\/sacalmaboats.com\/de#\/schema\/logo\/image\/","url":"https:\/\/sacalmaboats.com\/wp-content\/uploads\/2025\/02\/3.png","contentUrl":"https:\/\/sacalmaboats.com\/wp-content\/uploads\/2025\/02\/3.png","width":512,"height":512,"caption":"Sa Calma Boats"},"image":{"@id":"https:\/\/sacalmaboats.com\/de#\/schema\/logo\/image\/"},"sameAs":["https:\/\/www.facebook.com\/sacalmaboats\/","https:\/\/instagram.com\/sacalmaboats","https:\/\/www.tripadvisor.com\/Attraction_Review-g187463-d25232317-Reviews-Sa_Calma_Boats-Palma_de_Mallorca_Majorca_Balearic_Islands.html"]}]}},"_links":{"self":[{"href":"https:\/\/sacalmaboats.com\/de\/wp-json\/wp\/v2\/pages\/1507","targetHints":{"allow":["GET"]}}],"collection":[{"href":"https:\/\/sacalmaboats.com\/de\/wp-json\/wp\/v2\/pages"}],"about":[{"href":"https:\/\/sacalmaboats.com\/de\/wp-json\/wp\/v2\/types\/page"}],"author":[{"embeddable":true,"href":"https:\/\/sacalmaboats.com\/de\/wp-json\/wp\/v2\/users\/1"}],"replies":[{"embeddable":true,"href":"https:\/\/sacalmaboats.com\/de\/wp-json\/wp\/v2\/comments?post=1507"}],"version-history":[{"count":2,"href":"https:\/\/sacalmaboats.com\/de\/wp-json\/wp\/v2\/pages\/1507\/revisions"}],"predecessor-version":[{"id":3950,"href":"https:\/\/sacalmaboats.com\/de\/wp-json\/wp\/v2\/pages\/1507\/revisions\/3950"}],"wp:attachment":[{"href":"https:\/\/sacalmaboats.com\/de\/wp-json\/wp\/v2\/media?parent=1507"}],"curies":[{"name":"wp","href":"https:\/\/api.w.org\/{rel}","templated":true}]}}