{"id":1515,"date":"2025-02-03T18:19:25","date_gmt":"2025-02-03T18:19:25","guid":{"rendered":"https:\/\/sacalmaboats.comterms-and-conditions"},"modified":"2025-02-19T20:18:17","modified_gmt":"2025-02-19T20:18:17","slug":"terms-and-conditions","status":"publish","type":"page","link":"https:\/\/sacalmaboats.com\/de\/terms-and-conditions","title":{"rendered":"Bedingungen und Konditionen"},"content":{"rendered":"\n<p><em>Dieses Dokument wurde zuletzt am 21. April 2021 ge\u00e4ndert.<\/em><\/p>\n\n<p>Bitte lesen Sie diese Nutzungsbedingungen vollst\u00e4ndig durch, bevor Sie diese Website nutzen, die Eigentum von sa calma boats ist und von ihr betrieben wird. Dieses Dokument dokumentiert die rechtsverbindlichen Bedingungen f\u00fcr die Nutzung dieser Website.<\/p>\n\n<p>Indem Sie diese Website in irgendeiner Weise nutzen oder darauf zugreifen, ihre Inhalte ansehen oder durchsuchen oder ihr eigene Inhalte hinzuf\u00fcgen, erkl\u00e4ren Sie sich mit diesen Nutzungsbedingungen einverstanden.<\/p>\n\n<p><strong>Geistiges Eigentum<\/strong><br\/>Diese Website und ihr gesamter Originalinhalt sind das alleinige Eigentum des Eigent\u00fcmers und als solches vollst\u00e4ndig durch die entsprechenden internationalen Gesetze zum Urheberrecht und zu anderen geistigen Eigentumsrechten gesch\u00fctzt. Alle Inhalte Dritter geh\u00f6ren ihren jeweiligen Eigent\u00fcmern und ihre Nutzung und ihr Schutz werden durch die jeweiligen Nutzungsbedingungen geregelt. <\/p>\n\n<p><strong>Beendigung<\/strong><br\/>Wir behalten uns das Recht vor, Ihren Zugang zur Website ohne Vorank\u00fcndigung zu beenden.<\/p>\n\n<p><strong>Links zu anderen Websites<\/strong><br\/>Unsere Website enth\u00e4lt eine Reihe von Links zu anderen Websites und Online-Ressourcen, die sich nicht in unserem Besitz befinden oder von uns kontrolliert werden. Wir haben keine Kontrolle \u00fcber den Inhalt oder die allgemeinen Praktiken dieser Websites und\/oder Dienste Dritter und k\u00f6nnen daher auch keine Verantwortung daf\u00fcr \u00fcbernehmen. Wir raten Ihnen daher dringend, die gesamten Gesch\u00e4ftsbedingungen und Datenschutzrichtlinien jeder Website zu lesen, die Sie besuchen, wenn Sie einem Link auf unserer Website folgen.  <\/p>\n\n<p><strong>Geltendes Recht<\/strong><br\/>Diese Vereinbarung unterliegt den Gesetzen Spaniens.<\/p>\n\n<p><strong>Zustimmung<\/strong><br\/>Durch die Nutzung unserer Website erkl\u00e4ren Sie sich mit den Nutzungsbedingungen unserer Website einverstanden.<\/p>\n\n<p><strong>\u00c4nderungen<\/strong><br\/>Wir behalten uns das Recht vor, diese Servicebedingungen jederzeit zu \u00e4ndern. Wir tun dies, indem wir die aktualisierten Bedingungen auf der Website ver\u00f6ffentlichen und darauf hinweisen. Ihre Entscheidung, unsere Website auch nach solchen \u00c4nderungen weiterhin zu besuchen und zu nutzen, stellt Ihre formale Zustimmung zu den neuen Nutzungsbedingungen dar. Wir bitten Sie daher, diese Vereinbarung von Zeit zu Zeit auf solche \u00c4nderungen hin zu \u00fcberpr\u00fcfen und zu kontrollieren. Sollten Sie mit einer Bestimmung dieses Dokuments oder mit \u00c4nderungen, die wir daran vornehmen, nicht einverstanden sein, bitten wir Sie und raten Ihnen, die Website sofort nicht mehr zu nutzen oder weiter darauf zuzugreifen.    <\/p>\n\n<p><strong>Kontaktaufnahme mit uns<\/strong><br\/>Wenn Sie Fragen zu diesen Bedingungen haben, k\u00f6nnen Sie uns \u00fcber die auf unserer Kontaktseite verf\u00fcgbaren Mechanismen kontaktieren.<\/p>\n\n<p>Erstattungs- und Stornierungsbedingungen<\/p>\n\n<p>Der Kunde kann seine Reservierung bis zu 24 Stunden im Voraus stornieren und erh\u00e4lt eine volle R\u00fcckerstattung.<\/p>\n\n<p>Die Routen und Zeitpl\u00e4ne der Aktivit\u00e4ten k\u00f6nnen aus wetterbedingten und\/oder technischen Gr\u00fcnden beeintr\u00e4chtigt oder sogar ausgesetzt werden, ohne dass ein Anspruch auf Entsch\u00e4digung besteht. Wann immer m\u00f6glich, wird ein Ersatztag angeboten.   <\/p>\n\n<p>Der Skipper des Bootes wird die Entscheidung treffen, ob er den Kunden aus Gr\u00fcnden der Sicherheit bei der Aktivit\u00e4t (Hautfarbe\/Alter, Wetter, Behinderung oder Schwangerschaft) akzeptiert oder ablehnt.<\/p>\n","protected":false},"excerpt":{"rendered":"<p>Dieses Dokument wurde zuletzt am 21. April 2021 ge\u00e4ndert. Bitte lesen Sie diese Nutzungsbedingungen vollst\u00e4ndig durch, bevor Sie diese Website nutzen, die Eigentum von sa calma boats ist und von&#8230;<\/p>\n","protected":false},"author":1,"featured_media":0,"parent":0,"menu_order":0,"comment_status":"closed","ping_status":"closed","template":"","meta":{"footnotes":""},"class_list":["post-1515","page","type-page","status-publish"],"yoast_head":"<!-- This site is optimized with the Yoast SEO plugin v27.2 - https:\/\/yoast.com\/product\/yoast-seo-wordpress\/ -->\n<title>Bedingungen und Konditionen - Sa Calma Boats<\/title>\n<meta name=\"robots\" content=\"index, follow, max-snippet:-1, max-image-preview:large, max-video-preview:-1\" \/>\n<link rel=\"canonical\" href=\"https:\/\/sacalmaboats.com\/de\/terms-and-conditions\" \/>\n<meta property=\"og:locale\" content=\"de_DE\" \/>\n<meta property=\"og:type\" content=\"article\" \/>\n<meta property=\"og:title\" content=\"Bedingungen und Konditionen - Sa Calma Boats\" \/>\n<meta property=\"og:description\" content=\"Dieses Dokument wurde zuletzt am 21. April 2021 ge\u00e4ndert. Bitte lesen Sie diese Nutzungsbedingungen vollst\u00e4ndig durch, bevor Sie diese Website nutzen, die Eigentum von sa calma boats ist und von...\" \/>\n<meta property=\"og:url\" content=\"https:\/\/sacalmaboats.com\/de\/terms-and-conditions\" \/>\n<meta property=\"og:site_name\" content=\"Sa Calma Boats\" \/>\n<meta property=\"article:publisher\" content=\"https:\/\/www.facebook.com\/sacalmaboats\/\" \/>\n<meta property=\"article:modified_time\" content=\"2025-02-19T20:18:17+00:00\" \/>\n<meta property=\"og:image\" content=\"https:\/\/sacalmaboats.com\/wp-content\/uploads\/2025\/02\/cropped-3.png\" \/>\n\t<meta property=\"og:image:width\" content=\"512\" \/>\n\t<meta property=\"og:image:height\" content=\"512\" \/>\n\t<meta property=\"og:image:type\" content=\"image\/png\" \/>\n<meta name=\"twitter:card\" content=\"summary_large_image\" \/>\n<meta name=\"twitter:label1\" content=\"Gesch\u00e4tzte Lesezeit\" \/>\n\t<meta name=\"twitter:data1\" content=\"2\u00a0Minuten\" \/>\n<script type=\"application\/ld+json\" class=\"yoast-schema-graph\">{\"@context\":\"https:\/\/schema.org\",\"@graph\":[{\"@type\":\"WebPage\",\"@id\":\"https:\/\/sacalmaboats.com\/de\/terms-and-conditions\",\"url\":\"https:\/\/sacalmaboats.com\/de\/terms-and-conditions\",\"name\":\"Bedingungen und Konditionen - Sa Calma Boats\",\"isPartOf\":{\"@id\":\"https:\/\/sacalmaboats.com\/de#website\"},\"datePublished\":\"2025-02-03T18:19:25+00:00\",\"dateModified\":\"2025-02-19T20:18:17+00:00\",\"breadcrumb\":{\"@id\":\"https:\/\/sacalmaboats.com\/de\/terms-and-conditions#breadcrumb\"},\"inLanguage\":\"de\",\"potentialAction\":[{\"@type\":\"ReadAction\",\"target\":[\"https:\/\/sacalmaboats.com\/de\/terms-and-conditions\"]}]},{\"@type\":\"BreadcrumbList\",\"@id\":\"https:\/\/sacalmaboats.com\/de\/terms-and-conditions#breadcrumb\",\"itemListElement\":[{\"@type\":\"ListItem\",\"position\":1,\"name\":\"Portada\",\"item\":\"https:\/\/sacalmaboats.com\/de\/11-2\"},{\"@type\":\"ListItem\",\"position\":2,\"name\":\"Bedingungen und Konditionen\"}]},{\"@type\":\"WebSite\",\"@id\":\"https:\/\/sacalmaboats.com\/de#website\",\"url\":\"https:\/\/sacalmaboats.com\/de\",\"name\":\"Sa Calma Boats\",\"description\":\"Sa Calma Boats offers unforgettable adventures on Mallorca\u2019s stunning waters. From relaxing boat tours and thrilling speedboat rides to private charters, they provide tailored experiences for every occasion. With departures from Can Pastilla, Palma City, Arenal, and Andratx, guests can explore hidden coves, snorkel in crystal-clear waters, and visit iconic spots like Dragonera Island.\",\"publisher\":{\"@id\":\"https:\/\/sacalmaboats.com\/de#organization\"},\"alternateName\":\"Calma Boats\",\"potentialAction\":[{\"@type\":\"SearchAction\",\"target\":{\"@type\":\"EntryPoint\",\"urlTemplate\":\"https:\/\/sacalmaboats.com\/de?s={search_term_string}\"},\"query-input\":{\"@type\":\"PropertyValueSpecification\",\"valueRequired\":true,\"valueName\":\"search_term_string\"}}],\"inLanguage\":\"de\"},{\"@type\":\"Organization\",\"@id\":\"https:\/\/sacalmaboats.com\/de#organization\",\"name\":\"Sa Calma Boats\",\"alternateName\":\"Sa Calma Boats SL\",\"url\":\"https:\/\/sacalmaboats.com\/de\",\"logo\":{\"@type\":\"ImageObject\",\"inLanguage\":\"de\",\"@id\":\"https:\/\/sacalmaboats.com\/de#\/schema\/logo\/image\/\",\"url\":\"https:\/\/sacalmaboats.com\/wp-content\/uploads\/2025\/02\/3.png\",\"contentUrl\":\"https:\/\/sacalmaboats.com\/wp-content\/uploads\/2025\/02\/3.png\",\"width\":512,\"height\":512,\"caption\":\"Sa Calma Boats\"},\"image\":{\"@id\":\"https:\/\/sacalmaboats.com\/de#\/schema\/logo\/image\/\"},\"sameAs\":[\"https:\/\/www.facebook.com\/sacalmaboats\/\",\"https:\/\/instagram.com\/sacalmaboats\",\"https:\/\/www.tripadvisor.com\/Attraction_Review-g187463-d25232317-Reviews-Sa_Calma_Boats-Palma_de_Mallorca_Majorca_Balearic_Islands.html\"]}]}<\/script>\n<!-- \/ Yoast SEO plugin. -->","yoast_head_json":{"title":"Bedingungen und Konditionen - Sa Calma Boats","robots":{"index":"index","follow":"follow","max-snippet":"max-snippet:-1","max-image-preview":"max-image-preview:large","max-video-preview":"max-video-preview:-1"},"canonical":"https:\/\/sacalmaboats.com\/de\/terms-and-conditions","og_locale":"de_DE","og_type":"article","og_title":"Bedingungen und Konditionen - Sa Calma Boats","og_description":"Dieses Dokument wurde zuletzt am 21. April 2021 ge\u00e4ndert. Bitte lesen Sie diese Nutzungsbedingungen vollst\u00e4ndig durch, bevor Sie diese Website nutzen, die Eigentum von sa calma boats ist und von...","og_url":"https:\/\/sacalmaboats.com\/de\/terms-and-conditions","og_site_name":"Sa Calma Boats","article_publisher":"https:\/\/www.facebook.com\/sacalmaboats\/","article_modified_time":"2025-02-19T20:18:17+00:00","og_image":[{"width":512,"height":512,"url":"https:\/\/sacalmaboats.com\/wp-content\/uploads\/2025\/02\/cropped-3.png","type":"image\/png"}],"twitter_card":"summary_large_image","twitter_misc":{"Gesch\u00e4tzte Lesezeit":"2\u00a0Minuten"},"schema":{"@context":"https:\/\/schema.org","@graph":[{"@type":"WebPage","@id":"https:\/\/sacalmaboats.com\/de\/terms-and-conditions","url":"https:\/\/sacalmaboats.com\/de\/terms-and-conditions","name":"Bedingungen und Konditionen - Sa Calma Boats","isPartOf":{"@id":"https:\/\/sacalmaboats.com\/de#website"},"datePublished":"2025-02-03T18:19:25+00:00","dateModified":"2025-02-19T20:18:17+00:00","breadcrumb":{"@id":"https:\/\/sacalmaboats.com\/de\/terms-and-conditions#breadcrumb"},"inLanguage":"de","potentialAction":[{"@type":"ReadAction","target":["https:\/\/sacalmaboats.com\/de\/terms-and-conditions"]}]},{"@type":"BreadcrumbList","@id":"https:\/\/sacalmaboats.com\/de\/terms-and-conditions#breadcrumb","itemListElement":[{"@type":"ListItem","position":1,"name":"Portada","item":"https:\/\/sacalmaboats.com\/de\/11-2"},{"@type":"ListItem","position":2,"name":"Bedingungen und Konditionen"}]},{"@type":"WebSite","@id":"https:\/\/sacalmaboats.com\/de#website","url":"https:\/\/sacalmaboats.com\/de","name":"Sa Calma Boats","description":"Sa Calma Boats offers unforgettable adventures on Mallorca\u2019s stunning waters. From relaxing boat tours and thrilling speedboat rides to private charters, they provide tailored experiences for every occasion. With departures from Can Pastilla, Palma City, Arenal, and Andratx, guests can explore hidden coves, snorkel in crystal-clear waters, and visit iconic spots like Dragonera Island.","publisher":{"@id":"https:\/\/sacalmaboats.com\/de#organization"},"alternateName":"Calma Boats","potentialAction":[{"@type":"SearchAction","target":{"@type":"EntryPoint","urlTemplate":"https:\/\/sacalmaboats.com\/de?s={search_term_string}"},"query-input":{"@type":"PropertyValueSpecification","valueRequired":true,"valueName":"search_term_string"}}],"inLanguage":"de"},{"@type":"Organization","@id":"https:\/\/sacalmaboats.com\/de#organization","name":"Sa Calma Boats","alternateName":"Sa Calma Boats SL","url":"https:\/\/sacalmaboats.com\/de","logo":{"@type":"ImageObject","inLanguage":"de","@id":"https:\/\/sacalmaboats.com\/de#\/schema\/logo\/image\/","url":"https:\/\/sacalmaboats.com\/wp-content\/uploads\/2025\/02\/3.png","contentUrl":"https:\/\/sacalmaboats.com\/wp-content\/uploads\/2025\/02\/3.png","width":512,"height":512,"caption":"Sa Calma Boats"},"image":{"@id":"https:\/\/sacalmaboats.com\/de#\/schema\/logo\/image\/"},"sameAs":["https:\/\/www.facebook.com\/sacalmaboats\/","https:\/\/instagram.com\/sacalmaboats","https:\/\/www.tripadvisor.com\/Attraction_Review-g187463-d25232317-Reviews-Sa_Calma_Boats-Palma_de_Mallorca_Majorca_Balearic_Islands.html"]}]}},"_links":{"self":[{"href":"https:\/\/sacalmaboats.com\/de\/wp-json\/wp\/v2\/pages\/1515","targetHints":{"allow":["GET"]}}],"collection":[{"href":"https:\/\/sacalmaboats.com\/de\/wp-json\/wp\/v2\/pages"}],"about":[{"href":"https:\/\/sacalmaboats.com\/de\/wp-json\/wp\/v2\/types\/page"}],"author":[{"embeddable":true,"href":"https:\/\/sacalmaboats.com\/de\/wp-json\/wp\/v2\/users\/1"}],"replies":[{"embeddable":true,"href":"https:\/\/sacalmaboats.com\/de\/wp-json\/wp\/v2\/comments?post=1515"}],"version-history":[{"count":1,"href":"https:\/\/sacalmaboats.com\/de\/wp-json\/wp\/v2\/pages\/1515\/revisions"}],"predecessor-version":[{"id":1516,"href":"https:\/\/sacalmaboats.com\/de\/wp-json\/wp\/v2\/pages\/1515\/revisions\/1516"}],"wp:attachment":[{"href":"https:\/\/sacalmaboats.com\/de\/wp-json\/wp\/v2\/media?parent=1515"}],"curies":[{"name":"wp","href":"https:\/\/api.w.org\/{rel}","templated":true}]}}