{"id":526,"date":"2025-02-03T18:20:43","date_gmt":"2025-02-03T18:20:43","guid":{"rendered":"https:\/\/sacalmaboats.com?page_id=526"},"modified":"2025-07-11T12:16:25","modified_gmt":"2025-07-11T12:16:25","slug":"cookies-policy","status":"publish","type":"page","link":"https:\/\/sacalmaboats.com\/en\/cookies-policy","title":{"rendered":"Cookie policy"},"content":{"rendered":"\r\n<p><em>This document was last modified on the 21 of April of 2021.<\/em><\/p>\r\n\r\n\r\n\r\n<p>A cookie is a file that is downloaded to your computer when accessing certain web pages. Cookies allow a website, among other things, to store and retrieve information about browsing habits of a user or his\/her equipment and, depending on the information they contain and the way he\/she uses his\/her computer, can be used to recognize the user. The user&#8217;s browser stores cookies on the hard disk only during the current session occupying a minimum space of memory and not damaging the computer. Cookies do not contain any specific personal information, and most of them are deleted from the hard drive at the end of the browser session (so-called session cookies).<\/p>\r\n\r\n\r\n\r\n<p>Most browsers accept cookies as standard and, independently thereof, allow or prevent temporary or stored cookies in their security settings.<\/p>\r\n\r\n\r\n\r\n<p>Without your consent (by activating cookies in your browser) personal data provided at the time of registration or purchase will not be linked to the data stored in cookies.<\/p>\r\n\r\n\r\n\r\n<p><br \/><strong>Types of cookies<\/strong><\/p>\r\n\r\n\r\n\r\n<ul class=\"wp-block-list\">\r\n<li>Technical cookies: Those that allow the user to navigate through a website, platform or application and use of the different options or services available, such as controlling data traffic and communication, identifying the session, access to restricted parts, remembering the elements of an order, checking out, applying for registration or participation in an event, using security features while browsing, storing content when broadcasting videos or sound, or sharing content via social networks.<\/li>\r\n\r\n\r\n\r\n<li>Customisation cookies: Those that allow users to access the service with some general purpose features, based on a predefined set of criteria in the user terminal, such as the language, the type of browser used to access the service, the regional settings (locale) used to access the service, etc.<\/li>\r\n\r\n\r\n\r\n<li>Analysis cookies: Those that, either set by us or by third parties, allow us to quantify the number of users and thus the measurement and statistical analysis of the use of the services offered made by users. We analyse how users browse our website in order to improve the products or services we offer.<\/li>\r\n\r\n\r\n\r\n<li>Advertisement cookies: Those that, either set by us or by third parties, allow us to manage as effectively as possible the amount of advertising spaces in the website, adapting the content of the requested ad to the content of the requested service or the use made of our website. We analyse your browsing habits on the Internet so that we can show advertising related to your navigation profile.<\/li>\r\n\r\n\r\n\r\n<li>Behavioural advertising cookies: Those that enable the management, in the most effective manner possible, of advertising spaces the publisher has included in a website, application or platform used to provide the requested service. These cookies store information on user behavior obtained through the continuous observation of his\/her browsing habits, allowing to develop a specific profile to display ads based on it.<\/li>\r\n\r\n\r\n\r\n<li>Third-party cookies: This website may use third-party services that, on its behalf, will compile information, for statistical purposes, regarding site usage by the user and to provide other services related to this website&#8217;s activity of this web site and other Internet services.<\/li>\r\n<\/ul>\r\n\r\n\r\n\r\n<p><br \/><strong>Third-party cookies used<\/strong><br \/>In particular, this website uses Google Analytics, a web analytics service provided by Google, Inc., established in the United States, with headquarters at 1600 Amphitheatre Parkway, Mountain View, California 94043. To provide these services, they use cookies to collect information, including the IP address of the user, which will be transmitted, processed and stored by Google on the terms set out on its website, including the possible transmission of such information to third parties upon legal requirement or where such third parties process the information on behalf of Google.<\/p>\r\n\r\n\r\n\r\n<figure class=\"wp-block-table\">\r\n<table class=\"has-fixed-layout\">\r\n<tbody>\r\n<tr>\r\n<td>Nombre de la cookie<\/td>\r\n<td>Gesti\u00f3n<\/td>\r\n<td>Descripci\u00f3n<\/td>\r\n<\/tr>\r\n<tr>\r\n<td>sessionid<\/td>\r\n<td>Propia<\/td>\r\n<td>Permiten realizar el proceso de reserva de actividades en la web. Conservaci\u00f3n: Hasta el cierre de sesi\u00f3n<\/td>\r\n<\/tr>\r\n<tr>\r\n<td>csrftoken<\/td>\r\n<td>Propia<\/td>\r\n<td>Sirve como autentificaci\u00f3n durante la sesi\u00f3n para validar formularios. Conservaci\u00f3n: Hasta el cierre de sesi\u00f3n<\/td>\r\n<\/tr>\r\n<tr>\r\n<td>django_language<\/td>\r\n<td>Propia<\/td>\r\n<td>Almacena el idioma por defecto del usuario para facilitar la carga de contenido en dicho idioma. Conservaci\u00f3n: 12 meses<\/td>\r\n<\/tr>\r\n<tr>\r\n<td>django_privacy<\/td>\r\n<td>Propia<\/td>\r\n<td>Permiten saber si el mensaje de cookies se debe mostrar al usuario o no. Conservaci\u00f3n: 12 meses<\/td>\r\n<\/tr>\r\n<tr>\r\n<td>_ga<\/td>\r\n<td>Terceros<\/td>\r\n<td><a href=\"https:\/\/developers.google.com\/analytics\/devguides\/collection\/analyticsjs\/cookie-usage\" target=\"_blank\" rel=\"noreferrer noopener\">Google Analytics:<\/a>\u00a0Control de visitas<\/td>\r\n<\/tr>\r\n<tr>\r\n<td>_gid<\/td>\r\n<td>Terceros<\/td>\r\n<td><a href=\"https:\/\/developers.google.com\/analytics\/devguides\/collection\/analyticsjs\/cookie-usage\" target=\"_blank\" rel=\"noreferrer noopener\">Google Analytics:<\/a>\u00a0Distinci\u00f3n de usuarios. Conservaci\u00f3n: 24 horas<\/td>\r\n<\/tr>\r\n<tr>\r\n<td>_gat<\/td>\r\n<td>Terceros<\/td>\r\n<td><a href=\"https:\/\/developers.google.com\/analytics\/devguides\/collection\/analyticsjs\/cookie-usage\" target=\"_blank\" rel=\"noreferrer noopener\">Google Analytics:<\/a>\u00a0Limitaci\u00f3n de datos. Conservaci\u00f3n: 10 minutos<\/td>\r\n<\/tr>\r\n<tr>\r\n<td>NID<\/td>\r\n<td>Terceros<\/td>\r\n<td><a href=\"https:\/\/developers.google.com\/analytics\/devguides\/collection\/analyticsjs\/cookie-usage\" target=\"_blank\" rel=\"noreferrer noopener\">Google Analytics:<\/a>\u00a0Recoge informaci\u00f3n de las cookies. Conservaci\u00f3n: 6 meses<\/td>\r\n<\/tr>\r\n<tr>\r\n<td>__cfduid<\/td>\r\n<td>Terceros<\/td>\r\n<td><a href=\"https:\/\/support.cloudflare.com\/hc\/en-us\/articles\/200170156-Understanding-the-Cloudflare-Cookies\" target=\"_blank\" rel=\"noreferrer noopener\">Cloudflare:<\/a>\u00a0Identifica tr\u00e1fico web de confianza. No corresponde a ning\u00fan id de usuario en la aplicaci\u00f3n web, ni guarda ning\u00fan dato personal identificable<\/td>\r\n<\/tr>\r\n<\/tbody>\r\n<\/table>\r\n<\/figure>\r\n\r\n\r\n\r\n<p><br \/><strong>Consent<\/strong><br \/>The user expressly agrees, by using this site, with the treatment of information obtained in the manner and for the purposes above mentioned. The user also recognizes the possibility to refuse the processing of such data or information by rejecting the use of cookies by selecting the appropriate settings for this purpose in his\/her browser, although this option of blocking cookies on his\/her browser may prevent the complete use of all functionalities in the website.<\/p>\r\n\r\n\r\n\r\n<p><br \/><strong>Management of cookies<\/strong><br \/>You may allow, block or delete cookies installed on your computer by configuring the options of the browser installed on your computer:<\/p>\r\n\r\n\r\n\r\n<p><a href=\"https:\/\/support.google.com\/chrome\/answer\/95647?hl=en\">Google Chrome<\/a><br \/><a href=\"http:\/\/windows.microsoft.com\/en-us\/windows7\/how-to-manage-cookies-in-internet-explorer-9\">Internet Explorer<\/a><br \/><a href=\"https:\/\/support.mozilla.org\/en-US\/kb\/enable-and-disable-cookies-website-preferences\">Mozilla Firefox<\/a><br \/><a href=\"https:\/\/support.apple.com\/kb\/PH19214?locale=en_US\">Apple Safari<\/a><br \/><a href=\"https:\/\/www.opera.com\/help\/tutorials\/security\/cookies\/\">Opera Browser<\/a><\/p>\r\n\r\n\r\n\r\n<p><br \/><strong>Changes<\/strong><br \/>If we decide to change our cookie policy, we will update the publishing date of this document.<\/p>\r\n\r\n\r\n\r\n<p><br \/><strong>Contacting us<\/strong><br \/>If there are any questions regarding this cookie policy, you may contact us through the mechanisms available in our contact page<\/p>\r\n","protected":false},"excerpt":{"rendered":"<p>This document was last modified on the 21 of April of 2021. A cookie is a file that is downloaded to your computer when accessing certain web pages. Cookies allow&#8230;<\/p>\n","protected":false},"author":1,"featured_media":0,"parent":0,"menu_order":0,"comment_status":"closed","ping_status":"closed","template":"","meta":{"footnotes":""},"class_list":["post-526","page","type-page","status-publish"],"yoast_head":"<!-- This site is optimized with the Yoast SEO plugin v27.2 - https:\/\/yoast.com\/product\/yoast-seo-wordpress\/ -->\n<title>Cookie policy - Sa Calma Boats<\/title>\n<meta name=\"robots\" content=\"index, follow, max-snippet:-1, max-image-preview:large, max-video-preview:-1\" \/>\n<link rel=\"canonical\" href=\"https:\/\/sacalmaboats.com\/en\/cookies-policy\" \/>\n<meta property=\"og:locale\" content=\"en_US\" \/>\n<meta property=\"og:type\" content=\"article\" \/>\n<meta property=\"og:title\" content=\"Cookie policy - Sa Calma Boats\" \/>\n<meta property=\"og:description\" content=\"This document was last modified on the 21 of April of 2021. A cookie is a file that is downloaded to your computer when accessing certain web pages. Cookies allow...\" \/>\n<meta property=\"og:url\" content=\"https:\/\/sacalmaboats.com\/en\/cookies-policy\" \/>\n<meta property=\"og:site_name\" content=\"Sa Calma Boats\" \/>\n<meta property=\"article:publisher\" content=\"https:\/\/www.facebook.com\/sacalmaboats\/\" \/>\n<meta property=\"article:modified_time\" content=\"2025-07-11T12:16:25+00:00\" \/>\n<meta property=\"og:image\" content=\"https:\/\/sacalmaboats.com\/wp-content\/uploads\/2025\/02\/cropped-3.png\" \/>\n\t<meta property=\"og:image:width\" content=\"512\" \/>\n\t<meta property=\"og:image:height\" content=\"512\" \/>\n\t<meta property=\"og:image:type\" content=\"image\/png\" \/>\n<meta name=\"twitter:card\" content=\"summary_large_image\" \/>\n<meta name=\"twitter:label1\" content=\"Est. reading time\" \/>\n\t<meta name=\"twitter:data1\" content=\"4 minutes\" \/>\n<script type=\"application\/ld+json\" class=\"yoast-schema-graph\">{\"@context\":\"https:\/\/schema.org\",\"@graph\":[{\"@type\":\"WebPage\",\"@id\":\"https:\/\/sacalmaboats.com\/en\/cookies-policy\",\"url\":\"https:\/\/sacalmaboats.com\/en\/cookies-policy\",\"name\":\"Cookie policy - Sa Calma Boats\",\"isPartOf\":{\"@id\":\"https:\/\/sacalmaboats.com\/en\/#website\"},\"datePublished\":\"2025-02-03T18:20:43+00:00\",\"dateModified\":\"2025-07-11T12:16:25+00:00\",\"breadcrumb\":{\"@id\":\"https:\/\/sacalmaboats.com\/en\/cookies-policy#breadcrumb\"},\"inLanguage\":\"en-US\",\"potentialAction\":[{\"@type\":\"ReadAction\",\"target\":[\"https:\/\/sacalmaboats.com\/en\/cookies-policy\"]}]},{\"@type\":\"BreadcrumbList\",\"@id\":\"https:\/\/sacalmaboats.com\/en\/cookies-policy#breadcrumb\",\"itemListElement\":[{\"@type\":\"ListItem\",\"position\":1,\"name\":\"Portada\",\"item\":\"https:\/\/sacalmaboats.com\/en\"},{\"@type\":\"ListItem\",\"position\":2,\"name\":\"Cookie policy\"}]},{\"@type\":\"WebSite\",\"@id\":\"https:\/\/sacalmaboats.com\/en\/#website\",\"url\":\"https:\/\/sacalmaboats.com\/en\/\",\"name\":\"Sa Calma Boats\",\"description\":\"Sa Calma Boats offers unforgettable adventures on Mallorca\u2019s stunning waters. From relaxing boat tours and thrilling speedboat rides to private charters, they provide tailored experiences for every occasion. With departures from Can Pastilla, Palma City, Arenal, and Andratx, guests can explore hidden coves, snorkel in crystal-clear waters, and visit iconic spots like Dragonera Island.\",\"publisher\":{\"@id\":\"https:\/\/sacalmaboats.com\/en\/#organization\"},\"alternateName\":\"Calma Boats\",\"potentialAction\":[{\"@type\":\"SearchAction\",\"target\":{\"@type\":\"EntryPoint\",\"urlTemplate\":\"https:\/\/sacalmaboats.com\/en\/?s={search_term_string}\"},\"query-input\":{\"@type\":\"PropertyValueSpecification\",\"valueRequired\":true,\"valueName\":\"search_term_string\"}}],\"inLanguage\":\"en-US\"},{\"@type\":\"Organization\",\"@id\":\"https:\/\/sacalmaboats.com\/en\/#organization\",\"name\":\"Sa Calma Boats\",\"alternateName\":\"Sa Calma Boats SL\",\"url\":\"https:\/\/sacalmaboats.com\/en\/\",\"logo\":{\"@type\":\"ImageObject\",\"inLanguage\":\"en-US\",\"@id\":\"https:\/\/sacalmaboats.com\/en\/#\/schema\/logo\/image\/\",\"url\":\"https:\/\/sacalmaboats.com\/wp-content\/uploads\/2025\/02\/3.png\",\"contentUrl\":\"https:\/\/sacalmaboats.com\/wp-content\/uploads\/2025\/02\/3.png\",\"width\":512,\"height\":512,\"caption\":\"Sa Calma Boats\"},\"image\":{\"@id\":\"https:\/\/sacalmaboats.com\/en\/#\/schema\/logo\/image\/\"},\"sameAs\":[\"https:\/\/www.facebook.com\/sacalmaboats\/\",\"https:\/\/instagram.com\/sacalmaboats\",\"https:\/\/www.tripadvisor.com\/Attraction_Review-g187463-d25232317-Reviews-Sa_Calma_Boats-Palma_de_Mallorca_Majorca_Balearic_Islands.html\"]}]}<\/script>\n<!-- \/ Yoast SEO plugin. -->","yoast_head_json":{"title":"Cookie policy - Sa Calma Boats","robots":{"index":"index","follow":"follow","max-snippet":"max-snippet:-1","max-image-preview":"max-image-preview:large","max-video-preview":"max-video-preview:-1"},"canonical":"https:\/\/sacalmaboats.com\/en\/cookies-policy","og_locale":"en_US","og_type":"article","og_title":"Cookie policy - Sa Calma Boats","og_description":"This document was last modified on the 21 of April of 2021. A cookie is a file that is downloaded to your computer when accessing certain web pages. Cookies allow...","og_url":"https:\/\/sacalmaboats.com\/en\/cookies-policy","og_site_name":"Sa Calma Boats","article_publisher":"https:\/\/www.facebook.com\/sacalmaboats\/","article_modified_time":"2025-07-11T12:16:25+00:00","og_image":[{"width":512,"height":512,"url":"https:\/\/sacalmaboats.com\/wp-content\/uploads\/2025\/02\/cropped-3.png","type":"image\/png"}],"twitter_card":"summary_large_image","twitter_misc":{"Est. reading time":"4 minutes"},"schema":{"@context":"https:\/\/schema.org","@graph":[{"@type":"WebPage","@id":"https:\/\/sacalmaboats.com\/en\/cookies-policy","url":"https:\/\/sacalmaboats.com\/en\/cookies-policy","name":"Cookie policy - Sa Calma Boats","isPartOf":{"@id":"https:\/\/sacalmaboats.com\/en\/#website"},"datePublished":"2025-02-03T18:20:43+00:00","dateModified":"2025-07-11T12:16:25+00:00","breadcrumb":{"@id":"https:\/\/sacalmaboats.com\/en\/cookies-policy#breadcrumb"},"inLanguage":"en-US","potentialAction":[{"@type":"ReadAction","target":["https:\/\/sacalmaboats.com\/en\/cookies-policy"]}]},{"@type":"BreadcrumbList","@id":"https:\/\/sacalmaboats.com\/en\/cookies-policy#breadcrumb","itemListElement":[{"@type":"ListItem","position":1,"name":"Portada","item":"https:\/\/sacalmaboats.com\/en"},{"@type":"ListItem","position":2,"name":"Cookie policy"}]},{"@type":"WebSite","@id":"https:\/\/sacalmaboats.com\/en\/#website","url":"https:\/\/sacalmaboats.com\/en\/","name":"Sa Calma Boats","description":"Sa Calma Boats offers unforgettable adventures on Mallorca\u2019s stunning waters. From relaxing boat tours and thrilling speedboat rides to private charters, they provide tailored experiences for every occasion. With departures from Can Pastilla, Palma City, Arenal, and Andratx, guests can explore hidden coves, snorkel in crystal-clear waters, and visit iconic spots like Dragonera Island.","publisher":{"@id":"https:\/\/sacalmaboats.com\/en\/#organization"},"alternateName":"Calma Boats","potentialAction":[{"@type":"SearchAction","target":{"@type":"EntryPoint","urlTemplate":"https:\/\/sacalmaboats.com\/en\/?s={search_term_string}"},"query-input":{"@type":"PropertyValueSpecification","valueRequired":true,"valueName":"search_term_string"}}],"inLanguage":"en-US"},{"@type":"Organization","@id":"https:\/\/sacalmaboats.com\/en\/#organization","name":"Sa Calma Boats","alternateName":"Sa Calma Boats SL","url":"https:\/\/sacalmaboats.com\/en\/","logo":{"@type":"ImageObject","inLanguage":"en-US","@id":"https:\/\/sacalmaboats.com\/en\/#\/schema\/logo\/image\/","url":"https:\/\/sacalmaboats.com\/wp-content\/uploads\/2025\/02\/3.png","contentUrl":"https:\/\/sacalmaboats.com\/wp-content\/uploads\/2025\/02\/3.png","width":512,"height":512,"caption":"Sa Calma Boats"},"image":{"@id":"https:\/\/sacalmaboats.com\/en\/#\/schema\/logo\/image\/"},"sameAs":["https:\/\/www.facebook.com\/sacalmaboats\/","https:\/\/instagram.com\/sacalmaboats","https:\/\/www.tripadvisor.com\/Attraction_Review-g187463-d25232317-Reviews-Sa_Calma_Boats-Palma_de_Mallorca_Majorca_Balearic_Islands.html"]}]}},"_links":{"self":[{"href":"https:\/\/sacalmaboats.com\/en\/wp-json\/wp\/v2\/pages\/526","targetHints":{"allow":["GET"]}}],"collection":[{"href":"https:\/\/sacalmaboats.com\/en\/wp-json\/wp\/v2\/pages"}],"about":[{"href":"https:\/\/sacalmaboats.com\/en\/wp-json\/wp\/v2\/types\/page"}],"author":[{"embeddable":true,"href":"https:\/\/sacalmaboats.com\/en\/wp-json\/wp\/v2\/users\/1"}],"replies":[{"embeddable":true,"href":"https:\/\/sacalmaboats.com\/en\/wp-json\/wp\/v2\/comments?post=526"}],"version-history":[{"count":2,"href":"https:\/\/sacalmaboats.com\/en\/wp-json\/wp\/v2\/pages\/526\/revisions"}],"predecessor-version":[{"id":3953,"href":"https:\/\/sacalmaboats.com\/en\/wp-json\/wp\/v2\/pages\/526\/revisions\/3953"}],"wp:attachment":[{"href":"https:\/\/sacalmaboats.com\/en\/wp-json\/wp\/v2\/media?parent=526"}],"curies":[{"name":"wp","href":"https:\/\/api.w.org\/{rel}","templated":true}]}}