{"id":1053,"date":"2025-01-30T12:02:53","date_gmt":"2025-01-30T12:02:53","guid":{"rendered":"https:\/\/sacalmaboats.compaseos-en-barco\/andratx"},"modified":"2026-02-26T11:08:35","modified_gmt":"2026-02-26T11:08:35","slug":"andratx-boat-tours","status":"publish","type":"page","link":"https:\/\/sacalmaboats.com\/es\/mallorca-boat-tours\/andratx-boat-tours","title":{"rendered":"Excursiones en barco por Andratx y la isla Dragonera"},"content":{"rendered":"[vc_row type=\u00bbfull_width_background\u00bb full_screen_row_position=\u00bbmiddle\u00bb column_margin=\u00bbnone\u00bb column_direction=\u00bbdefault\u00bb column_direction_tablet=\u00bbdefault\u00bb column_direction_phone=\u00bbdefault\u00bb bg_color=\u00bb#ffffff\u00bb scene_position=\u00bbcenter\u00bb top_padding=\u00bb5%\u00bb left_padding_desktop=\u00bb15%\u00bb constrain_group_2=\u00bbyes\u00bb right_padding_desktop=\u00bb15%\u00bb top_padding_tablet=\u00bb20%\u00bb left_padding_tablet=\u00bb10%\u00bb constrain_group_4=\u00bbyes\u00bb right_padding_tablet=\u00bb10%\u00bb left_padding_phone=\u00bb0&#8243; constrain_group_6=\u00bbyes\u00bb right_padding_phone=\u00bb0&#8243; text_color=\u00bblight\u00bb text_align=\u00bbleft\u00bb row_border_radius=\u00bbnone\u00bb row_border_radius_applies=\u00bbbg\u00bb row_position_desktop=\u00bbdefault\u00bb row_position_tablet=\u00bbinherit\u00bb row_position_phone=\u00bbinherit\u00bb overflow=\u00bbvisible\u00bb overlay_strength=\u00bb0.3&#8243; gradient_direction=\u00bbleft_to_right\u00bb shape_divider_position=\u00bbbottom\u00bb bg_image_animation=\u00bbnone\u00bb shape_type=\u00bbstraight_section\u00bb gradient_type=\u00bbdefault\u00bb][vc_column column_padding=\u00bbno-extra-padding\u00bb column_padding_tablet=\u00bbinherit\u00bb column_padding_phone=\u00bbinherit\u00bb column_padding_position=\u00bball\u00bb flex_gap_desktop=\u00bb10px\u00bb column_element_direction_desktop=\u00bbdefault\u00bb column_element_spacing=\u00bb0px\u00bb centered_text=\u00bbtrue\u00bb desktop_text_alignment=\u00bbdefault\u00bb tablet_text_alignment=\u00bbdefault\u00bb phone_text_alignment=\u00bbdefault\u00bb background_color_opacity=\u00bb1&#8243; background_hover_color_opacity=\u00bb1&#8243; column_backdrop_filter=\u00bbnone\u00bb font_color=\u00bb#2c5daa\u00bb column_shadow=\u00bbnone\u00bb column_border_radius=\u00bbnone\u00bb column_link_target=\u00bb_self\u00bb column_position=\u00bbdefault\u00bb gradient_direction=\u00bbleft_to_right\u00bb overlay_strength=\u00bb0.3&#8243; width=\u00bb1\/1&#8243; tablet_width_inherit=\u00bbdefault\u00bb animation_type=\u00bbdefault\u00bb bg_image_animation=\u00bbnone\u00bb border_type=\u00bbsimple\u00bb column_border_width=\u00bbnone\u00bb column_border_style=\u00bbsolid\u00bb column_padding_type=\u00bbdefault\u00bb gradient_type=\u00bbdefault\u00bb][split_line_heading line_reveal_by_space_text_effect=\u00bbdefault\u00bb font_style=\u00bbh1&#8243; stagger_animation=\u00bbtrue\u00bb content_alignment=\u00bbdefault\u00bb mobile_content_alignment=\u00bbinherit\u00bb animation_type=\u00bbline-reveal-by-space\u00bb link_target=\u00bb_self\u00bb text_content=\u00bbExcursiones en barco por Andratx y la isla Dragonera\u00bb font_size=\u00bb9vh\u00bb text_direction=\u00bbdefault\u00bb font_line_height=\u00bb1.5&#8243;][\/split_line_heading][split_line_heading line_reveal_by_space_text_effect=\u00bbdefault\u00bb font_style=\u00bbh3&#8243; stagger_animation=\u00bbtrue\u00bb content_alignment=\u00bbdefault\u00bb mobile_content_alignment=\u00bbinherit\u00bb animation_type=\u00bbline-reveal-by-space\u00bb link_target=\u00bb_self\u00bb text_content=\u00bbVisita Isla Dragonera, Ferry Andratx &#8211; Sant Elm, Combo Comida + Barco\u00bb font_size=\u00bb5vh\u00bb text_direction=\u00bbdefault\u00bb font_line_height=\u00bb1.5&#8243;][\/split_line_heading][\/vc_column][\/vc_row][vc_row type=\u00bbin_container\u00bb full_screen_row_position=\u00bbmiddle\u00bb column_margin=\u00bbdefault\u00bb column_direction=\u00bbdefault\u00bb column_direction_tablet=\u00bbdefault\u00bb column_direction_phone=\u00bbdefault\u00bb scene_position=\u00bbcenter\u00bb top_padding=\u00bb5%\u00bb bottom_margin=\u00bb5%\u00bb text_color=\u00bbdark\u00bb text_align=\u00bbleft\u00bb row_border_radius=\u00bbnone\u00bb row_border_radius_applies=\u00bbbg\u00bb row_position_desktop=\u00bbdefault\u00bb row_position_tablet=\u00bbinherit\u00bb row_position_phone=\u00bbinherit\u00bb overflow=\u00bbvisible\u00bb overlay_strength=\u00bb0.3&#8243; gradient_direction=\u00bbleft_to_right\u00bb shape_divider_position=\u00bbbottom\u00bb bg_image_animation=\u00bbnone\u00bb gradient_type=\u00bbdefault\u00bb shape_type=\u00bb\u00bb][vc_column column_padding=\u00bbno-extra-padding\u00bb column_padding_tablet=\u00bbinherit\u00bb column_padding_phone=\u00bbinherit\u00bb column_padding_position=\u00bball\u00bb flex_gap_desktop=\u00bb10px\u00bb column_element_direction_desktop=\u00bbdefault\u00bb column_element_spacing=\u00bbdefault\u00bb desktop_text_alignment=\u00bbdefault\u00bb tablet_text_alignment=\u00bbdefault\u00bb phone_text_alignment=\u00bbdefault\u00bb background_color_opacity=\u00bb1&#8243; background_hover_color_opacity=\u00bb1&#8243; column_backdrop_filter=\u00bbnone\u00bb column_shadow=\u00bbnone\u00bb column_border_radius=\u00bbnone\u00bb column_link_target=\u00bb_self\u00bb column_position=\u00bbdefault\u00bb gradient_direction=\u00bbleft_to_right\u00bb overlay_strength=\u00bb0.3&#8243; width=\u00bb1\/1&#8243; tablet_width_inherit=\u00bbdefault\u00bb animation_type=\u00bbdefault\u00bb bg_image_animation=\u00bbnone\u00bb border_type=\u00bbsimple\u00bb column_border_width=\u00bbnone\u00bb column_border_style=\u00bbsolid\u00bb][nectar_global_section id=\u00bb5063&#8243;][nectar_global_section id=\u00bb5080&#8243;][\/vc_column][\/vc_row][vc_row type=\u00bbfull_width_content\u00bb full_screen_row_position=\u00bbmiddle\u00bb column_margin=\u00bbdefault\u00bb equal_height=\u00bbyes\u00bb content_placement=\u00bbmiddle\u00bb column_direction=\u00bbdefault\u00bb column_direction_tablet=\u00bbdefault\u00bb column_direction_phone=\u00bbdefault\u00bb bg_color=\u00bb#2c5daa\u00bb scene_position=\u00bbcenter\u00bb top_padding=\u00bb17%\u00bb bottom_padding=\u00bb5%\u00bb left_padding_desktop=\u00bb17vw\u00bb constrain_group_2=\u00bbyes\u00bb right_padding_desktop=\u00bb17vw\u00bb bottom_padding_tablet=\u00bb12%\u00bb left_padding_tablet=\u00bb20vw\u00bb constrain_group_4=\u00bbyes\u00bb right_padding_tablet=\u00bb20vw\u00bb left_padding_phone=\u00bb9vw\u00bb constrain_group_6=\u00bbyes\u00bb right_padding_phone=\u00bb9vw\u00bb text_color=\u00bbdark\u00bb text_align=\u00bbleft\u00bb row_border_radius=\u00bbnone\u00bb row_border_radius_applies=\u00bbbg\u00bb row_position_desktop=\u00bbdefault\u00bb row_position_tablet=\u00bbinherit\u00bb row_position_phone=\u00bbinherit\u00bb overflow=\u00bbvisible\u00bb advanced_gradient_angle=\u00bb0&#8243; overlay_strength=\u00bb0.3&#8243; gradient_direction=\u00bbleft_to_right\u00bb shape_divider_position=\u00bbbottom\u00bb bg_image_animation=\u00bbnone\u00bb gradient_type=\u00bbdefault\u00bb shape_type=\u00bb\u00bb][vc_column flex_gap_desktop=\u00bb10px\u00bb column_element_direction_desktop=\u00bbdefault\u00bb column_element_spacing=\u00bb0px\u00bb desktop_text_alignment=\u00bbdefault\u00bb tablet_text_alignment=\u00bbdefault\u00bb phone_text_alignment=\u00bbdefault\u00bb background_color_opacity=\u00bb1&#8243; background_hover_color_opacity=\u00bb1&#8243; column_backdrop_filter=\u00bbnone\u00bb font_color=\u00bb#ffffff\u00bb column_shadow=\u00bbnone\u00bb column_border_radius=\u00bbnone\u00bb column_link_target=\u00bb_self\u00bb column_position=\u00bbstatic\u00bb advanced_gradient_angle=\u00bb65&#8243; width=\u00bb1\/1&#8243; tablet_width_inherit=\u00bbdefault\u00bb animation_type=\u00bbdefault\u00bb bg_image_animation=\u00bbnone\u00bb border_type=\u00bbsimple\u00bb column_border_width=\u00bbnone\u00bb column_border_style=\u00bbsolid\u00bb column_padding_type=\u00bbadvanced\u00bb gradient_type=\u00bbadvanced\u00bb advanced_gradient_display_type=\u00bblinear\u00bb][vc_row_inner column_margin=\u00bbdefault\u00bb column_direction=\u00bbdefault\u00bb column_direction_tablet=\u00bbdefault\u00bb column_direction_phone=\u00bbdefault\u00bb bottom_padding=\u00bb7%\u00bb text_align=\u00bbleft\u00bb row_position=\u00bbdefault\u00bb row_position_tablet=\u00bbinherit\u00bb row_position_phone=\u00bbinherit\u00bb overflow=\u00bbvisible\u00bb pointer_events=\u00bball\u00bb][vc_column_inner column_padding=\u00bbno-extra-padding\u00bb column_padding_tablet=\u00bbinherit\u00bb column_padding_phone=\u00bbinherit\u00bb column_padding_position=\u00bball\u00bb flex_gap_desktop=\u00bb10px\u00bb column_element_direction_desktop=\u00bbdefault\u00bb column_element_spacing=\u00bb0px\u00bb desktop_text_alignment=\u00bbdefault\u00bb tablet_text_alignment=\u00bbdefault\u00bb phone_text_alignment=\u00bbdefault\u00bb background_color_opacity=\u00bb1&#8243; background_hover_color_opacity=\u00bb1&#8243; column_backdrop_filter=\u00bbnone\u00bb column_shadow=\u00bbnone\u00bb column_border_radius=\u00bbnone\u00bb column_link_target=\u00bb_self\u00bb overflow=\u00bbvisible\u00bb gradient_direction=\u00bbleft_to_right\u00bb overlay_strength=\u00bb0.3&#8243; width=\u00bb1\/1&#8243; tablet_width_inherit=\u00bbdefault\u00bb animation_type=\u00bbdefault\u00bb enable_animation=\u00bbtrue\u00bb animation=\u00bbfade-in\u00bb animation_easing=\u00bbdefault\u00bb bg_image_animation=\u00bbnone\u00bb border_type=\u00bbsimple\u00bb column_border_width=\u00bbnone\u00bb column_border_style=\u00bbsolid\u00bb column_padding_type=\u00bbdefault\u00bb gradient_type=\u00bbdefault\u00bb animation_offset=\u00bb90%\u00bb][nectar_animated_shape shape_color=\u00bb#ec802a\u00bb width_desktop=\u00bb15vw\u00bb animation=\u00bbnone\u00bb animation_easing=\u00bbdefault\u00bb animation_movement_type=\u00bbtransform_y\u00bb animation_movement_intensity=\u00bb0.6&#8243; animation_movement_persist_on_mobile=\u00bbtrue\u00bb position_desktop=\u00bbabsolute\u00bb top_position_desktop=\u00bb0&#8243; left_position_desktop=\u00bb0&#8243; translate_y_desktop=\u00bb-30%\u00bb translate_x_desktop=\u00bb-50%\u00bb zindex=\u00bb-1&#8243;][nectar_highlighted_text scribble_color=\u00bb#318fff\u00bb style=\u00bbscribble\u00bb scribble_shape=\u00bbsquiggle-underline\u00bb scribble_thickness=\u00bbthick\u00bb scribble_speed=\u00bb1.8s\u00bb scribble_easing=\u00bbease_in_out\u00bb custom_font_size=\u00bb3vw\u00bb id=\u00bbcircle-highlight2&#8243; font_line_height=\u00bb1.4&#8243; font_size_tablet=\u00bb4vw\u00bb font_size_phone=\u00bb5vw\u00bb text_direction=\u00bbdefault\u00bb]\n<h2>Andratx <em>Boat tours<\/em><\/h2>\n<h3>Descubre los secretos de Mallorca<\/h3>\n[\/nectar_highlighted_text][\/vc_column_inner][\/vc_row_inner][vc_row_inner column_margin=\u00bbdefault\u00bb column_direction=\u00bbdefault\u00bb column_direction_tablet=\u00bbdefault\u00bb column_direction_phone=\u00bbdefault\u00bb text_align=\u00bbleft\u00bb row_position=\u00bbdefault\u00bb row_position_tablet=\u00bbinherit\u00bb row_position_phone=\u00bbinherit\u00bb overflow=\u00bbvisible\u00bb pointer_events=\u00bball\u00bb][vc_column_inner column_padding=\u00bbno-extra-padding\u00bb column_padding_tablet=\u00bbinherit\u00bb column_padding_phone=\u00bbinherit\u00bb column_padding_position=\u00bball\u00bb flex_gap_desktop=\u00bb10px\u00bb column_element_direction_desktop=\u00bbdefault\u00bb column_element_spacing=\u00bbdefault\u00bb desktop_text_alignment=\u00bbdefault\u00bb tablet_text_alignment=\u00bbdefault\u00bb phone_text_alignment=\u00bbdefault\u00bb background_color_opacity=\u00bb1&#8243; background_hover_color_opacity=\u00bb1&#8243; column_backdrop_filter=\u00bbnone\u00bb column_shadow=\u00bbnone\u00bb column_border_radius=\u00bbnone\u00bb column_link_target=\u00bb_self\u00bb overflow=\u00bbvisible\u00bb gradient_direction=\u00bbleft_to_right\u00bb overlay_strength=\u00bb0.3&#8243; width=\u00bb1\/1&#8243; tablet_width_inherit=\u00bbdefault\u00bb animation_type=\u00bbdefault\u00bb bg_image_animation=\u00bbnone\u00bb border_type=\u00bbsimple\u00bb column_border_width=\u00bbnone\u00bb column_border_style=\u00bbsolid\u00bb column_padding_type=\u00bbdefault\u00bb gradient_type=\u00bbdefault\u00bb][vc_column_text css=\u00bb\u00bb text_direction=\u00bbdefault\u00bb]Experimenta la belleza de la costa de Mallorca con nuestras exclusivas excursiones y salidas en barco desde Andratx. Tanto si quieres relajarte en un crucero panor\u00e1mico, embarcarte en un aventurero paseo en lancha r\u00e1pida o disfrutar de un ch\u00e1rter privado adaptado a tus necesidades, nuestras excursiones en barco por Andratx ofrecen algo para todos. <\/p>\n<p>Navega hasta la impresionante isla de Dragonera, un parque natural lleno de encanto y vistas impresionantes. Nada en aguas cristalinas, practica snorkel entre la fauna marina y explora calas escondidas a lo largo de la costa. Nuestras excursiones en barco por Andratx y la isla de Dragonera son perfectas para familias, parejas y grupos de amigos que buscan crear recuerdos inolvidables.  <\/p>\n<p><strong>\u00bfPor qu\u00e9 elegir nuestras excursiones y viajes en barco por Andratx?<\/strong><\/p>\n<ol>\n<li>Salidas f\u00e1ciles desde el puerto de Andratx y localidades cercanas.<\/li>\n<li>Visitas al Parque Natural de la Isla de Dragonera.<\/li>\n<li>Combo comida + paseo en barco.<\/li>\n<li>30 a\u00f1os de experiencia en el sector n\u00e1utico.<\/li>\n<\/ol>\n<p>Haz que tu aventura en Mallorca sea inolvidable explorando la belleza de Andratx y la isla Dragonera. \u00a1Reserva hoy tu viaje en barco y descubre la magia del Mediterr\u00e1neo![\/vc_column_text][\/vc_column_inner][\/vc_row_inner][\/vc_column][\/vc_row]\n","protected":false},"excerpt":{"rendered":"<p>[vc_row type=\u00bbfull_width_background\u00bb full_screen_row_position=\u00bbmiddle\u00bb column_margin=\u00bbnone\u00bb column_direction=\u00bbdefault\u00bb column_direction_tablet=\u00bbdefault\u00bb column_direction_phone=\u00bbdefault\u00bb bg_color=\u00bb#ffffff\u00bb scene_position=\u00bbcenter\u00bb top_padding=\u00bb5%\u00bb left_padding_desktop=\u00bb15%\u00bb constrain_group_2=\u00bbyes\u00bb right_padding_desktop=\u00bb15%\u00bb top_padding_tablet=\u00bb20%\u00bb left_padding_tablet=\u00bb10%\u00bb constrain_group_4=\u00bbyes\u00bb right_padding_tablet=\u00bb10%\u00bb left_padding_phone=\u00bb0&#8243; constrain_group_6=\u00bbyes\u00bb right_padding_phone=\u00bb0&#8243; text_color=\u00bblight\u00bb text_align=\u00bbleft\u00bb row_border_radius=\u00bbnone\u00bb row_border_radius_applies=\u00bbbg\u00bb row_position_desktop=\u00bbdefault\u00bb row_position_tablet=\u00bbinherit\u00bb row_position_phone=\u00bbinherit\u00bb overflow=\u00bbvisible\u00bb overlay_strength=\u00bb0.3&#8243; gradient_direction=\u00bbleft_to_right\u00bb&#8230;<\/p>\n","protected":false},"author":1,"featured_media":965,"parent":1051,"menu_order":0,"comment_status":"closed","ping_status":"closed","template":"","meta":{"footnotes":""},"class_list":["post-1053","page","type-page","status-publish","has-post-thumbnail"],"yoast_head":"<!-- This site is optimized with the Yoast SEO plugin v27.2 - https:\/\/yoast.com\/product\/yoast-seo-wordpress\/ -->\n<title>Excursiones en barco por Andratx | Visita a la isla Dragonera - Sa Calma Boats - Sa Calma Boats<\/title>\n<meta name=\"description\" content=\"Descubre las excursiones en barco por Andratx y la isla Dragonera con un viaje panor\u00e1mico, una parada para practicar snorkel y una m\u00e1gica puesta de sol sobre el Mediterr\u00e1neo.\" \/>\n<meta name=\"robots\" content=\"index, follow, max-snippet:-1, max-image-preview:large, max-video-preview:-1\" \/>\n<link rel=\"canonical\" href=\"https:\/\/sacalmaboats.com\/es\/mallorca-boat-tours\/andratx-boat-tours\" \/>\n<meta property=\"og:locale\" content=\"es_ES\" \/>\n<meta property=\"og:type\" content=\"article\" \/>\n<meta property=\"og:title\" content=\"Excursiones en barco por Andratx | Visita a la isla Dragonera - Sa Calma Boats - Sa Calma Boats\" \/>\n<meta property=\"og:description\" content=\"Descubre las excursiones en barco por Andratx y la isla Dragonera con un viaje panor\u00e1mico, una parada para practicar snorkel y una m\u00e1gica puesta de sol sobre el Mediterr\u00e1neo.\" \/>\n<meta property=\"og:url\" content=\"https:\/\/sacalmaboats.com\/es\/mallorca-boat-tours\/andratx-boat-tours\" \/>\n<meta property=\"og:site_name\" content=\"Sa Calma Boats\" \/>\n<meta property=\"article:publisher\" content=\"https:\/\/www.facebook.com\/sacalmaboats\/\" \/>\n<meta property=\"article:modified_time\" content=\"2026-02-26T11:08:35+00:00\" \/>\n<meta property=\"og:image\" content=\"https:\/\/sacalmaboats.com\/wp-content\/uploads\/2025\/02\/Captura-de-pantalla-2025-02-04-a-las-12.07.57.png\" \/>\n\t<meta property=\"og:image:width\" content=\"700\" \/>\n\t<meta property=\"og:image:height\" content=\"848\" \/>\n\t<meta property=\"og:image:type\" content=\"image\/png\" \/>\n<meta name=\"twitter:card\" content=\"summary_large_image\" \/>\n<meta name=\"twitter:label1\" content=\"Tiempo de lectura\" \/>\n\t<meta name=\"twitter:data1\" content=\"7 minutos\" \/>\n<script type=\"application\/ld+json\" class=\"yoast-schema-graph\">{\"@context\":\"https:\/\/schema.org\",\"@graph\":[{\"@type\":\"WebPage\",\"@id\":\"https:\/\/sacalmaboats.com\/es\/mallorca-boat-tours\/andratx-boat-tours\",\"url\":\"https:\/\/sacalmaboats.com\/es\/mallorca-boat-tours\/andratx-boat-tours\",\"name\":\"Excursiones en barco por Andratx | Visita a la isla Dragonera - Sa Calma Boats - Sa Calma Boats\",\"isPartOf\":{\"@id\":\"https:\/\/sacalmaboats.com\/es#website\"},\"primaryImageOfPage\":{\"@id\":\"https:\/\/sacalmaboats.com\/es\/mallorca-boat-tours\/andratx-boat-tours#primaryimage\"},\"image\":{\"@id\":\"https:\/\/sacalmaboats.com\/es\/mallorca-boat-tours\/andratx-boat-tours#primaryimage\"},\"thumbnailUrl\":\"https:\/\/sacalmaboats.com\/wp-content\/uploads\/2025\/02\/Captura-de-pantalla-2025-02-04-a-las-12.07.57.png\",\"datePublished\":\"2025-01-30T12:02:53+00:00\",\"dateModified\":\"2026-02-26T11:08:35+00:00\",\"description\":\"Descubre las excursiones en barco por Andratx y la isla Dragonera con un viaje panor\u00e1mico, una parada para practicar snorkel y una m\u00e1gica puesta de sol sobre el Mediterr\u00e1neo.\",\"breadcrumb\":{\"@id\":\"https:\/\/sacalmaboats.com\/es\/mallorca-boat-tours\/andratx-boat-tours#breadcrumb\"},\"inLanguage\":\"es\",\"potentialAction\":[{\"@type\":\"ReadAction\",\"target\":[\"https:\/\/sacalmaboats.com\/es\/mallorca-boat-tours\/andratx-boat-tours\"]}]},{\"@type\":\"ImageObject\",\"inLanguage\":\"es\",\"@id\":\"https:\/\/sacalmaboats.com\/es\/mallorca-boat-tours\/andratx-boat-tours#primaryimage\",\"url\":\"https:\/\/sacalmaboats.com\/wp-content\/uploads\/2025\/02\/Captura-de-pantalla-2025-02-04-a-las-12.07.57.png\",\"contentUrl\":\"https:\/\/sacalmaboats.com\/wp-content\/uploads\/2025\/02\/Captura-de-pantalla-2025-02-04-a-las-12.07.57.png\",\"width\":700,\"height\":848,\"caption\":\"Natural Park Sa Dragonera - Sa Calma Boats\"},{\"@type\":\"BreadcrumbList\",\"@id\":\"https:\/\/sacalmaboats.com\/es\/mallorca-boat-tours\/andratx-boat-tours#breadcrumb\",\"itemListElement\":[{\"@type\":\"ListItem\",\"position\":1,\"name\":\"Portada\",\"item\":\"https:\/\/sacalmaboats.com\/es\"},{\"@type\":\"ListItem\",\"position\":2,\"name\":\"Boat Tours\",\"item\":\"https:\/\/sacalmaboats.com\/es\/mallorca-boat-tours\"},{\"@type\":\"ListItem\",\"position\":3,\"name\":\"Excursiones en barco por Andratx y la isla Dragonera\"}]},{\"@type\":\"WebSite\",\"@id\":\"https:\/\/sacalmaboats.com\/es#website\",\"url\":\"https:\/\/sacalmaboats.com\/es\",\"name\":\"Sa Calma Boats\",\"description\":\"Sa Calma Boats offers unforgettable adventures on Mallorca\u2019s stunning waters. From relaxing boat tours and thrilling speedboat rides to private charters, they provide tailored experiences for every occasion. With departures from Can Pastilla, Palma City, Arenal, and Andratx, guests can explore hidden coves, snorkel in crystal-clear waters, and visit iconic spots like Dragonera Island.\",\"publisher\":{\"@id\":\"https:\/\/sacalmaboats.com\/es#organization\"},\"alternateName\":\"Calma Boats\",\"potentialAction\":[{\"@type\":\"SearchAction\",\"target\":{\"@type\":\"EntryPoint\",\"urlTemplate\":\"https:\/\/sacalmaboats.com\/es?s={search_term_string}\"},\"query-input\":{\"@type\":\"PropertyValueSpecification\",\"valueRequired\":true,\"valueName\":\"search_term_string\"}}],\"inLanguage\":\"es\"},{\"@type\":\"Organization\",\"@id\":\"https:\/\/sacalmaboats.com\/es#organization\",\"name\":\"Sa Calma Boats\",\"alternateName\":\"Sa Calma Boats SL\",\"url\":\"https:\/\/sacalmaboats.com\/es\",\"logo\":{\"@type\":\"ImageObject\",\"inLanguage\":\"es\",\"@id\":\"https:\/\/sacalmaboats.com\/es#\/schema\/logo\/image\/\",\"url\":\"https:\/\/sacalmaboats.com\/wp-content\/uploads\/2025\/02\/3.png\",\"contentUrl\":\"https:\/\/sacalmaboats.com\/wp-content\/uploads\/2025\/02\/3.png\",\"width\":512,\"height\":512,\"caption\":\"Sa Calma Boats\"},\"image\":{\"@id\":\"https:\/\/sacalmaboats.com\/es#\/schema\/logo\/image\/\"},\"sameAs\":[\"https:\/\/www.facebook.com\/sacalmaboats\/\",\"https:\/\/instagram.com\/sacalmaboats\",\"https:\/\/www.tripadvisor.com\/Attraction_Review-g187463-d25232317-Reviews-Sa_Calma_Boats-Palma_de_Mallorca_Majorca_Balearic_Islands.html\"]}]}<\/script>\n<!-- \/ Yoast SEO plugin. -->","yoast_head_json":{"title":"Excursiones en barco por Andratx | Visita a la isla Dragonera - Sa Calma Boats - Sa Calma Boats","description":"Descubre las excursiones en barco por Andratx y la isla Dragonera con un viaje panor\u00e1mico, una parada para practicar snorkel y una m\u00e1gica puesta de sol sobre el Mediterr\u00e1neo.","robots":{"index":"index","follow":"follow","max-snippet":"max-snippet:-1","max-image-preview":"max-image-preview:large","max-video-preview":"max-video-preview:-1"},"canonical":"https:\/\/sacalmaboats.com\/es\/mallorca-boat-tours\/andratx-boat-tours","og_locale":"es_ES","og_type":"article","og_title":"Excursiones en barco por Andratx | Visita a la isla Dragonera - Sa Calma Boats - Sa Calma Boats","og_description":"Descubre las excursiones en barco por Andratx y la isla Dragonera con un viaje panor\u00e1mico, una parada para practicar snorkel y una m\u00e1gica puesta de sol sobre el Mediterr\u00e1neo.","og_url":"https:\/\/sacalmaboats.com\/es\/mallorca-boat-tours\/andratx-boat-tours","og_site_name":"Sa Calma Boats","article_publisher":"https:\/\/www.facebook.com\/sacalmaboats\/","article_modified_time":"2026-02-26T11:08:35+00:00","og_image":[{"width":700,"height":848,"url":"https:\/\/sacalmaboats.com\/wp-content\/uploads\/2025\/02\/Captura-de-pantalla-2025-02-04-a-las-12.07.57.png","type":"image\/png"}],"twitter_card":"summary_large_image","twitter_misc":{"Tiempo de lectura":"7 minutos"},"schema":{"@context":"https:\/\/schema.org","@graph":[{"@type":"WebPage","@id":"https:\/\/sacalmaboats.com\/es\/mallorca-boat-tours\/andratx-boat-tours","url":"https:\/\/sacalmaboats.com\/es\/mallorca-boat-tours\/andratx-boat-tours","name":"Excursiones en barco por Andratx | Visita a la isla Dragonera - Sa Calma Boats - Sa Calma Boats","isPartOf":{"@id":"https:\/\/sacalmaboats.com\/es#website"},"primaryImageOfPage":{"@id":"https:\/\/sacalmaboats.com\/es\/mallorca-boat-tours\/andratx-boat-tours#primaryimage"},"image":{"@id":"https:\/\/sacalmaboats.com\/es\/mallorca-boat-tours\/andratx-boat-tours#primaryimage"},"thumbnailUrl":"https:\/\/sacalmaboats.com\/wp-content\/uploads\/2025\/02\/Captura-de-pantalla-2025-02-04-a-las-12.07.57.png","datePublished":"2025-01-30T12:02:53+00:00","dateModified":"2026-02-26T11:08:35+00:00","description":"Descubre las excursiones en barco por Andratx y la isla Dragonera con un viaje panor\u00e1mico, una parada para practicar snorkel y una m\u00e1gica puesta de sol sobre el Mediterr\u00e1neo.","breadcrumb":{"@id":"https:\/\/sacalmaboats.com\/es\/mallorca-boat-tours\/andratx-boat-tours#breadcrumb"},"inLanguage":"es","potentialAction":[{"@type":"ReadAction","target":["https:\/\/sacalmaboats.com\/es\/mallorca-boat-tours\/andratx-boat-tours"]}]},{"@type":"ImageObject","inLanguage":"es","@id":"https:\/\/sacalmaboats.com\/es\/mallorca-boat-tours\/andratx-boat-tours#primaryimage","url":"https:\/\/sacalmaboats.com\/wp-content\/uploads\/2025\/02\/Captura-de-pantalla-2025-02-04-a-las-12.07.57.png","contentUrl":"https:\/\/sacalmaboats.com\/wp-content\/uploads\/2025\/02\/Captura-de-pantalla-2025-02-04-a-las-12.07.57.png","width":700,"height":848,"caption":"Natural Park Sa Dragonera - Sa Calma Boats"},{"@type":"BreadcrumbList","@id":"https:\/\/sacalmaboats.com\/es\/mallorca-boat-tours\/andratx-boat-tours#breadcrumb","itemListElement":[{"@type":"ListItem","position":1,"name":"Portada","item":"https:\/\/sacalmaboats.com\/es"},{"@type":"ListItem","position":2,"name":"Boat Tours","item":"https:\/\/sacalmaboats.com\/es\/mallorca-boat-tours"},{"@type":"ListItem","position":3,"name":"Excursiones en barco por Andratx y la isla Dragonera"}]},{"@type":"WebSite","@id":"https:\/\/sacalmaboats.com\/es#website","url":"https:\/\/sacalmaboats.com\/es","name":"Sa Calma Boats","description":"Sa Calma Boats offers unforgettable adventures on Mallorca\u2019s stunning waters. From relaxing boat tours and thrilling speedboat rides to private charters, they provide tailored experiences for every occasion. With departures from Can Pastilla, Palma City, Arenal, and Andratx, guests can explore hidden coves, snorkel in crystal-clear waters, and visit iconic spots like Dragonera Island.","publisher":{"@id":"https:\/\/sacalmaboats.com\/es#organization"},"alternateName":"Calma Boats","potentialAction":[{"@type":"SearchAction","target":{"@type":"EntryPoint","urlTemplate":"https:\/\/sacalmaboats.com\/es?s={search_term_string}"},"query-input":{"@type":"PropertyValueSpecification","valueRequired":true,"valueName":"search_term_string"}}],"inLanguage":"es"},{"@type":"Organization","@id":"https:\/\/sacalmaboats.com\/es#organization","name":"Sa Calma Boats","alternateName":"Sa Calma Boats SL","url":"https:\/\/sacalmaboats.com\/es","logo":{"@type":"ImageObject","inLanguage":"es","@id":"https:\/\/sacalmaboats.com\/es#\/schema\/logo\/image\/","url":"https:\/\/sacalmaboats.com\/wp-content\/uploads\/2025\/02\/3.png","contentUrl":"https:\/\/sacalmaboats.com\/wp-content\/uploads\/2025\/02\/3.png","width":512,"height":512,"caption":"Sa Calma Boats"},"image":{"@id":"https:\/\/sacalmaboats.com\/es#\/schema\/logo\/image\/"},"sameAs":["https:\/\/www.facebook.com\/sacalmaboats\/","https:\/\/instagram.com\/sacalmaboats","https:\/\/www.tripadvisor.com\/Attraction_Review-g187463-d25232317-Reviews-Sa_Calma_Boats-Palma_de_Mallorca_Majorca_Balearic_Islands.html"]}]}},"_links":{"self":[{"href":"https:\/\/sacalmaboats.com\/es\/wp-json\/wp\/v2\/pages\/1053","targetHints":{"allow":["GET"]}}],"collection":[{"href":"https:\/\/sacalmaboats.com\/es\/wp-json\/wp\/v2\/pages"}],"about":[{"href":"https:\/\/sacalmaboats.com\/es\/wp-json\/wp\/v2\/types\/page"}],"author":[{"embeddable":true,"href":"https:\/\/sacalmaboats.com\/es\/wp-json\/wp\/v2\/users\/1"}],"replies":[{"embeddable":true,"href":"https:\/\/sacalmaboats.com\/es\/wp-json\/wp\/v2\/comments?post=1053"}],"version-history":[{"count":8,"href":"https:\/\/sacalmaboats.com\/es\/wp-json\/wp\/v2\/pages\/1053\/revisions"}],"predecessor-version":[{"id":5225,"href":"https:\/\/sacalmaboats.com\/es\/wp-json\/wp\/v2\/pages\/1053\/revisions\/5225"}],"up":[{"embeddable":true,"href":"https:\/\/sacalmaboats.com\/es\/wp-json\/wp\/v2\/pages\/1051"}],"wp:featuredmedia":[{"embeddable":true,"href":"https:\/\/sacalmaboats.com\/es\/wp-json\/wp\/v2\/media\/965"}],"wp:attachment":[{"href":"https:\/\/sacalmaboats.com\/es\/wp-json\/wp\/v2\/media?parent=1053"}],"curies":[{"name":"wp","href":"https:\/\/api.w.org\/{rel}","templated":true}]}}