{"id":1061,"date":"2025-02-03T18:20:43","date_gmt":"2025-02-03T18:20:43","guid":{"rendered":"https:\/\/sacalmaboats.compolitica-de-cookies"},"modified":"2025-02-12T19:35:58","modified_gmt":"2025-02-12T19:35:58","slug":"politica-de-cookies","status":"publish","type":"page","link":"https:\/\/sacalmaboats.com\/es\/politica-de-cookies","title":{"rendered":"Pol\u00edtica de cookies"},"content":{"rendered":"\n<p><em>It seems that the document you are referring to was last modified on April 21, 2021. How can I assist you with it?<\/em><\/p>\n\n<p>Una cookie es un archivo que se descarga en tu ordenador al acceder a determinadas p\u00e1ginas web. Las cookies permiten a un sitio web, entre otras cosas, almacenar y recuperar informaci\u00f3n sobre los h\u00e1bitos de navegaci\u00f3n de un usuario o de su equipo y, dependiendo de la informaci\u00f3n que contengan y de la forma en que el usuario utilice su ordenador, pueden utilizarse para reconocerlo. <br\/>El navegador del usuario almacena las cookies en el disco duro solo durante la sesi\u00f3n actual, ocupando un espacio m\u00ednimo de memoria y sin da\u00f1ar el ordenador. Las cookies no contienen informaci\u00f3n personal espec\u00edfica, y la mayor\u00eda de ellas se eliminan del disco duro al finalizar la sesi\u00f3n del navegador (las llamadas cookies de sesi\u00f3n).   <\/p>\n\n<p>La mayor\u00eda de los navegadores aceptan cookies de forma predeterminada y, de manera independiente, permiten o bloquean las cookies temporales o almacenadas en sus configuraciones de seguridad.<\/p>\n\n<p>Sin tu consentimiento (mediante la activaci\u00f3n de cookies en tu navegador), los datos personales proporcionados en el momento del registro o la compra no se vincular\u00e1n con los datos almacenados en las cookies.<\/p>\n\n<p><br\/><strong>Tipos de cookies<\/strong><\/p>\n\n<ul class=\"wp-block-list\">\n<li>Cookies t\u00e9cnicas: Son aquellas que permiten al usuario navegar por un sitio web, plataforma o aplicaci\u00f3n y utilizar las diferentes opciones o servicios disponibles, como el control del tr\u00e1fico y la comunicaci\u00f3n de datos, la identificaci\u00f3n de la sesi\u00f3n, el acceso a \u00e1reas restringidas, el recuerdo de los elementos de un pedido, la realizaci\u00f3n del proceso de compra, la solicitud de inscripci\u00f3n o participaci\u00f3n en un evento, el uso de elementos de seguridad durante la navegaci\u00f3n, el almacenamiento de contenidos para la difusi\u00f3n de videos o sonido, o el intercambio de contenidos a trav\u00e9s de redes sociales.<\/li>\n\n\n\n<li>Cookies de personalizaci\u00f3n: Son aquellas que permiten a los usuarios acceder al servicio con algunas caracter\u00edsticas generales predefinidas en funci\u00f3n de una serie de criterios en el terminal del usuario, como el idioma, el tipo de navegador utilizado para acceder al servicio, la configuraci\u00f3n regional empleada para el acceso, entre otros.<\/li>\n\n\n\n<li>Cookies de an\u00e1lisis: Son aquellas que, ya sean gestionadas por nosotros o por terceros, permiten cuantificar el n\u00famero de usuarios y realizar el an\u00e1lisis estad\u00edstico del uso que hacen los usuarios de los servicios ofrecidos. Analizamos c\u00f3mo navegan los usuarios por nuestro sitio web con el objetivo de mejorar los productos o servicios que ofrecemos. <\/li>\n\n\n\n<li>Cookies de publicidad: Son aquellas que, ya sean gestionadas por nosotros o por terceros, nos permiten administrar de la manera m\u00e1s eficiente posible los espacios publicitarios del sitio web, adaptando el contenido del anuncio al servicio solicitado o al uso que se haga de nuestro sitio web. Analizamos tus h\u00e1bitos de navegaci\u00f3n en Internet con el fin de mostrarte publicidad relacionada con tu perfil de navegaci\u00f3n. <\/li>\n\n\n\n<li>Cookies de publicidad comportamental: Son aquellas que permiten la gesti\u00f3n, de la manera m\u00e1s eficaz posible, de los espacios publicitarios que el editor ha incluido en un sitio web, aplicaci\u00f3n o plataforma desde la que se presta el servicio solicitado. Estas cookies almacenan informaci\u00f3n sobre el comportamiento del usuario, obtenida a trav\u00e9s de la observaci\u00f3n continua de sus h\u00e1bitos de navegaci\u00f3n, lo que permite desarrollar un perfil espec\u00edfico para mostrar publicidad basada en dicho perfil. <\/li>\n\n\n\n<li>Cookies de terceros: Este sitio web puede utilizar servicios de terceros que, en su nombre, recopilan informaci\u00f3n con fines estad\u00edsticos sobre el uso del sitio por parte del usuario y proporcionan otros servicios relacionados con la actividad de este sitio web y otros servicios de Internet.<\/li>\n<\/ul>\n\n<p><br\/><strong>Cookies de terceros utilizadas<\/strong><br\/>En particular, este sitio web utiliza Google Analytics, un servicio de an\u00e1lisis web proporcionado por Google, Inc., una compa\u00f1\u00eda con sede en Estados Unidos, ubicada en 1600 Amphitheatre Parkway, Mountain View, California 94043.<br\/>Para ofrecer estos servicios, Google utiliza cookies que recopilan informaci\u00f3n, incluida la direcci\u00f3n IP del usuario, la cual ser\u00e1 transmitida, procesada y almacenada por Google en los t\u00e9rminos establecidos en su sitio web. Esto puede incluir la posible transmisi\u00f3n de dicha informaci\u00f3n a terceros cuando as\u00ed lo requiera la ley o cuando dichos terceros procesen la informaci\u00f3n en nombre de Google. <\/p>\n\n<figure class=\"wp-block-table\"><table class=\"has-fixed-layout\"><tbody><tr><td>Nombre de la cookie<\/td><td>Gesti\u00f3n<\/td><td>Descripci\u00f3n<\/td><\/tr><tr><td>sessionid<\/td><td>Propia<\/td><td>Permiten realizar el proceso de reserva de actividades en la web. Conservaci\u00f3n: Hasta el cierre de sesi\u00f3n <\/td><\/tr><tr><td>csrftoken<\/td><td>Propia<\/td><td>Sirve como autentificaci\u00f3n durante la sesi\u00f3n para validar formularios. Conservaci\u00f3n: Hasta el cierre de sesi\u00f3n <\/td><\/tr><tr><td>django_language<\/td><td>Propia<\/td><td>Almacena el idioma por defecto del usuario para facilitar la carga de contenido en dicho idioma. Conservaci\u00f3n: 12 meses <\/td><\/tr><tr><td>django_privacy<\/td><td>Propia<\/td><td>Permiten saber si el mensaje de cookies se debe mostrar al usuario o no. Conservaci\u00f3n: 12 meses <\/td><\/tr><tr><td>_ga<\/td><td>Terceros<\/td><td><a href=\"https:\/\/developers.google.com\/analytics\/devguides\/collection\/analyticsjs\/cookie-usage\" target=\"_blank\" rel=\"noreferrer noopener\">Google Analytics:<\/a> Control de visitas<\/td><\/tr><tr><td>_gid<\/td><td>Terceros<\/td><td><a href=\"https:\/\/developers.google.com\/analytics\/devguides\/collection\/analyticsjs\/cookie-usage\" target=\"_blank\" rel=\"noreferrer noopener\">Google Analytics:<\/a> Distinci\u00f3n de usuarios. Conservaci\u00f3n: 24 horas <\/td><\/tr><tr><td>_gat<\/td><td>Terceros<\/td><td><a href=\"https:\/\/developers.google.com\/analytics\/devguides\/collection\/analyticsjs\/cookie-usage\" target=\"_blank\" rel=\"noreferrer noopener\">Google Analytics:<\/a> Limitaci\u00f3n de datos. Conservaci\u00f3n: 10 minutos<\/td><\/tr><tr><td>NID<\/td><td>Terceros<\/td><td><a href=\"https:\/\/developers.google.com\/analytics\/devguides\/collection\/analyticsjs\/cookie-usage\" target=\"_blank\" rel=\"noreferrer noopener\">Google Analytics:<\/a> Recoge informaci\u00f3n de las cookies. Conservaci\u00f3n: 6 meses<\/td><\/tr><tr><td>__cfduid<\/td><td>Terceros<\/td><td><a href=\"https:\/\/support.cloudflare.com\/hc\/en-us\/articles\/200170156-Understanding-the-Cloudflare-Cookies\" target=\"_blank\" rel=\"noreferrer noopener\">Cloudflare:<\/a> Identifica tr\u00e1fico web de confianza. No corresponde a ning\u00fan id de usuario en la aplicaci\u00f3n web, ni guarda ning\u00fan dato personal identificable<\/td><\/tr><\/tbody><\/table><\/figure>\n\n<p><br\/><strong>Consentimiento<\/strong><br\/>El usuario acepta expresamente, mediante el uso de este sitio web, el tratamiento de la informaci\u00f3n obtenida en la forma y con los fines anteriormente mencionados. El usuario tambi\u00e9n reconoce la posibilidad de rechazar el tratamiento de dichos datos o informaci\u00f3n al rechazar el uso de cookies mediante la configuraci\u00f3n adecuada en su navegador. No obstante, la opci\u00f3n de bloquear las cookies en su navegador podr\u00eda impedir el uso completo de todas las funcionalidades del sitio web.<\/p>\n\n<p><br\/><strong>Gesti\u00f3n de cookies<\/strong><br\/>Puedes permitir, bloquear o eliminar las cookies instaladas en tu ordenador configurando las opciones del navegador que tengas instalado en tu dispositivo:<\/p>\n\n<p><a href=\"https:\/\/support.google.com\/chrome\/answer\/95647?hl=en\">Google Chrome<\/a><br\/><a href=\"http:\/\/windows.microsoft.com\/en-us\/windows7\/how-to-manage-cookies-in-internet-explorer-9\">Internet Explorer<\/a><br\/><a href=\"https:\/\/support.mozilla.org\/en-US\/kb\/enable-and-disable-cookies-website-preferences\">Mozilla Firefox<\/a><br\/><a href=\"https:\/\/support.apple.com\/kb\/PH19214?locale=en_US\">Apple Safari<\/a><br\/><a href=\"https:\/\/www.opera.com\/help\/tutorials\/security\/cookies\/\">Opera Browser<\/a><\/p>\n\n<p><br\/><strong>Cambios<\/strong><br\/>Si decidimos modificar nuestra pol\u00edtica de cookies, actualizaremos la fecha de publicaci\u00f3n de este documento.<\/p>\n\n<p><br\/><strong>Contacto<\/strong><br\/>Si tienes alguna pregunta sobre esta pol\u00edtica de cookies, puedes ponerte en contacto con nosotros a trav\u00e9s de los mecanismos disponibles en nuestra p\u00e1gina de contacto.<\/p>\n","protected":false},"excerpt":{"rendered":"<p>It seems that the document you are referring to was last modified on April 21, 2021. How can I assist you with it? Una cookie es un archivo que se&#8230;<\/p>\n","protected":false},"author":1,"featured_media":0,"parent":0,"menu_order":0,"comment_status":"closed","ping_status":"closed","template":"","meta":{"footnotes":""},"class_list":["post-1061","page","type-page","status-publish"],"yoast_head":"<!-- This site is optimized with the Yoast SEO plugin v27.2 - https:\/\/yoast.com\/product\/yoast-seo-wordpress\/ -->\n<title>Pol\u00edtica de cookies - Sa Calma Boats<\/title>\n<meta name=\"robots\" content=\"index, follow, max-snippet:-1, max-image-preview:large, max-video-preview:-1\" \/>\n<link rel=\"canonical\" href=\"https:\/\/sacalmaboats.com\/es\/politica-de-cookies\" \/>\n<meta property=\"og:locale\" content=\"es_ES\" \/>\n<meta property=\"og:type\" content=\"article\" \/>\n<meta property=\"og:title\" content=\"Pol\u00edtica de cookies - Sa Calma Boats\" \/>\n<meta property=\"og:description\" content=\"It seems that the document you are referring to was last modified on April 21, 2021. How can I assist you with it? Una cookie es un archivo que se...\" \/>\n<meta property=\"og:url\" content=\"https:\/\/sacalmaboats.com\/es\/politica-de-cookies\" \/>\n<meta property=\"og:site_name\" content=\"Sa Calma Boats\" \/>\n<meta property=\"article:publisher\" content=\"https:\/\/www.facebook.com\/sacalmaboats\/\" \/>\n<meta property=\"article:modified_time\" content=\"2025-02-12T19:35:58+00:00\" \/>\n<meta property=\"og:image\" content=\"https:\/\/sacalmaboats.com\/wp-content\/uploads\/2025\/02\/cropped-3.png\" \/>\n\t<meta property=\"og:image:width\" content=\"512\" \/>\n\t<meta property=\"og:image:height\" content=\"512\" \/>\n\t<meta property=\"og:image:type\" content=\"image\/png\" \/>\n<meta name=\"twitter:card\" content=\"summary_large_image\" \/>\n<meta name=\"twitter:label1\" content=\"Tiempo de lectura\" \/>\n\t<meta name=\"twitter:data1\" content=\"5 minutos\" \/>\n<script type=\"application\/ld+json\" class=\"yoast-schema-graph\">{\"@context\":\"https:\/\/schema.org\",\"@graph\":[{\"@type\":\"WebPage\",\"@id\":\"https:\/\/sacalmaboats.com\/es\/politica-de-cookies\",\"url\":\"https:\/\/sacalmaboats.com\/es\/politica-de-cookies\",\"name\":\"Pol\u00edtica de cookies - Sa Calma Boats\",\"isPartOf\":{\"@id\":\"https:\/\/sacalmaboats.com\/es#website\"},\"datePublished\":\"2025-02-03T18:20:43+00:00\",\"dateModified\":\"2025-02-12T19:35:58+00:00\",\"breadcrumb\":{\"@id\":\"https:\/\/sacalmaboats.com\/es\/politica-de-cookies#breadcrumb\"},\"inLanguage\":\"es\",\"potentialAction\":[{\"@type\":\"ReadAction\",\"target\":[\"https:\/\/sacalmaboats.com\/es\/politica-de-cookies\"]}]},{\"@type\":\"BreadcrumbList\",\"@id\":\"https:\/\/sacalmaboats.com\/es\/politica-de-cookies#breadcrumb\",\"itemListElement\":[{\"@type\":\"ListItem\",\"position\":1,\"name\":\"Portada\",\"item\":\"https:\/\/sacalmaboats.com\/es\"},{\"@type\":\"ListItem\",\"position\":2,\"name\":\"Pol\u00edtica de cookies\"}]},{\"@type\":\"WebSite\",\"@id\":\"https:\/\/sacalmaboats.com\/es#website\",\"url\":\"https:\/\/sacalmaboats.com\/es\",\"name\":\"Sa Calma Boats\",\"description\":\"Sa Calma Boats offers unforgettable adventures on Mallorca\u2019s stunning waters. From relaxing boat tours and thrilling speedboat rides to private charters, they provide tailored experiences for every occasion. With departures from Can Pastilla, Palma City, Arenal, and Andratx, guests can explore hidden coves, snorkel in crystal-clear waters, and visit iconic spots like Dragonera Island.\",\"publisher\":{\"@id\":\"https:\/\/sacalmaboats.com\/es#organization\"},\"alternateName\":\"Calma Boats\",\"potentialAction\":[{\"@type\":\"SearchAction\",\"target\":{\"@type\":\"EntryPoint\",\"urlTemplate\":\"https:\/\/sacalmaboats.com\/es?s={search_term_string}\"},\"query-input\":{\"@type\":\"PropertyValueSpecification\",\"valueRequired\":true,\"valueName\":\"search_term_string\"}}],\"inLanguage\":\"es\"},{\"@type\":\"Organization\",\"@id\":\"https:\/\/sacalmaboats.com\/es#organization\",\"name\":\"Sa Calma Boats\",\"alternateName\":\"Sa Calma Boats SL\",\"url\":\"https:\/\/sacalmaboats.com\/es\",\"logo\":{\"@type\":\"ImageObject\",\"inLanguage\":\"es\",\"@id\":\"https:\/\/sacalmaboats.com\/es#\/schema\/logo\/image\/\",\"url\":\"https:\/\/sacalmaboats.com\/wp-content\/uploads\/2025\/02\/3.png\",\"contentUrl\":\"https:\/\/sacalmaboats.com\/wp-content\/uploads\/2025\/02\/3.png\",\"width\":512,\"height\":512,\"caption\":\"Sa Calma Boats\"},\"image\":{\"@id\":\"https:\/\/sacalmaboats.com\/es#\/schema\/logo\/image\/\"},\"sameAs\":[\"https:\/\/www.facebook.com\/sacalmaboats\/\",\"https:\/\/instagram.com\/sacalmaboats\",\"https:\/\/www.tripadvisor.com\/Attraction_Review-g187463-d25232317-Reviews-Sa_Calma_Boats-Palma_de_Mallorca_Majorca_Balearic_Islands.html\"]}]}<\/script>\n<!-- \/ Yoast SEO plugin. -->","yoast_head_json":{"title":"Pol\u00edtica de cookies - Sa Calma Boats","robots":{"index":"index","follow":"follow","max-snippet":"max-snippet:-1","max-image-preview":"max-image-preview:large","max-video-preview":"max-video-preview:-1"},"canonical":"https:\/\/sacalmaboats.com\/es\/politica-de-cookies","og_locale":"es_ES","og_type":"article","og_title":"Pol\u00edtica de cookies - Sa Calma Boats","og_description":"It seems that the document you are referring to was last modified on April 21, 2021. How can I assist you with it? Una cookie es un archivo que se...","og_url":"https:\/\/sacalmaboats.com\/es\/politica-de-cookies","og_site_name":"Sa Calma Boats","article_publisher":"https:\/\/www.facebook.com\/sacalmaboats\/","article_modified_time":"2025-02-12T19:35:58+00:00","og_image":[{"width":512,"height":512,"url":"https:\/\/sacalmaboats.com\/wp-content\/uploads\/2025\/02\/cropped-3.png","type":"image\/png"}],"twitter_card":"summary_large_image","twitter_misc":{"Tiempo de lectura":"5 minutos"},"schema":{"@context":"https:\/\/schema.org","@graph":[{"@type":"WebPage","@id":"https:\/\/sacalmaboats.com\/es\/politica-de-cookies","url":"https:\/\/sacalmaboats.com\/es\/politica-de-cookies","name":"Pol\u00edtica de cookies - Sa Calma Boats","isPartOf":{"@id":"https:\/\/sacalmaboats.com\/es#website"},"datePublished":"2025-02-03T18:20:43+00:00","dateModified":"2025-02-12T19:35:58+00:00","breadcrumb":{"@id":"https:\/\/sacalmaboats.com\/es\/politica-de-cookies#breadcrumb"},"inLanguage":"es","potentialAction":[{"@type":"ReadAction","target":["https:\/\/sacalmaboats.com\/es\/politica-de-cookies"]}]},{"@type":"BreadcrumbList","@id":"https:\/\/sacalmaboats.com\/es\/politica-de-cookies#breadcrumb","itemListElement":[{"@type":"ListItem","position":1,"name":"Portada","item":"https:\/\/sacalmaboats.com\/es"},{"@type":"ListItem","position":2,"name":"Pol\u00edtica de cookies"}]},{"@type":"WebSite","@id":"https:\/\/sacalmaboats.com\/es#website","url":"https:\/\/sacalmaboats.com\/es","name":"Sa Calma Boats","description":"Sa Calma Boats offers unforgettable adventures on Mallorca\u2019s stunning waters. From relaxing boat tours and thrilling speedboat rides to private charters, they provide tailored experiences for every occasion. With departures from Can Pastilla, Palma City, Arenal, and Andratx, guests can explore hidden coves, snorkel in crystal-clear waters, and visit iconic spots like Dragonera Island.","publisher":{"@id":"https:\/\/sacalmaboats.com\/es#organization"},"alternateName":"Calma Boats","potentialAction":[{"@type":"SearchAction","target":{"@type":"EntryPoint","urlTemplate":"https:\/\/sacalmaboats.com\/es?s={search_term_string}"},"query-input":{"@type":"PropertyValueSpecification","valueRequired":true,"valueName":"search_term_string"}}],"inLanguage":"es"},{"@type":"Organization","@id":"https:\/\/sacalmaboats.com\/es#organization","name":"Sa Calma Boats","alternateName":"Sa Calma Boats SL","url":"https:\/\/sacalmaboats.com\/es","logo":{"@type":"ImageObject","inLanguage":"es","@id":"https:\/\/sacalmaboats.com\/es#\/schema\/logo\/image\/","url":"https:\/\/sacalmaboats.com\/wp-content\/uploads\/2025\/02\/3.png","contentUrl":"https:\/\/sacalmaboats.com\/wp-content\/uploads\/2025\/02\/3.png","width":512,"height":512,"caption":"Sa Calma Boats"},"image":{"@id":"https:\/\/sacalmaboats.com\/es#\/schema\/logo\/image\/"},"sameAs":["https:\/\/www.facebook.com\/sacalmaboats\/","https:\/\/instagram.com\/sacalmaboats","https:\/\/www.tripadvisor.com\/Attraction_Review-g187463-d25232317-Reviews-Sa_Calma_Boats-Palma_de_Mallorca_Majorca_Balearic_Islands.html"]}]}},"_links":{"self":[{"href":"https:\/\/sacalmaboats.com\/es\/wp-json\/wp\/v2\/pages\/1061","targetHints":{"allow":["GET"]}}],"collection":[{"href":"https:\/\/sacalmaboats.com\/es\/wp-json\/wp\/v2\/pages"}],"about":[{"href":"https:\/\/sacalmaboats.com\/es\/wp-json\/wp\/v2\/types\/page"}],"author":[{"embeddable":true,"href":"https:\/\/sacalmaboats.com\/es\/wp-json\/wp\/v2\/users\/1"}],"replies":[{"embeddable":true,"href":"https:\/\/sacalmaboats.com\/es\/wp-json\/wp\/v2\/comments?post=1061"}],"version-history":[{"count":1,"href":"https:\/\/sacalmaboats.com\/es\/wp-json\/wp\/v2\/pages\/1061\/revisions"}],"predecessor-version":[{"id":1063,"href":"https:\/\/sacalmaboats.com\/es\/wp-json\/wp\/v2\/pages\/1061\/revisions\/1063"}],"wp:attachment":[{"href":"https:\/\/sacalmaboats.com\/es\/wp-json\/wp\/v2\/media?parent=1061"}],"curies":[{"name":"wp","href":"https:\/\/api.w.org\/{rel}","templated":true}]}}