{"id":1117,"date":"2025-02-03T18:19:25","date_gmt":"2025-02-03T18:19:25","guid":{"rendered":"https:\/\/sacalmaboats.comterminos-y-condiciones"},"modified":"2025-02-17T14:40:43","modified_gmt":"2025-02-17T14:40:43","slug":"terminos-y-condiciones","status":"publish","type":"page","link":"https:\/\/sacalmaboats.com\/es\/terminos-y-condiciones","title":{"rendered":"T\u00e9rminos y condiciones"},"content":{"rendered":"\n<p><em>Este documento fue modificado por \u00faltima vez el 17 de febrero de 2025.<\/em><\/p>\n\n<p>Por favor, lee completamente estas condiciones de servicio antes de utilizar este sitio web, que es propiedad y est\u00e1 gestionado por sa calma boats, Este documento documenta los t\u00e9rminos y condiciones legalmente vinculantes adjuntos al uso de este sitio web.<\/p>\n\n<p>Al utilizar o acceder a este sitio web de cualquier forma, ver o navegar por su contenido, o a\u00f1adirle tu propio contenido, est\u00e1s aceptando quedar vinculado por estas condiciones de servicio.<\/p>\n\n<p><strong>Propiedad intelectual<\/strong><br\/>Este sitio y todo su contenido original son propiedad exclusiva de su propietario y, como tales, est\u00e1n plenamente protegidos por las leyes internacionales pertinentes sobre derechos de autor y otros derechos de propiedad intelectual. Todos los contenidos de terceros pertenecen a sus respectivos propietarios y su uso y protecci\u00f3n se rige por sus respectivas condiciones de uso. <\/p>\n\n<p><strong>Finalizaci\u00f3n<\/strong><br\/>Nos reservamos el derecho a finalizar tu acceso al sitio, sin previo aviso.<\/p>\n\n<p><strong>Enlaces a otros sitios web<\/strong><br\/>Nuestro sitio contiene una serie de enlaces a otros sitios web y recursos en l\u00ednea que no son de nuestra propiedad ni est\u00e1n bajo nuestro control. No controlamos, y por tanto no podemos asumir responsabilidad alguna, por el contenido o las pr\u00e1cticas generales de ninguno de estos sitios y\/o servicios de terceros. Por lo tanto, te recomendamos encarecidamente que leas \u00edntegramente las condiciones y la pol\u00edtica de privacidad de cualquier sitio que visites como resultado de seguir un enlace publicado en nuestro sitio.  <\/p>\n\n<p><strong>Legislaci\u00f3n aplicable<\/strong><br\/>Este acuerdo se rige por las leyes de Espa\u00f1a.<\/p>\n\n<p><strong>Consentimiento<\/strong><br\/>Al utilizar nuestro sitio web, aceptas las condiciones de uso del mismo.<\/p>\n\n<p><strong>Cambios<\/strong><br\/>Nos reservamos el derecho a modificar estas condiciones de servicio en cualquier momento. Lo hacemos publicando y llamando la atenci\u00f3n sobre las condiciones actualizadas en el sitio. Tu decisi\u00f3n de continuar visitando y haciendo uso de nuestro sitio despu\u00e9s de que se hayan realizado dichos cambios constituye tu aceptaci\u00f3n formal de las nuevas condiciones de servicio. Por lo tanto, te pedimos que compruebes y revises este acuerdo para ver si se han producido dichos cambios de vez en cuando. Si no est\u00e1s de acuerdo con alguna disposici\u00f3n de este documento o con cualquier cambio que hagamos en \u00e9l, te pedimos y aconsejamos que no utilices ni sigas accediendo al sitio web inmediatamente.    <\/p>\n\n<p><strong>Contactar con nosotros<\/strong><br\/>Si tienes alguna pregunta sobre estos t\u00e9rminos y condiciones, puedes ponerte en contacto con nosotros a trav\u00e9s de los mecanismos disponibles en nuestra p\u00e1gina de contacto.<\/p>\n\n<p>Pol\u00edtica de reembolso y cancelaci\u00f3n<\/p>\n\n<p>El cliente puede cancelar su reserva hasta 24 horas antes y obtener un reembolso completo.<\/p>\n\n<p>Los recorridos y horarios de las actividades pueden verse afectados por razones meteorol\u00f3gicas y\/o t\u00e9cnicas, o incluso suspenderse, sin derecho a indemnizaci\u00f3n. Siempre que sea posible, se ofrecer\u00e1 un d\u00eda alternativo.   <\/p>\n\n<p>El patr\u00f3n de la embarcaci\u00f3n ser\u00e1 quien tome la decisi\u00f3n de aceptar o rechazar al cliente por motivos de seguridad en la actividad (complexi\u00f3n\/edad, meteorolog\u00eda, discapacidad o embarazo).<\/p>\n","protected":false},"excerpt":{"rendered":"<p>Este documento fue modificado por \u00faltima vez el 17 de febrero de 2025. Por favor, lee completamente estas condiciones de servicio antes de utilizar este sitio web, que es propiedad&#8230;<\/p>\n","protected":false},"author":1,"featured_media":0,"parent":0,"menu_order":0,"comment_status":"closed","ping_status":"closed","template":"","meta":{"footnotes":""},"class_list":["post-1117","page","type-page","status-publish"],"yoast_head":"<!-- This site is optimized with the Yoast SEO plugin v27.2 - https:\/\/yoast.com\/product\/yoast-seo-wordpress\/ -->\n<title>T\u00e9rminos y condiciones - Sa Calma Boats<\/title>\n<meta name=\"robots\" content=\"index, follow, max-snippet:-1, max-image-preview:large, max-video-preview:-1\" \/>\n<link rel=\"canonical\" href=\"https:\/\/sacalmaboats.com\/es\/terminos-y-condiciones\" \/>\n<meta property=\"og:locale\" content=\"es_ES\" \/>\n<meta property=\"og:type\" content=\"article\" \/>\n<meta property=\"og:title\" content=\"T\u00e9rminos y condiciones - Sa Calma Boats\" \/>\n<meta property=\"og:description\" content=\"Este documento fue modificado por \u00faltima vez el 17 de febrero de 2025. Por favor, lee completamente estas condiciones de servicio antes de utilizar este sitio web, que es propiedad...\" \/>\n<meta property=\"og:url\" content=\"https:\/\/sacalmaboats.com\/es\/terminos-y-condiciones\" \/>\n<meta property=\"og:site_name\" content=\"Sa Calma Boats\" \/>\n<meta property=\"article:publisher\" content=\"https:\/\/www.facebook.com\/sacalmaboats\/\" \/>\n<meta property=\"article:modified_time\" content=\"2025-02-17T14:40:43+00:00\" \/>\n<meta property=\"og:image\" content=\"https:\/\/sacalmaboats.com\/wp-content\/uploads\/2025\/02\/cropped-3.png\" \/>\n\t<meta property=\"og:image:width\" content=\"512\" \/>\n\t<meta property=\"og:image:height\" content=\"512\" \/>\n\t<meta property=\"og:image:type\" content=\"image\/png\" \/>\n<meta name=\"twitter:card\" content=\"summary_large_image\" \/>\n<meta name=\"twitter:label1\" content=\"Tiempo de lectura\" \/>\n\t<meta name=\"twitter:data1\" content=\"3 minutos\" \/>\n<script type=\"application\/ld+json\" class=\"yoast-schema-graph\">{\"@context\":\"https:\/\/schema.org\",\"@graph\":[{\"@type\":\"WebPage\",\"@id\":\"https:\/\/sacalmaboats.com\/es\/terminos-y-condiciones\",\"url\":\"https:\/\/sacalmaboats.com\/es\/terminos-y-condiciones\",\"name\":\"T\u00e9rminos y condiciones - Sa Calma Boats\",\"isPartOf\":{\"@id\":\"https:\/\/sacalmaboats.com\/es#website\"},\"datePublished\":\"2025-02-03T18:19:25+00:00\",\"dateModified\":\"2025-02-17T14:40:43+00:00\",\"breadcrumb\":{\"@id\":\"https:\/\/sacalmaboats.com\/es\/terminos-y-condiciones#breadcrumb\"},\"inLanguage\":\"es\",\"potentialAction\":[{\"@type\":\"ReadAction\",\"target\":[\"https:\/\/sacalmaboats.com\/es\/terminos-y-condiciones\"]}]},{\"@type\":\"BreadcrumbList\",\"@id\":\"https:\/\/sacalmaboats.com\/es\/terminos-y-condiciones#breadcrumb\",\"itemListElement\":[{\"@type\":\"ListItem\",\"position\":1,\"name\":\"Portada\",\"item\":\"https:\/\/sacalmaboats.com\/es\"},{\"@type\":\"ListItem\",\"position\":2,\"name\":\"T\u00e9rminos y condiciones\"}]},{\"@type\":\"WebSite\",\"@id\":\"https:\/\/sacalmaboats.com\/es#website\",\"url\":\"https:\/\/sacalmaboats.com\/es\",\"name\":\"Sa Calma Boats\",\"description\":\"Sa Calma Boats offers unforgettable adventures on Mallorca\u2019s stunning waters. From relaxing boat tours and thrilling speedboat rides to private charters, they provide tailored experiences for every occasion. With departures from Can Pastilla, Palma City, Arenal, and Andratx, guests can explore hidden coves, snorkel in crystal-clear waters, and visit iconic spots like Dragonera Island.\",\"publisher\":{\"@id\":\"https:\/\/sacalmaboats.com\/es#organization\"},\"alternateName\":\"Calma Boats\",\"potentialAction\":[{\"@type\":\"SearchAction\",\"target\":{\"@type\":\"EntryPoint\",\"urlTemplate\":\"https:\/\/sacalmaboats.com\/es?s={search_term_string}\"},\"query-input\":{\"@type\":\"PropertyValueSpecification\",\"valueRequired\":true,\"valueName\":\"search_term_string\"}}],\"inLanguage\":\"es\"},{\"@type\":\"Organization\",\"@id\":\"https:\/\/sacalmaboats.com\/es#organization\",\"name\":\"Sa Calma Boats\",\"alternateName\":\"Sa Calma Boats SL\",\"url\":\"https:\/\/sacalmaboats.com\/es\",\"logo\":{\"@type\":\"ImageObject\",\"inLanguage\":\"es\",\"@id\":\"https:\/\/sacalmaboats.com\/es#\/schema\/logo\/image\/\",\"url\":\"https:\/\/sacalmaboats.com\/wp-content\/uploads\/2025\/02\/3.png\",\"contentUrl\":\"https:\/\/sacalmaboats.com\/wp-content\/uploads\/2025\/02\/3.png\",\"width\":512,\"height\":512,\"caption\":\"Sa Calma Boats\"},\"image\":{\"@id\":\"https:\/\/sacalmaboats.com\/es#\/schema\/logo\/image\/\"},\"sameAs\":[\"https:\/\/www.facebook.com\/sacalmaboats\/\",\"https:\/\/instagram.com\/sacalmaboats\",\"https:\/\/www.tripadvisor.com\/Attraction_Review-g187463-d25232317-Reviews-Sa_Calma_Boats-Palma_de_Mallorca_Majorca_Balearic_Islands.html\"]}]}<\/script>\n<!-- \/ Yoast SEO plugin. -->","yoast_head_json":{"title":"T\u00e9rminos y condiciones - Sa Calma Boats","robots":{"index":"index","follow":"follow","max-snippet":"max-snippet:-1","max-image-preview":"max-image-preview:large","max-video-preview":"max-video-preview:-1"},"canonical":"https:\/\/sacalmaboats.com\/es\/terminos-y-condiciones","og_locale":"es_ES","og_type":"article","og_title":"T\u00e9rminos y condiciones - Sa Calma Boats","og_description":"Este documento fue modificado por \u00faltima vez el 17 de febrero de 2025. Por favor, lee completamente estas condiciones de servicio antes de utilizar este sitio web, que es propiedad...","og_url":"https:\/\/sacalmaboats.com\/es\/terminos-y-condiciones","og_site_name":"Sa Calma Boats","article_publisher":"https:\/\/www.facebook.com\/sacalmaboats\/","article_modified_time":"2025-02-17T14:40:43+00:00","og_image":[{"width":512,"height":512,"url":"https:\/\/sacalmaboats.com\/wp-content\/uploads\/2025\/02\/cropped-3.png","type":"image\/png"}],"twitter_card":"summary_large_image","twitter_misc":{"Tiempo de lectura":"3 minutos"},"schema":{"@context":"https:\/\/schema.org","@graph":[{"@type":"WebPage","@id":"https:\/\/sacalmaboats.com\/es\/terminos-y-condiciones","url":"https:\/\/sacalmaboats.com\/es\/terminos-y-condiciones","name":"T\u00e9rminos y condiciones - Sa Calma Boats","isPartOf":{"@id":"https:\/\/sacalmaboats.com\/es#website"},"datePublished":"2025-02-03T18:19:25+00:00","dateModified":"2025-02-17T14:40:43+00:00","breadcrumb":{"@id":"https:\/\/sacalmaboats.com\/es\/terminos-y-condiciones#breadcrumb"},"inLanguage":"es","potentialAction":[{"@type":"ReadAction","target":["https:\/\/sacalmaboats.com\/es\/terminos-y-condiciones"]}]},{"@type":"BreadcrumbList","@id":"https:\/\/sacalmaboats.com\/es\/terminos-y-condiciones#breadcrumb","itemListElement":[{"@type":"ListItem","position":1,"name":"Portada","item":"https:\/\/sacalmaboats.com\/es"},{"@type":"ListItem","position":2,"name":"T\u00e9rminos y condiciones"}]},{"@type":"WebSite","@id":"https:\/\/sacalmaboats.com\/es#website","url":"https:\/\/sacalmaboats.com\/es","name":"Sa Calma Boats","description":"Sa Calma Boats offers unforgettable adventures on Mallorca\u2019s stunning waters. From relaxing boat tours and thrilling speedboat rides to private charters, they provide tailored experiences for every occasion. With departures from Can Pastilla, Palma City, Arenal, and Andratx, guests can explore hidden coves, snorkel in crystal-clear waters, and visit iconic spots like Dragonera Island.","publisher":{"@id":"https:\/\/sacalmaboats.com\/es#organization"},"alternateName":"Calma Boats","potentialAction":[{"@type":"SearchAction","target":{"@type":"EntryPoint","urlTemplate":"https:\/\/sacalmaboats.com\/es?s={search_term_string}"},"query-input":{"@type":"PropertyValueSpecification","valueRequired":true,"valueName":"search_term_string"}}],"inLanguage":"es"},{"@type":"Organization","@id":"https:\/\/sacalmaboats.com\/es#organization","name":"Sa Calma Boats","alternateName":"Sa Calma Boats SL","url":"https:\/\/sacalmaboats.com\/es","logo":{"@type":"ImageObject","inLanguage":"es","@id":"https:\/\/sacalmaboats.com\/es#\/schema\/logo\/image\/","url":"https:\/\/sacalmaboats.com\/wp-content\/uploads\/2025\/02\/3.png","contentUrl":"https:\/\/sacalmaboats.com\/wp-content\/uploads\/2025\/02\/3.png","width":512,"height":512,"caption":"Sa Calma Boats"},"image":{"@id":"https:\/\/sacalmaboats.com\/es#\/schema\/logo\/image\/"},"sameAs":["https:\/\/www.facebook.com\/sacalmaboats\/","https:\/\/instagram.com\/sacalmaboats","https:\/\/www.tripadvisor.com\/Attraction_Review-g187463-d25232317-Reviews-Sa_Calma_Boats-Palma_de_Mallorca_Majorca_Balearic_Islands.html"]}]}},"_links":{"self":[{"href":"https:\/\/sacalmaboats.com\/es\/wp-json\/wp\/v2\/pages\/1117","targetHints":{"allow":["GET"]}}],"collection":[{"href":"https:\/\/sacalmaboats.com\/es\/wp-json\/wp\/v2\/pages"}],"about":[{"href":"https:\/\/sacalmaboats.com\/es\/wp-json\/wp\/v2\/types\/page"}],"author":[{"embeddable":true,"href":"https:\/\/sacalmaboats.com\/es\/wp-json\/wp\/v2\/users\/1"}],"replies":[{"embeddable":true,"href":"https:\/\/sacalmaboats.com\/es\/wp-json\/wp\/v2\/comments?post=1117"}],"version-history":[{"count":1,"href":"https:\/\/sacalmaboats.com\/es\/wp-json\/wp\/v2\/pages\/1117\/revisions"}],"predecessor-version":[{"id":1118,"href":"https:\/\/sacalmaboats.com\/es\/wp-json\/wp\/v2\/pages\/1117\/revisions\/1118"}],"wp:attachment":[{"href":"https:\/\/sacalmaboats.com\/es\/wp-json\/wp\/v2\/media?parent=1117"}],"curies":[{"name":"wp","href":"https:\/\/api.w.org\/{rel}","templated":true}]}}