{"id":1478,"date":"2025-02-03T18:20:56","date_gmt":"2025-02-03T18:20:56","guid":{"rendered":"https:\/\/sacalmaboats.comcondiciones-generales-de-transporte"},"modified":"2025-02-18T13:37:45","modified_gmt":"2025-02-18T13:37:45","slug":"condiciones-generales-de-transporte","status":"publish","type":"page","link":"https:\/\/sacalmaboats.com\/es\/condiciones-generales-de-transporte","title":{"rendered":"Condiciones Generales de Transporte Mar\u00edtimo para Excursiones Mar\u00edtimas"},"content":{"rendered":"\n<p>Las presentes Condiciones Generales de Transporte Mar\u00edtimo est\u00e1n a disposici\u00f3n del p\u00fablico para su consulta previa a la reserva y compra del billete, tanto en formato papel en todos los puntos de venta oficiales del Transportista como en formato digital en la p\u00e1gina web de la Compa\u00f1\u00eda<a href=\"https:\/\/www.sacalmaboats.com\/\">(https:\/\/www.sacalmaboats.com\/)<\/a>.<\/p>\n\n<hr class=\"wp-block-separator has-alpha-channel-opacity\"\/>\n\n<p><strong>1. DEFINICIONES<\/strong><\/p>\n\n<ul class=\"wp-block-list\">\n<li><strong>\u00abTransportista<\/strong> \u00bb se refiere a la empresa <strong>SA CALMA BOATS, S.L.<\/strong>, que presta servicios de transporte de pasajeros para excursiones mar\u00edtimas con sus embarcaciones bajo cualquier r\u00e9gimen operativo y\/o de gesti\u00f3n.<\/li>\n\n\n\n<li><strong>\u00abExcursi\u00f3n mar\u00edtima<\/strong> \u00bb se refiere, como concepto exclusivamente comercial, al servicio regular de transporte de pasajeros por v\u00eda mar\u00edtima de acuerdo con la Ley de Transporte Mar\u00edtimo del Gobierno Balear. Este servicio est\u00e1 asociado a buques de pasaje que parten de un puerto y, tras seguir una tarifa, itinerario y destino predeterminados por el transportista o armador, regresan al puerto en un plazo m\u00e1ximo de 12 horas. Se permiten paradas intermedias, pero todos los pasajeros est\u00e1n obligados a completar la totalidad del itinerario preestablecido y definido por la compa\u00f1\u00eda.  <\/li>\n\n\n\n<li><strong>\u00abBuque<\/strong> \u00bb se refiere al barco utilizado para la navegaci\u00f3n mar\u00edtima o interior, designado como barco de pasajeros.<\/li>\n\n\n\n<li><strong>\u00abContrato de pasaje\u00bb<\/strong> se refiere al acuerdo de transporte entre el transportista y un pasajero para uno o m\u00e1s servicios de transporte de pasajeros durante una excursi\u00f3n mar\u00edtima.<\/li>\n\n\n\n<li><strong>\u00abBillete\u00bb o \u00abtarjeta de embarque<\/strong> \u00bb se refiere al documento debidamente expedido por el transportista como prueba del contrato de transporte.<\/li>\n<\/ul>\n\n<hr class=\"wp-block-separator has-alpha-channel-opacity\"\/>\n\n<p><strong>2. LEY APLICABLE Y R\u00c9GIMEN DE RESPONSABILIDAD<\/strong><\/p>\n\n<p>El presente contrato de transporte de pasajeros para excursiones mar\u00edtimas se rige por la legislaci\u00f3n espa\u00f1ola, la normativa de la UE y los convenios internacionales de los que Espa\u00f1a sea parte. En concreto, es de aplicaci\u00f3n la <strong>Ley 14\/2014, de 24 de julio,<\/strong> de Navegaci\u00f3n Mar\u00edtima, que se considera parte integrante de este contrato de pasaje. <\/p>\n\n<hr class=\"wp-block-separator has-alpha-channel-opacity\"\/>\n\n<p><strong>3. CONTRATO DE PASAJERO Y BILLETE<\/strong><\/p>\n\n<p>A trav\u00e9s del contrato de pasaje, documentado mediante la emisi\u00f3n del correspondiente billete y\/o tarjeta de embarque, el transportista se compromete, a cambio de una tarifa, a transportar por mar al pasajero y, en su caso, su equipaje, en el \u00e1mbito de una excursi\u00f3n mar\u00edtima.<\/p>\n\n<p>El billete es personal e intransferible y puede emitirse en formato electr\u00f3nico. El contrato se considera perfeccionado con el pago del billete debidamente emitido por el transportista, aceptando el viajero expresamente todos los t\u00e9rminos y condiciones al utilizar el billete como prueba del transporte. <\/p>\n\n<p>S\u00f3lo se permitir\u00e1 embarcar a las personas que dispongan de un billete y\/o tarjeta de embarque v\u00e1lidos para la fecha, hora y ruta indicadas. El transportista no se hace responsable de la p\u00e9rdida del billete o de la tarjeta de embarque. Los pasajeros deben conservar estos documentos durante todo el viaje. Para cualquier reclamaci\u00f3n, el pasajero debe presentar una copia del billete y de la tarjeta de embarque; de lo contrario, no se podr\u00e1 tramitar la reclamaci\u00f3n.   <\/p>\n\n<p>El transportista ofrece transporte de pasajeros sujeto a sus tarifas generales, promocionales y\/o especiales, que est\u00e1n debidamente publicadas en todos los puntos de venta oficiales y en el sitio web de la empresa. La compa\u00f1\u00eda se reserva el derecho a modificar estas tarifas sin previo aviso. <\/p>\n\n<p>El transportista no es responsable del robo o la p\u00e9rdida del equipaje de mano o los efectos personales de los pasajeros.<\/p>\n\n<p>Los formularios de quejas y sugerencias est\u00e1n disponibles en todos los puntos de salida y llegada.<\/p>\n\n<hr class=\"wp-block-separator has-alpha-channel-opacity\"\/>\n\n<p><strong>4. HORARIOS, RUTAS, EMBARQUE Y CANCELACIONES<\/strong><\/p>\n\n<p>Los horarios de salida de cada excursi\u00f3n mar\u00edtima est\u00e1n predeterminados y a disposici\u00f3n del p\u00fablico para su consulta previa a la reserva y compra del billete, tanto en formato papel en los puntos de venta oficiales como en formato digital en la p\u00e1gina web de la compa\u00f1\u00eda<a href=\"https:\/\/www.sacalmaboats.com\/\">(https:\/\/www.sacalmaboats.com\/)<\/a>.<\/p>\n\n<p>El transportista se reserva el derecho a modificar los horarios anunciados o a suspender y cancelar los servicios de transporte por razones de seguridad, organizaci\u00f3n, meteorol\u00f3gicas o de fuerza mayor.<\/p>\n\n<p>El transportista establecer\u00e1 e informar\u00e1 a los pasajeros de la \u00abhora l\u00edmite de embarque\u00bb, tras la cual se denegar\u00e1 el acceso a los pasajeros que no se presenten para embarcar. El transportista declina toda responsabilidad por denegar el embarque a los pasajeros que lleguen despu\u00e9s de la hora l\u00edmite de embarque. <\/p>\n\n<p>El transportista es libre de realizar el transporte siguiendo la ruta y el itinerario que considere m\u00e1s adecuados.<\/p>\n\n<p><strong>Condiciones de cancelaci\u00f3n para los pasajeros:<\/strong><\/p>\n\n<ul class=\"wp-block-list\">\n<li><strong>Con al menos 24 horas de antelaci\u00f3n:<\/strong> Sin penalizaci\u00f3n, reembolso completo.<\/li>\n\n\n\n<li><strong>Sin previo aviso o menos de 24 horas antes de la salida:<\/strong> Se perder\u00e1 la totalidad del pago.<\/li>\n<\/ul>\n\n<hr class=\"wp-block-separator has-alpha-channel-opacity\"\/>\n\n<p><strong>5. DISCIPLINA A BORDO<\/strong><\/p>\n\n<p>El capit\u00e1n ostenta el mando del buque y tiene autoridad para tomar todas las medidas necesarias para mantener el orden y garantizar la seguridad a bordo. Los pasajeros deben acatar las instrucciones del capit\u00e1n, sin perjuicio de su derecho a presentar quejas una vez que el buque haya llegado a puerto. <\/p>\n\n<hr class=\"wp-block-separator has-alpha-channel-opacity\"\/>\n\n<p><strong>6. SERVICIO PRINCIPAL, SERVICIOS AUXILIARES Y R\u00c9GIMEN FISCAL<\/strong><\/p>\n\n<p>De acuerdo con <strong>la Ley<\/strong> espa\u00f1ola <strong>37\/1992, de 28 de diciembre<\/strong>, del Impuesto sobre el Valor A\u00f1adido (IVA), los servicios de transporte mar\u00edtimo de pasajeros est\u00e1n sujetos a un tipo reducido de IVA del 10%. Los servicios auxiliares prestados a bordo, como los refrigerios, se gravan junto con el servicio de transporte principal. <\/p>\n\n<hr class=\"wp-block-separator has-alpha-channel-opacity\"\/>\n\n<p><strong>7. JURISDICCI\u00d3N<\/strong><\/p>\n\n<p>Los litigios derivados de la interpretaci\u00f3n, aplicaci\u00f3n o ejecuci\u00f3n del contrato de transporte se someter\u00e1n a la jurisdicci\u00f3n de los Juzgados de lo Mercantil de Palma de Mallorca, sin perjuicio del derecho del consumidor a acudir a mecanismos alternativos de resoluci\u00f3n de conflictos en materia de consumo.<\/p>\n","protected":false},"excerpt":{"rendered":"<p>Las presentes Condiciones Generales de Transporte Mar\u00edtimo est\u00e1n a disposici\u00f3n del p\u00fablico para su consulta previa a la reserva y compra del billete, tanto en formato papel en todos los&#8230;<\/p>\n","protected":false},"author":1,"featured_media":0,"parent":0,"menu_order":0,"comment_status":"closed","ping_status":"closed","template":"","meta":{"footnotes":""},"class_list":["post-1478","page","type-page","status-publish"],"yoast_head":"<!-- This site is optimized with the Yoast SEO plugin v27.2 - https:\/\/yoast.com\/product\/yoast-seo-wordpress\/ -->\n<title>Condiciones Generales de Transporte Mar\u00edtimo para Excursiones Mar\u00edtimas - Sa Calma Boats<\/title>\n<meta name=\"robots\" content=\"index, follow, max-snippet:-1, max-image-preview:large, max-video-preview:-1\" \/>\n<link rel=\"canonical\" href=\"https:\/\/sacalmaboats.com\/es\/condiciones-generales-de-transporte\" \/>\n<meta property=\"og:locale\" content=\"es_ES\" \/>\n<meta property=\"og:type\" content=\"article\" \/>\n<meta property=\"og:title\" content=\"Condiciones Generales de Transporte Mar\u00edtimo para Excursiones Mar\u00edtimas - Sa Calma Boats\" \/>\n<meta property=\"og:description\" content=\"Las presentes Condiciones Generales de Transporte Mar\u00edtimo est\u00e1n a disposici\u00f3n del p\u00fablico para su consulta previa a la reserva y compra del billete, tanto en formato papel en todos los...\" \/>\n<meta property=\"og:url\" content=\"https:\/\/sacalmaboats.com\/es\/condiciones-generales-de-transporte\" \/>\n<meta property=\"og:site_name\" content=\"Sa Calma Boats\" \/>\n<meta property=\"article:publisher\" content=\"https:\/\/www.facebook.com\/sacalmaboats\/\" \/>\n<meta property=\"article:modified_time\" content=\"2025-02-18T13:37:45+00:00\" \/>\n<meta property=\"og:image\" content=\"https:\/\/sacalmaboats.com\/wp-content\/uploads\/2025\/02\/cropped-3.png\" \/>\n\t<meta property=\"og:image:width\" content=\"512\" \/>\n\t<meta property=\"og:image:height\" content=\"512\" \/>\n\t<meta property=\"og:image:type\" content=\"image\/png\" \/>\n<meta name=\"twitter:card\" content=\"summary_large_image\" \/>\n<meta name=\"twitter:label1\" content=\"Tiempo de lectura\" \/>\n\t<meta name=\"twitter:data1\" content=\"5 minutos\" \/>\n<script type=\"application\/ld+json\" class=\"yoast-schema-graph\">{\"@context\":\"https:\/\/schema.org\",\"@graph\":[{\"@type\":\"WebPage\",\"@id\":\"https:\/\/sacalmaboats.com\/es\/condiciones-generales-de-transporte\",\"url\":\"https:\/\/sacalmaboats.com\/es\/condiciones-generales-de-transporte\",\"name\":\"Condiciones Generales de Transporte Mar\u00edtimo para Excursiones Mar\u00edtimas - Sa Calma Boats\",\"isPartOf\":{\"@id\":\"https:\/\/sacalmaboats.com\/es#website\"},\"datePublished\":\"2025-02-03T18:20:56+00:00\",\"dateModified\":\"2025-02-18T13:37:45+00:00\",\"breadcrumb\":{\"@id\":\"https:\/\/sacalmaboats.com\/es\/condiciones-generales-de-transporte#breadcrumb\"},\"inLanguage\":\"es\",\"potentialAction\":[{\"@type\":\"ReadAction\",\"target\":[\"https:\/\/sacalmaboats.com\/es\/condiciones-generales-de-transporte\"]}]},{\"@type\":\"BreadcrumbList\",\"@id\":\"https:\/\/sacalmaboats.com\/es\/condiciones-generales-de-transporte#breadcrumb\",\"itemListElement\":[{\"@type\":\"ListItem\",\"position\":1,\"name\":\"Portada\",\"item\":\"https:\/\/sacalmaboats.com\/es\"},{\"@type\":\"ListItem\",\"position\":2,\"name\":\"Condiciones Generales de Transporte Mar\u00edtimo para Excursiones Mar\u00edtimas\"}]},{\"@type\":\"WebSite\",\"@id\":\"https:\/\/sacalmaboats.com\/es#website\",\"url\":\"https:\/\/sacalmaboats.com\/es\",\"name\":\"Sa Calma Boats\",\"description\":\"Sa Calma Boats offers unforgettable adventures on Mallorca\u2019s stunning waters. From relaxing boat tours and thrilling speedboat rides to private charters, they provide tailored experiences for every occasion. With departures from Can Pastilla, Palma City, Arenal, and Andratx, guests can explore hidden coves, snorkel in crystal-clear waters, and visit iconic spots like Dragonera Island.\",\"publisher\":{\"@id\":\"https:\/\/sacalmaboats.com\/es#organization\"},\"alternateName\":\"Calma Boats\",\"potentialAction\":[{\"@type\":\"SearchAction\",\"target\":{\"@type\":\"EntryPoint\",\"urlTemplate\":\"https:\/\/sacalmaboats.com\/es?s={search_term_string}\"},\"query-input\":{\"@type\":\"PropertyValueSpecification\",\"valueRequired\":true,\"valueName\":\"search_term_string\"}}],\"inLanguage\":\"es\"},{\"@type\":\"Organization\",\"@id\":\"https:\/\/sacalmaboats.com\/es#organization\",\"name\":\"Sa Calma Boats\",\"alternateName\":\"Sa Calma Boats SL\",\"url\":\"https:\/\/sacalmaboats.com\/es\",\"logo\":{\"@type\":\"ImageObject\",\"inLanguage\":\"es\",\"@id\":\"https:\/\/sacalmaboats.com\/es#\/schema\/logo\/image\/\",\"url\":\"https:\/\/sacalmaboats.com\/wp-content\/uploads\/2025\/02\/3.png\",\"contentUrl\":\"https:\/\/sacalmaboats.com\/wp-content\/uploads\/2025\/02\/3.png\",\"width\":512,\"height\":512,\"caption\":\"Sa Calma Boats\"},\"image\":{\"@id\":\"https:\/\/sacalmaboats.com\/es#\/schema\/logo\/image\/\"},\"sameAs\":[\"https:\/\/www.facebook.com\/sacalmaboats\/\",\"https:\/\/instagram.com\/sacalmaboats\",\"https:\/\/www.tripadvisor.com\/Attraction_Review-g187463-d25232317-Reviews-Sa_Calma_Boats-Palma_de_Mallorca_Majorca_Balearic_Islands.html\"]}]}<\/script>\n<!-- \/ Yoast SEO plugin. -->","yoast_head_json":{"title":"Condiciones Generales de Transporte Mar\u00edtimo para Excursiones Mar\u00edtimas - Sa Calma Boats","robots":{"index":"index","follow":"follow","max-snippet":"max-snippet:-1","max-image-preview":"max-image-preview:large","max-video-preview":"max-video-preview:-1"},"canonical":"https:\/\/sacalmaboats.com\/es\/condiciones-generales-de-transporte","og_locale":"es_ES","og_type":"article","og_title":"Condiciones Generales de Transporte Mar\u00edtimo para Excursiones Mar\u00edtimas - Sa Calma Boats","og_description":"Las presentes Condiciones Generales de Transporte Mar\u00edtimo est\u00e1n a disposici\u00f3n del p\u00fablico para su consulta previa a la reserva y compra del billete, tanto en formato papel en todos los...","og_url":"https:\/\/sacalmaboats.com\/es\/condiciones-generales-de-transporte","og_site_name":"Sa Calma Boats","article_publisher":"https:\/\/www.facebook.com\/sacalmaboats\/","article_modified_time":"2025-02-18T13:37:45+00:00","og_image":[{"width":512,"height":512,"url":"https:\/\/sacalmaboats.com\/wp-content\/uploads\/2025\/02\/cropped-3.png","type":"image\/png"}],"twitter_card":"summary_large_image","twitter_misc":{"Tiempo de lectura":"5 minutos"},"schema":{"@context":"https:\/\/schema.org","@graph":[{"@type":"WebPage","@id":"https:\/\/sacalmaboats.com\/es\/condiciones-generales-de-transporte","url":"https:\/\/sacalmaboats.com\/es\/condiciones-generales-de-transporte","name":"Condiciones Generales de Transporte Mar\u00edtimo para Excursiones Mar\u00edtimas - Sa Calma Boats","isPartOf":{"@id":"https:\/\/sacalmaboats.com\/es#website"},"datePublished":"2025-02-03T18:20:56+00:00","dateModified":"2025-02-18T13:37:45+00:00","breadcrumb":{"@id":"https:\/\/sacalmaboats.com\/es\/condiciones-generales-de-transporte#breadcrumb"},"inLanguage":"es","potentialAction":[{"@type":"ReadAction","target":["https:\/\/sacalmaboats.com\/es\/condiciones-generales-de-transporte"]}]},{"@type":"BreadcrumbList","@id":"https:\/\/sacalmaboats.com\/es\/condiciones-generales-de-transporte#breadcrumb","itemListElement":[{"@type":"ListItem","position":1,"name":"Portada","item":"https:\/\/sacalmaboats.com\/es"},{"@type":"ListItem","position":2,"name":"Condiciones Generales de Transporte Mar\u00edtimo para Excursiones Mar\u00edtimas"}]},{"@type":"WebSite","@id":"https:\/\/sacalmaboats.com\/es#website","url":"https:\/\/sacalmaboats.com\/es","name":"Sa Calma Boats","description":"Sa Calma Boats offers unforgettable adventures on Mallorca\u2019s stunning waters. From relaxing boat tours and thrilling speedboat rides to private charters, they provide tailored experiences for every occasion. With departures from Can Pastilla, Palma City, Arenal, and Andratx, guests can explore hidden coves, snorkel in crystal-clear waters, and visit iconic spots like Dragonera Island.","publisher":{"@id":"https:\/\/sacalmaboats.com\/es#organization"},"alternateName":"Calma Boats","potentialAction":[{"@type":"SearchAction","target":{"@type":"EntryPoint","urlTemplate":"https:\/\/sacalmaboats.com\/es?s={search_term_string}"},"query-input":{"@type":"PropertyValueSpecification","valueRequired":true,"valueName":"search_term_string"}}],"inLanguage":"es"},{"@type":"Organization","@id":"https:\/\/sacalmaboats.com\/es#organization","name":"Sa Calma Boats","alternateName":"Sa Calma Boats SL","url":"https:\/\/sacalmaboats.com\/es","logo":{"@type":"ImageObject","inLanguage":"es","@id":"https:\/\/sacalmaboats.com\/es#\/schema\/logo\/image\/","url":"https:\/\/sacalmaboats.com\/wp-content\/uploads\/2025\/02\/3.png","contentUrl":"https:\/\/sacalmaboats.com\/wp-content\/uploads\/2025\/02\/3.png","width":512,"height":512,"caption":"Sa Calma Boats"},"image":{"@id":"https:\/\/sacalmaboats.com\/es#\/schema\/logo\/image\/"},"sameAs":["https:\/\/www.facebook.com\/sacalmaboats\/","https:\/\/instagram.com\/sacalmaboats","https:\/\/www.tripadvisor.com\/Attraction_Review-g187463-d25232317-Reviews-Sa_Calma_Boats-Palma_de_Mallorca_Majorca_Balearic_Islands.html"]}]}},"_links":{"self":[{"href":"https:\/\/sacalmaboats.com\/es\/wp-json\/wp\/v2\/pages\/1478","targetHints":{"allow":["GET"]}}],"collection":[{"href":"https:\/\/sacalmaboats.com\/es\/wp-json\/wp\/v2\/pages"}],"about":[{"href":"https:\/\/sacalmaboats.com\/es\/wp-json\/wp\/v2\/types\/page"}],"author":[{"embeddable":true,"href":"https:\/\/sacalmaboats.com\/es\/wp-json\/wp\/v2\/users\/1"}],"replies":[{"embeddable":true,"href":"https:\/\/sacalmaboats.com\/es\/wp-json\/wp\/v2\/comments?post=1478"}],"version-history":[{"count":1,"href":"https:\/\/sacalmaboats.com\/es\/wp-json\/wp\/v2\/pages\/1478\/revisions"}],"predecessor-version":[{"id":1479,"href":"https:\/\/sacalmaboats.com\/es\/wp-json\/wp\/v2\/pages\/1478\/revisions\/1479"}],"wp:attachment":[{"href":"https:\/\/sacalmaboats.com\/es\/wp-json\/wp\/v2\/media?parent=1478"}],"curies":[{"name":"wp","href":"https:\/\/api.w.org\/{rel}","templated":true}]}}