{"id":1511,"date":"2025-02-03T18:18:49","date_gmt":"2025-02-03T18:18:49","guid":{"rendered":"https:\/\/sacalmaboats.comprivacy-policy-2"},"modified":"2025-07-11T13:46:41","modified_gmt":"2025-07-11T13:46:41","slug":"privacidad","status":"publish","type":"page","link":"https:\/\/sacalmaboats.com\/es\/privacidad","title":{"rendered":"Pol\u00edtica de privacidad"},"content":{"rendered":"\r\n<p><em>Este documento fue modificado por \u00faltima vez el 17 de febrero de 2025.<\/em><\/p>\r\n\r\n\r\n\r\n<p>A trav\u00e9s de este sitio web se recogen datos de car\u00e1cter personal necesarios para la gesti\u00f3n y funcionamiento de algunos de nuestros servicios. Sin perjuicio de las finalidades que en cada caso se indiquen, dichos datos ser\u00e1n guardados y gestionados con la debida confidencialidad, aplic\u00e1ndose las medidas de seguridad inform\u00e1tica establecidas en la legislaci\u00f3n aplicable para impedir el acceso o uso indebido de tus datos, su manipulaci\u00f3n, deterioro o p\u00e9rdida. En cualquier momento podr\u00e1s ejercitar tus derechos de acceso, rectificaci\u00f3n o cancelaci\u00f3n en relaci\u00f3n con dichos datos dirigiendo una solicitud a la direcci\u00f3n del titular de los ficheros. Puedes encontrar formularios para el ejercicio de tus derechos en la p\u00e1gina web de la <a href=\"https:\/\/www.aepd.es\/es\" target=\"_blank\" rel=\"noreferrer noopener\">Agencia de Protecci\u00f3n de<\/a> Datos.<\/p>\r\n\r\n\r\n\r\n<p>Tus datos ser\u00e1n incorporados a un fichero inscrito en el Registro General de Protecci\u00f3n de Datos, responsabilidad de Sa Calma Boats<\/p>\r\n\r\n\r\n\r\n<p>Tus datos se utilizar\u00e1n para ponernos en contacto contigo, en caso de que nos lo solicites, o para atender una solicitud de informaci\u00f3n o un pedido de uno de nuestros servicios. Este proceso puede implicar la transferencia de datos a terceros directamente relacionados con el servicio. Esta transferencia de datos s\u00f3lo se producir\u00e1 cuando sea absolutamente necesaria.<\/p>\r\n\r\n\r\n\r\n<p><strong>\u00bfQu\u00e9 informaci\u00f3n recogemos?<\/strong><br \/>Recogemos informaci\u00f3n sobre ti cuando te registras en nuestro sitio o te suscribes a nuestro bolet\u00edn de noticias. Cuando realizas un pedido o te registras en nuestro sitio, seg\u00fan corresponda, se te puede pedir que introduzcas tu: nombre, direcci\u00f3n de correo electr\u00f3nico o n\u00famero de tel\u00e9fono. Sin embargo, puedes visitar nuestro sitio de forma an\u00f3nima.<\/p>\r\n\r\n\r\n\r\n<p><strong>\u00bfPara qu\u00e9 utilizamos tu informaci\u00f3n?<\/strong><br \/>Toda la informaci\u00f3n que recopilamos de ti puede utilizarse de una de las siguientes maneras:<br \/>&#8211; Para personalizar tu experiencia: tu informaci\u00f3n nos ayuda a responder mejor a tus necesidades individuales.<br \/>&#8211; Para mejorar nuestro sitio web: nos esforzamos continuamente por mejorar la oferta de nuestro sitio web bas\u00e1ndonos en la informaci\u00f3n y los comentarios que recibimos de ti.<br \/>&#8211; Para mejorar el servicio al cliente: tu informaci\u00f3n nos ayuda a responder con mayor eficacia a tus solicitudes de servicio al cliente y a tus necesidades de asistencia.<br \/>&#8211; Para enviar correos electr\u00f3nicos peri\u00f3dicos.<br \/>La direcci\u00f3n de correo electr\u00f3nico que facilites para tramitar el pedido, podr\u00e1 utilizarse para enviarte informaci\u00f3n y actualizaciones relativas a tu pedido, adem\u00e1s de recibir ocasionalmente noticias de la empresa, actualizaciones, informaci\u00f3n relacionada con productos o servicios, etc.<br \/>Nota: Si en alg\u00fan momento deseas darte de baja para no recibir futuros correos electr\u00f3nicos, incluimos instrucciones detalladas para darte de baja en la parte inferior de cada correo electr\u00f3nico.<\/p>\r\n\r\n\r\n\r\n<p><strong>\u00bfC\u00f3mo protegemos tu informaci\u00f3n?<\/strong><br \/>Aplicamos diversas medidas de seguridad para mantener la seguridad de tu informaci\u00f3n personal cuando la introduces, env\u00edas o accedes a ella.<\/p>\r\n\r\n\r\n\r\n<p><strong>Cookies<\/strong><br \/>Lee nuestra pol\u00edtica de cookies, donde explicamos c\u00f3mo se utilizan en nuestro sitio web.<\/p>\r\n\r\n\r\n\r\n<p><strong>\u00bfDivulgamos informaci\u00f3n a terceros?<\/strong><br \/>No vendemos, comerciamos ni transferimos de ning\u00fan otro modo a terceros tu informaci\u00f3n personal identificable. Esto no incluye a terceras partes de confianza que nos ayudan a gestionar nuestro sitio web, a llevar a cabo nuestro negocio o a prestarte servicios, siempre que dichas partes se comprometan a mantener la confidencialidad de esta informaci\u00f3n. Tambi\u00e9n podemos divulgar tu informaci\u00f3n cuando creamos que es apropiado para cumplir la ley, hacer cumplir las pol\u00edticas de nuestro sitio o proteger nuestros derechos, propiedad o seguridad o los de otros. Sin embargo, la informaci\u00f3n no identificable personalmente de los visitantes puede facilitarse a terceros para fines de marketing, publicidad u otros usos.<\/p>\r\n\r\n\r\n\r\n<p><strong>Pol\u00edtica de privacidad s\u00f3lo en l\u00ednea<\/strong><br \/>Esta pol\u00edtica de privacidad en l\u00ednea s\u00f3lo se aplica a la informaci\u00f3n recogida a trav\u00e9s de nuestro sitio web y no a la informaci\u00f3n recogida fuera de l\u00ednea.<\/p>\r\n\r\n\r\n\r\n<p><strong>T\u00e9rminos y condiciones<\/strong><br \/>Visita nuestra secci\u00f3n de t\u00e9rminos y condiciones en la que se establecen el uso, las exenciones de responsabilidad y las limitaciones de responsabilidad que rigen el uso de nuestro sitio web.<\/p>\r\n\r\n\r\n\r\n<p><strong>Consentimiento<\/strong><br \/>Al utilizar nuestro sitio web, das tu consentimiento a la pol\u00edtica de privacidad de nuestro sitio web.<\/p>\r\n\r\n\r\n\r\n<p><strong>Cambios<\/strong><br \/>Si decidimos cambiar nuestra pol\u00edtica de privacidad, actualizaremos la fecha de publicaci\u00f3n de este documento.<\/p>\r\n\r\n\r\n\r\n<p><strong>Contactar con nosotros<\/strong><br \/>Si tienes alguna pregunta sobre esta pol\u00edtica de privacidad, puedes ponerte en contacto con nosotros a trav\u00e9s de los mecanismos disponibles en nuestra p\u00e1gina de contacto<\/p>\r\n","protected":false},"excerpt":{"rendered":"<p>Este documento fue modificado por \u00faltima vez el 17 de febrero de 2025. A trav\u00e9s de este sitio web se recogen datos de car\u00e1cter personal necesarios para la gesti\u00f3n y&#8230;<\/p>\n","protected":false},"author":1,"featured_media":0,"parent":0,"menu_order":0,"comment_status":"closed","ping_status":"closed","template":"","meta":{"footnotes":""},"class_list":["post-1511","page","type-page","status-publish"],"yoast_head":"<!-- This site is optimized with the Yoast SEO plugin v27.2 - https:\/\/yoast.com\/product\/yoast-seo-wordpress\/ -->\n<title>Pol\u00edtica de privacidad - Sa Calma Boats<\/title>\n<meta name=\"robots\" content=\"index, follow, max-snippet:-1, max-image-preview:large, max-video-preview:-1\" \/>\n<link rel=\"canonical\" href=\"https:\/\/sacalmaboats.com\/es\/privacidad\" \/>\n<meta property=\"og:locale\" content=\"es_ES\" \/>\n<meta property=\"og:type\" content=\"article\" \/>\n<meta property=\"og:title\" content=\"Pol\u00edtica de privacidad - Sa Calma Boats\" \/>\n<meta property=\"og:description\" content=\"Este documento fue modificado por \u00faltima vez el 17 de febrero de 2025. A trav\u00e9s de este sitio web se recogen datos de car\u00e1cter personal necesarios para la gesti\u00f3n y...\" \/>\n<meta property=\"og:url\" content=\"https:\/\/sacalmaboats.com\/es\/privacidad\" \/>\n<meta property=\"og:site_name\" content=\"Sa Calma Boats\" \/>\n<meta property=\"article:publisher\" content=\"https:\/\/www.facebook.com\/sacalmaboats\/\" \/>\n<meta property=\"article:modified_time\" content=\"2025-07-11T13:46:41+00:00\" \/>\n<meta property=\"og:image\" content=\"https:\/\/sacalmaboats.com\/wp-content\/uploads\/2025\/02\/cropped-3.png\" \/>\n\t<meta property=\"og:image:width\" content=\"512\" \/>\n\t<meta property=\"og:image:height\" content=\"512\" \/>\n\t<meta property=\"og:image:type\" content=\"image\/png\" \/>\n<meta name=\"twitter:card\" content=\"summary_large_image\" \/>\n<meta name=\"twitter:label1\" content=\"Tiempo de lectura\" \/>\n\t<meta name=\"twitter:data1\" content=\"4 minutos\" \/>\n<script type=\"application\/ld+json\" class=\"yoast-schema-graph\">{\"@context\":\"https:\/\/schema.org\",\"@graph\":[{\"@type\":\"WebPage\",\"@id\":\"https:\/\/sacalmaboats.com\/es\/privacidad\",\"url\":\"https:\/\/sacalmaboats.com\/es\/privacidad\",\"name\":\"Pol\u00edtica de privacidad - Sa Calma Boats\",\"isPartOf\":{\"@id\":\"https:\/\/sacalmaboats.com\/es#website\"},\"datePublished\":\"2025-02-03T18:18:49+00:00\",\"dateModified\":\"2025-07-11T13:46:41+00:00\",\"breadcrumb\":{\"@id\":\"https:\/\/sacalmaboats.com\/es\/privacidad#breadcrumb\"},\"inLanguage\":\"es\",\"potentialAction\":[{\"@type\":\"ReadAction\",\"target\":[\"https:\/\/sacalmaboats.com\/es\/privacidad\"]}]},{\"@type\":\"BreadcrumbList\",\"@id\":\"https:\/\/sacalmaboats.com\/es\/privacidad#breadcrumb\",\"itemListElement\":[{\"@type\":\"ListItem\",\"position\":1,\"name\":\"Portada\",\"item\":\"https:\/\/sacalmaboats.com\/es\"},{\"@type\":\"ListItem\",\"position\":2,\"name\":\"Pol\u00edtica de privacidad\"}]},{\"@type\":\"WebSite\",\"@id\":\"https:\/\/sacalmaboats.com\/es#website\",\"url\":\"https:\/\/sacalmaboats.com\/es\",\"name\":\"Sa Calma Boats\",\"description\":\"Sa Calma Boats offers unforgettable adventures on Mallorca\u2019s stunning waters. From relaxing boat tours and thrilling speedboat rides to private charters, they provide tailored experiences for every occasion. With departures from Can Pastilla, Palma City, Arenal, and Andratx, guests can explore hidden coves, snorkel in crystal-clear waters, and visit iconic spots like Dragonera Island.\",\"publisher\":{\"@id\":\"https:\/\/sacalmaboats.com\/es#organization\"},\"alternateName\":\"Calma Boats\",\"potentialAction\":[{\"@type\":\"SearchAction\",\"target\":{\"@type\":\"EntryPoint\",\"urlTemplate\":\"https:\/\/sacalmaboats.com\/es?s={search_term_string}\"},\"query-input\":{\"@type\":\"PropertyValueSpecification\",\"valueRequired\":true,\"valueName\":\"search_term_string\"}}],\"inLanguage\":\"es\"},{\"@type\":\"Organization\",\"@id\":\"https:\/\/sacalmaboats.com\/es#organization\",\"name\":\"Sa Calma Boats\",\"alternateName\":\"Sa Calma Boats SL\",\"url\":\"https:\/\/sacalmaboats.com\/es\",\"logo\":{\"@type\":\"ImageObject\",\"inLanguage\":\"es\",\"@id\":\"https:\/\/sacalmaboats.com\/es#\/schema\/logo\/image\/\",\"url\":\"https:\/\/sacalmaboats.com\/wp-content\/uploads\/2025\/02\/3.png\",\"contentUrl\":\"https:\/\/sacalmaboats.com\/wp-content\/uploads\/2025\/02\/3.png\",\"width\":512,\"height\":512,\"caption\":\"Sa Calma Boats\"},\"image\":{\"@id\":\"https:\/\/sacalmaboats.com\/es#\/schema\/logo\/image\/\"},\"sameAs\":[\"https:\/\/www.facebook.com\/sacalmaboats\/\",\"https:\/\/instagram.com\/sacalmaboats\",\"https:\/\/www.tripadvisor.com\/Attraction_Review-g187463-d25232317-Reviews-Sa_Calma_Boats-Palma_de_Mallorca_Majorca_Balearic_Islands.html\"]}]}<\/script>\n<!-- \/ Yoast SEO plugin. -->","yoast_head_json":{"title":"Pol\u00edtica de privacidad - Sa Calma Boats","robots":{"index":"index","follow":"follow","max-snippet":"max-snippet:-1","max-image-preview":"max-image-preview:large","max-video-preview":"max-video-preview:-1"},"canonical":"https:\/\/sacalmaboats.com\/es\/privacidad","og_locale":"es_ES","og_type":"article","og_title":"Pol\u00edtica de privacidad - Sa Calma Boats","og_description":"Este documento fue modificado por \u00faltima vez el 17 de febrero de 2025. A trav\u00e9s de este sitio web se recogen datos de car\u00e1cter personal necesarios para la gesti\u00f3n y...","og_url":"https:\/\/sacalmaboats.com\/es\/privacidad","og_site_name":"Sa Calma Boats","article_publisher":"https:\/\/www.facebook.com\/sacalmaboats\/","article_modified_time":"2025-07-11T13:46:41+00:00","og_image":[{"width":512,"height":512,"url":"https:\/\/sacalmaboats.com\/wp-content\/uploads\/2025\/02\/cropped-3.png","type":"image\/png"}],"twitter_card":"summary_large_image","twitter_misc":{"Tiempo de lectura":"4 minutos"},"schema":{"@context":"https:\/\/schema.org","@graph":[{"@type":"WebPage","@id":"https:\/\/sacalmaboats.com\/es\/privacidad","url":"https:\/\/sacalmaboats.com\/es\/privacidad","name":"Pol\u00edtica de privacidad - Sa Calma Boats","isPartOf":{"@id":"https:\/\/sacalmaboats.com\/es#website"},"datePublished":"2025-02-03T18:18:49+00:00","dateModified":"2025-07-11T13:46:41+00:00","breadcrumb":{"@id":"https:\/\/sacalmaboats.com\/es\/privacidad#breadcrumb"},"inLanguage":"es","potentialAction":[{"@type":"ReadAction","target":["https:\/\/sacalmaboats.com\/es\/privacidad"]}]},{"@type":"BreadcrumbList","@id":"https:\/\/sacalmaboats.com\/es\/privacidad#breadcrumb","itemListElement":[{"@type":"ListItem","position":1,"name":"Portada","item":"https:\/\/sacalmaboats.com\/es"},{"@type":"ListItem","position":2,"name":"Pol\u00edtica de privacidad"}]},{"@type":"WebSite","@id":"https:\/\/sacalmaboats.com\/es#website","url":"https:\/\/sacalmaboats.com\/es","name":"Sa Calma Boats","description":"Sa Calma Boats offers unforgettable adventures on Mallorca\u2019s stunning waters. From relaxing boat tours and thrilling speedboat rides to private charters, they provide tailored experiences for every occasion. With departures from Can Pastilla, Palma City, Arenal, and Andratx, guests can explore hidden coves, snorkel in crystal-clear waters, and visit iconic spots like Dragonera Island.","publisher":{"@id":"https:\/\/sacalmaboats.com\/es#organization"},"alternateName":"Calma Boats","potentialAction":[{"@type":"SearchAction","target":{"@type":"EntryPoint","urlTemplate":"https:\/\/sacalmaboats.com\/es?s={search_term_string}"},"query-input":{"@type":"PropertyValueSpecification","valueRequired":true,"valueName":"search_term_string"}}],"inLanguage":"es"},{"@type":"Organization","@id":"https:\/\/sacalmaboats.com\/es#organization","name":"Sa Calma Boats","alternateName":"Sa Calma Boats SL","url":"https:\/\/sacalmaboats.com\/es","logo":{"@type":"ImageObject","inLanguage":"es","@id":"https:\/\/sacalmaboats.com\/es#\/schema\/logo\/image\/","url":"https:\/\/sacalmaboats.com\/wp-content\/uploads\/2025\/02\/3.png","contentUrl":"https:\/\/sacalmaboats.com\/wp-content\/uploads\/2025\/02\/3.png","width":512,"height":512,"caption":"Sa Calma Boats"},"image":{"@id":"https:\/\/sacalmaboats.com\/es#\/schema\/logo\/image\/"},"sameAs":["https:\/\/www.facebook.com\/sacalmaboats\/","https:\/\/instagram.com\/sacalmaboats","https:\/\/www.tripadvisor.com\/Attraction_Review-g187463-d25232317-Reviews-Sa_Calma_Boats-Palma_de_Mallorca_Majorca_Balearic_Islands.html"]}]}},"_links":{"self":[{"href":"https:\/\/sacalmaboats.com\/es\/wp-json\/wp\/v2\/pages\/1511","targetHints":{"allow":["GET"]}}],"collection":[{"href":"https:\/\/sacalmaboats.com\/es\/wp-json\/wp\/v2\/pages"}],"about":[{"href":"https:\/\/sacalmaboats.com\/es\/wp-json\/wp\/v2\/types\/page"}],"author":[{"embeddable":true,"href":"https:\/\/sacalmaboats.com\/es\/wp-json\/wp\/v2\/users\/1"}],"replies":[{"embeddable":true,"href":"https:\/\/sacalmaboats.com\/es\/wp-json\/wp\/v2\/comments?post=1511"}],"version-history":[{"count":4,"href":"https:\/\/sacalmaboats.com\/es\/wp-json\/wp\/v2\/pages\/1511\/revisions"}],"predecessor-version":[{"id":3977,"href":"https:\/\/sacalmaboats.com\/es\/wp-json\/wp\/v2\/pages\/1511\/revisions\/3977"}],"wp:attachment":[{"href":"https:\/\/sacalmaboats.com\/es\/wp-json\/wp\/v2\/media?parent=1511"}],"curies":[{"name":"wp","href":"https:\/\/api.w.org\/{rel}","templated":true}]}}