{"id":1471,"date":"2025-02-03T18:18:49","date_gmt":"2025-02-03T18:18:49","guid":{"rendered":"https:\/\/sacalmaboats.comprivacy-policy-2"},"modified":"2025-07-11T12:09:02","modified_gmt":"2025-07-11T12:09:02","slug":"politique-de-confidentialite","status":"publish","type":"page","link":"https:\/\/sacalmaboats.com\/fr\/politique-de-confidentialite","title":{"rendered":"Politique de confidentialit\u00e9"},"content":{"rendered":"\r\n<p><em>Ce document a \u00e9t\u00e9 modifi\u00e9 pour la derni\u00e8re fois le 21 avril 2021.<\/em><\/p>\r\n\r\n\r\n\r\n<p>Ce site Web recueille des donn\u00e9es personnelles n\u00e9cessaires \u00e0 la gestion et au fonctionnement de certains de nos services. Nonobstant les finalit\u00e9s indiqu\u00e9es dans chaque cas, ces informations seront stock\u00e9es et g\u00e9r\u00e9es avec la confidentialit\u00e9 appropri\u00e9e, en appliquant les mesures de s\u00e9curit\u00e9 informatique \u00e9tablies dans la l\u00e9gislation applicable pour \u00e9viter l&rsquo;acc\u00e8s ou l&rsquo;utilisation abusive de vos donn\u00e9es, leur manipulation, leur d\u00e9t\u00e9rioration ou leur perte. Vous pouvez \u00e0 tout moment exercer vos droits d&rsquo;acc\u00e8s, de rectification ou d&rsquo;annulation de ces donn\u00e9es en adressant une demande \u00e0 l&rsquo;adresse du propri\u00e9taire des fichiers. Vous trouverez des formulaires pour l&rsquo;exercice de vos droits sur le site web de l&rsquo;<a href=\"https:\/\/www.aepd.es\/es\" target=\"_blank\" rel=\"noreferrer noopener\">Agencia de Protecci\u00f3n de Datos<\/a>.<\/p>\r\n\r\n\r\n\r\n<p>Vos donn\u00e9es seront incorpor\u00e9es dans un fichier enregistr\u00e9 dans le Registro General de Protecci\u00f3n de Datos, sous la responsabilit\u00e9 de Sa Calma Boats.<\/p>\r\n\r\n\r\n\r\n<p>Vos donn\u00e9es seront utilis\u00e9es pour prendre contact avec vous, si vous le souhaitez, ou pour r\u00e9pondre \u00e0 une demande d&rsquo;information ou \u00e0 une commande de l&rsquo;un de nos services. Ce processus peut impliquer le transfert de donn\u00e9es \u00e0 des tiers directement li\u00e9s au service. Ce transfert de donn\u00e9es n&rsquo;a lieu qu&rsquo;en cas d&rsquo;absolue n\u00e9cessit\u00e9.<\/p>\r\n\r\n\r\n\r\n<p><strong>Quelles sont les informations que nous recueillons ?<\/strong><br \/>Nous recueillons des informations aupr\u00e8s de vous lorsque vous vous inscrivez sur notre site ou que vous vous abonnez \u00e0 notre lettre d&rsquo;information. Lors d&rsquo;une commande ou d&rsquo;un enregistrement sur notre site, selon le cas, il peut vous \u00eatre demand\u00e9 de saisir votre : nom, adresse \u00e9lectronique ou num\u00e9ro de t\u00e9l\u00e9phone. Vous pouvez toutefois visiter notre site de mani\u00e8re anonyme.<\/p>\r\n\r\n\r\n\r\n<p><strong>\u00c0 quoi servent vos informations ?<\/strong><br \/>Toutes les informations que nous recueillons aupr\u00e8s de vous peuvent \u00eatre utilis\u00e9es de l&rsquo;une des mani\u00e8res suivantes :<br \/>&#8211; Pour personnaliser votre exp\u00e9rience : vos informations nous aident \u00e0 mieux r\u00e9pondre \u00e0 vos besoins individuels.<br \/>&#8211; Pour am\u00e9liorer notre site web : nous nous effor\u00e7ons continuellement d&rsquo;am\u00e9liorer les offres de notre site web sur la base des informations et des commentaires que nous recevons de votre part.<br \/>&#8211; Pour am\u00e9liorer le service \u00e0 la client\u00e8le : vos informations nous aident \u00e0 r\u00e9pondre plus efficacement \u00e0 vos demandes de service \u00e0 la client\u00e8le et \u00e0 vos besoins d&rsquo;assistance.<br \/>&#8211; Pour envoyer des courriels p\u00e9riodiques.<br \/>L&rsquo;adresse \u00e9lectronique que vous fournissez pour le traitement de votre commande peut \u00eatre utilis\u00e9e pour vous envoyer des informations et des mises \u00e0 jour concernant votre commande, ainsi que pour recevoir des informations occasionnelles sur l&rsquo;entreprise, des mises \u00e0 jour, des informations sur des produits ou des services connexes, etc.<br \/>Remarque : si vous souhaitez \u00e0 tout moment vous d\u00e9sinscrire pour ne plus recevoir de courriers \u00e9lectroniques, vous trouverez des instructions d\u00e9taill\u00e9es de d\u00e9sinscription au bas de chaque courrier \u00e9lectronique.<\/p>\r\n\r\n\r\n\r\n<p><strong>Comment prot\u00e9geons-nous vos informations ?<\/strong><br \/>Nous mettons en \u0153uvre une s\u00e9rie de mesures de s\u00e9curit\u00e9 pour pr\u00e9server la s\u00e9curit\u00e9 de vos informations personnelles lorsque vous les saisissez, les soumettez ou y acc\u00e9dez.<\/p>\r\n\r\n\r\n\r\n<p><strong>Cookies<\/strong><br \/>Lisez notre politique en mati\u00e8re de cookies, o\u00f9 nous expliquons comment ils sont utilis\u00e9s sur notre site web.<\/p>\r\n\r\n\r\n\r\n<p><strong>Divulguons-nous des informations \u00e0 des tiers ?<\/strong><br \/>Nous ne vendons pas, n&rsquo;\u00e9changeons pas et ne transf\u00e9rons pas de quelque mani\u00e8re que ce soit \u00e0 des tiers vos informations personnelles identifiables. Cela n&rsquo;inclut pas les tiers de confiance qui nous aident \u00e0 exploiter notre site web, \u00e0 mener nos activit\u00e9s ou \u00e0 vous fournir des services, pour autant que ces parties acceptent de garder ces informations confidentielles. Nous pouvons \u00e9galement divulguer vos informations lorsque nous estimons qu&rsquo;il est appropri\u00e9 de le faire pour respecter la loi, appliquer les politiques de notre site ou prot\u00e9ger nos droits, notre propri\u00e9t\u00e9 ou notre s\u00e9curit\u00e9, ainsi que ceux d&rsquo;autres personnes. Toutefois, les informations non personnellement identifiables relatives aux visiteurs peuvent \u00eatre fournies \u00e0 d&rsquo;autres parties \u00e0 des fins de marketing, de publicit\u00e9 ou autres.<\/p>\r\n\r\n\r\n\r\n<p><strong>Politique de confidentialit\u00e9 en ligne uniquement<\/strong><br \/>Cette politique de confidentialit\u00e9 en ligne s&rsquo;applique uniquement aux informations collect\u00e9es sur notre site web et non aux informations collect\u00e9es hors ligne.<\/p>\r\n\r\n\r\n\r\n<p><strong>Conditions g\u00e9n\u00e9rales<\/strong><br \/>Veuillez consulter notre section \u00ab\u00a0Conditions g\u00e9n\u00e9rales\u00a0\u00bb \u00e9tablissant l&rsquo;utilisation, les clauses de non-responsabilit\u00e9 et les limitations de responsabilit\u00e9 r\u00e9gissant l&rsquo;utilisation de notre site web.<\/p>\r\n\r\n\r\n\r\n<p><strong>Consentement<\/strong><br \/>En utilisant notre site, vous acceptez la politique de confidentialit\u00e9 de notre site.<\/p>\r\n\r\n\r\n\r\n<p><strong>Modifications<\/strong><br \/>Si nous d\u00e9cidons de modifier notre politique de confidentialit\u00e9, nous mettrons \u00e0 jour la date de publication du pr\u00e9sent document.<\/p>\r\n\r\n\r\n\r\n<p><strong>Nous contacter<\/strong><br \/>Si vous avez des questions concernant la pr\u00e9sente politique de confidentialit\u00e9, vous pouvez nous contacter par le biais des m\u00e9canismes disponibles sur notre page de contact<\/p>\r\n","protected":false},"excerpt":{"rendered":"<p>Ce document a \u00e9t\u00e9 modifi\u00e9 pour la derni\u00e8re fois le 21 avril 2021. Ce site Web recueille des donn\u00e9es personnelles n\u00e9cessaires \u00e0 la gestion et au fonctionnement de certains de&#8230;<\/p>\n","protected":false},"author":1,"featured_media":0,"parent":0,"menu_order":0,"comment_status":"closed","ping_status":"closed","template":"","meta":{"footnotes":""},"class_list":["post-1471","page","type-page","status-publish"],"yoast_head":"<!-- This site is optimized with the Yoast SEO plugin v27.2 - https:\/\/yoast.com\/product\/yoast-seo-wordpress\/ -->\n<title>Politique de confidentialit\u00e9 - Sa Calma Boats<\/title>\n<meta name=\"robots\" content=\"index, follow, max-snippet:-1, max-image-preview:large, max-video-preview:-1\" \/>\n<link rel=\"canonical\" href=\"https:\/\/sacalmaboats.com\/fr\/politique-de-confidentialite\" \/>\n<meta property=\"og:locale\" content=\"fr_FR\" \/>\n<meta property=\"og:type\" content=\"article\" \/>\n<meta property=\"og:title\" content=\"Politique de confidentialit\u00e9 - Sa Calma Boats\" \/>\n<meta property=\"og:description\" content=\"Ce document a \u00e9t\u00e9 modifi\u00e9 pour la derni\u00e8re fois le 21 avril 2021. Ce site Web recueille des donn\u00e9es personnelles n\u00e9cessaires \u00e0 la gestion et au fonctionnement de certains de...\" \/>\n<meta property=\"og:url\" content=\"https:\/\/sacalmaboats.com\/fr\/politique-de-confidentialite\" \/>\n<meta property=\"og:site_name\" content=\"Sa Calma Boats\" \/>\n<meta property=\"article:publisher\" content=\"https:\/\/www.facebook.com\/sacalmaboats\/\" \/>\n<meta property=\"article:modified_time\" content=\"2025-07-11T12:09:02+00:00\" \/>\n<meta property=\"og:image\" content=\"https:\/\/sacalmaboats.com\/wp-content\/uploads\/2025\/02\/cropped-3.png\" \/>\n\t<meta property=\"og:image:width\" content=\"512\" \/>\n\t<meta property=\"og:image:height\" content=\"512\" \/>\n\t<meta property=\"og:image:type\" content=\"image\/png\" \/>\n<meta name=\"twitter:card\" content=\"summary_large_image\" \/>\n<meta name=\"twitter:label1\" content=\"Dur\u00e9e de lecture estim\u00e9e\" \/>\n\t<meta name=\"twitter:data1\" content=\"4 minutes\" \/>\n<script type=\"application\/ld+json\" class=\"yoast-schema-graph\">{\"@context\":\"https:\/\/schema.org\",\"@graph\":[{\"@type\":\"WebPage\",\"@id\":\"https:\/\/sacalmaboats.com\/fr\/politique-de-confidentialite\",\"url\":\"https:\/\/sacalmaboats.com\/fr\/politique-de-confidentialite\",\"name\":\"Politique de confidentialit\u00e9 - Sa Calma Boats\",\"isPartOf\":{\"@id\":\"https:\/\/sacalmaboats.com\/fr#website\"},\"datePublished\":\"2025-02-03T18:18:49+00:00\",\"dateModified\":\"2025-07-11T12:09:02+00:00\",\"breadcrumb\":{\"@id\":\"https:\/\/sacalmaboats.com\/fr\/politique-de-confidentialite#breadcrumb\"},\"inLanguage\":\"fr-FR\",\"potentialAction\":[{\"@type\":\"ReadAction\",\"target\":[\"https:\/\/sacalmaboats.com\/fr\/politique-de-confidentialite\"]}]},{\"@type\":\"BreadcrumbList\",\"@id\":\"https:\/\/sacalmaboats.com\/fr\/politique-de-confidentialite#breadcrumb\",\"itemListElement\":[{\"@type\":\"ListItem\",\"position\":1,\"name\":\"Portada\",\"item\":\"https:\/\/sacalmaboats.com\/fr\/11-2\"},{\"@type\":\"ListItem\",\"position\":2,\"name\":\"Politique de confidentialit\u00e9\"}]},{\"@type\":\"WebSite\",\"@id\":\"https:\/\/sacalmaboats.com\/fr#website\",\"url\":\"https:\/\/sacalmaboats.com\/fr\",\"name\":\"Sa Calma Boats\",\"description\":\"Sa Calma Boats offers unforgettable adventures on Mallorca\u2019s stunning waters. From relaxing boat tours and thrilling speedboat rides to private charters, they provide tailored experiences for every occasion. With departures from Can Pastilla, Palma City, Arenal, and Andratx, guests can explore hidden coves, snorkel in crystal-clear waters, and visit iconic spots like Dragonera Island.\",\"publisher\":{\"@id\":\"https:\/\/sacalmaboats.com\/fr#organization\"},\"alternateName\":\"Calma Boats\",\"potentialAction\":[{\"@type\":\"SearchAction\",\"target\":{\"@type\":\"EntryPoint\",\"urlTemplate\":\"https:\/\/sacalmaboats.com\/fr?s={search_term_string}\"},\"query-input\":{\"@type\":\"PropertyValueSpecification\",\"valueRequired\":true,\"valueName\":\"search_term_string\"}}],\"inLanguage\":\"fr-FR\"},{\"@type\":\"Organization\",\"@id\":\"https:\/\/sacalmaboats.com\/fr#organization\",\"name\":\"Sa Calma Boats\",\"alternateName\":\"Sa Calma Boats SL\",\"url\":\"https:\/\/sacalmaboats.com\/fr\",\"logo\":{\"@type\":\"ImageObject\",\"inLanguage\":\"fr-FR\",\"@id\":\"https:\/\/sacalmaboats.com\/fr#\/schema\/logo\/image\/\",\"url\":\"https:\/\/sacalmaboats.com\/wp-content\/uploads\/2025\/02\/3.png\",\"contentUrl\":\"https:\/\/sacalmaboats.com\/wp-content\/uploads\/2025\/02\/3.png\",\"width\":512,\"height\":512,\"caption\":\"Sa Calma Boats\"},\"image\":{\"@id\":\"https:\/\/sacalmaboats.com\/fr#\/schema\/logo\/image\/\"},\"sameAs\":[\"https:\/\/www.facebook.com\/sacalmaboats\/\",\"https:\/\/instagram.com\/sacalmaboats\",\"https:\/\/www.tripadvisor.com\/Attraction_Review-g187463-d25232317-Reviews-Sa_Calma_Boats-Palma_de_Mallorca_Majorca_Balearic_Islands.html\"]}]}<\/script>\n<!-- \/ Yoast SEO plugin. -->","yoast_head_json":{"title":"Politique de confidentialit\u00e9 - Sa Calma Boats","robots":{"index":"index","follow":"follow","max-snippet":"max-snippet:-1","max-image-preview":"max-image-preview:large","max-video-preview":"max-video-preview:-1"},"canonical":"https:\/\/sacalmaboats.com\/fr\/politique-de-confidentialite","og_locale":"fr_FR","og_type":"article","og_title":"Politique de confidentialit\u00e9 - Sa Calma Boats","og_description":"Ce document a \u00e9t\u00e9 modifi\u00e9 pour la derni\u00e8re fois le 21 avril 2021. Ce site Web recueille des donn\u00e9es personnelles n\u00e9cessaires \u00e0 la gestion et au fonctionnement de certains de...","og_url":"https:\/\/sacalmaboats.com\/fr\/politique-de-confidentialite","og_site_name":"Sa Calma Boats","article_publisher":"https:\/\/www.facebook.com\/sacalmaboats\/","article_modified_time":"2025-07-11T12:09:02+00:00","og_image":[{"width":512,"height":512,"url":"https:\/\/sacalmaboats.com\/wp-content\/uploads\/2025\/02\/cropped-3.png","type":"image\/png"}],"twitter_card":"summary_large_image","twitter_misc":{"Dur\u00e9e de lecture estim\u00e9e":"4 minutes"},"schema":{"@context":"https:\/\/schema.org","@graph":[{"@type":"WebPage","@id":"https:\/\/sacalmaboats.com\/fr\/politique-de-confidentialite","url":"https:\/\/sacalmaboats.com\/fr\/politique-de-confidentialite","name":"Politique de confidentialit\u00e9 - Sa Calma Boats","isPartOf":{"@id":"https:\/\/sacalmaboats.com\/fr#website"},"datePublished":"2025-02-03T18:18:49+00:00","dateModified":"2025-07-11T12:09:02+00:00","breadcrumb":{"@id":"https:\/\/sacalmaboats.com\/fr\/politique-de-confidentialite#breadcrumb"},"inLanguage":"fr-FR","potentialAction":[{"@type":"ReadAction","target":["https:\/\/sacalmaboats.com\/fr\/politique-de-confidentialite"]}]},{"@type":"BreadcrumbList","@id":"https:\/\/sacalmaboats.com\/fr\/politique-de-confidentialite#breadcrumb","itemListElement":[{"@type":"ListItem","position":1,"name":"Portada","item":"https:\/\/sacalmaboats.com\/fr\/11-2"},{"@type":"ListItem","position":2,"name":"Politique de confidentialit\u00e9"}]},{"@type":"WebSite","@id":"https:\/\/sacalmaboats.com\/fr#website","url":"https:\/\/sacalmaboats.com\/fr","name":"Sa Calma Boats","description":"Sa Calma Boats offers unforgettable adventures on Mallorca\u2019s stunning waters. From relaxing boat tours and thrilling speedboat rides to private charters, they provide tailored experiences for every occasion. With departures from Can Pastilla, Palma City, Arenal, and Andratx, guests can explore hidden coves, snorkel in crystal-clear waters, and visit iconic spots like Dragonera Island.","publisher":{"@id":"https:\/\/sacalmaboats.com\/fr#organization"},"alternateName":"Calma Boats","potentialAction":[{"@type":"SearchAction","target":{"@type":"EntryPoint","urlTemplate":"https:\/\/sacalmaboats.com\/fr?s={search_term_string}"},"query-input":{"@type":"PropertyValueSpecification","valueRequired":true,"valueName":"search_term_string"}}],"inLanguage":"fr-FR"},{"@type":"Organization","@id":"https:\/\/sacalmaboats.com\/fr#organization","name":"Sa Calma Boats","alternateName":"Sa Calma Boats SL","url":"https:\/\/sacalmaboats.com\/fr","logo":{"@type":"ImageObject","inLanguage":"fr-FR","@id":"https:\/\/sacalmaboats.com\/fr#\/schema\/logo\/image\/","url":"https:\/\/sacalmaboats.com\/wp-content\/uploads\/2025\/02\/3.png","contentUrl":"https:\/\/sacalmaboats.com\/wp-content\/uploads\/2025\/02\/3.png","width":512,"height":512,"caption":"Sa Calma Boats"},"image":{"@id":"https:\/\/sacalmaboats.com\/fr#\/schema\/logo\/image\/"},"sameAs":["https:\/\/www.facebook.com\/sacalmaboats\/","https:\/\/instagram.com\/sacalmaboats","https:\/\/www.tripadvisor.com\/Attraction_Review-g187463-d25232317-Reviews-Sa_Calma_Boats-Palma_de_Mallorca_Majorca_Balearic_Islands.html"]}]}},"_links":{"self":[{"href":"https:\/\/sacalmaboats.com\/fr\/wp-json\/wp\/v2\/pages\/1471","targetHints":{"allow":["GET"]}}],"collection":[{"href":"https:\/\/sacalmaboats.com\/fr\/wp-json\/wp\/v2\/pages"}],"about":[{"href":"https:\/\/sacalmaboats.com\/fr\/wp-json\/wp\/v2\/types\/page"}],"author":[{"embeddable":true,"href":"https:\/\/sacalmaboats.com\/fr\/wp-json\/wp\/v2\/users\/1"}],"replies":[{"embeddable":true,"href":"https:\/\/sacalmaboats.com\/fr\/wp-json\/wp\/v2\/comments?post=1471"}],"version-history":[{"count":2,"href":"https:\/\/sacalmaboats.com\/fr\/wp-json\/wp\/v2\/pages\/1471\/revisions"}],"predecessor-version":[{"id":3940,"href":"https:\/\/sacalmaboats.com\/fr\/wp-json\/wp\/v2\/pages\/1471\/revisions\/3940"}],"wp:attachment":[{"href":"https:\/\/sacalmaboats.com\/fr\/wp-json\/wp\/v2\/media?parent=1471"}],"curies":[{"name":"wp","href":"https:\/\/api.w.org\/{rel}","templated":true}]}}