{"id":1509,"date":"2025-02-03T18:20:43","date_gmt":"2025-02-03T18:20:43","guid":{"rendered":"https:\/\/sacalmaboats.comcookie-policy"},"modified":"2025-07-11T13:26:52","modified_gmt":"2025-07-11T13:26:52","slug":"politique-de-cookies","status":"publish","type":"page","link":"https:\/\/sacalmaboats.com\/fr\/politique-de-cookies","title":{"rendered":"Politique en mati\u00e8re de cookies"},"content":{"rendered":"\r\n<p><em>Ce document a \u00e9t\u00e9 modifi\u00e9 pour la derni\u00e8re fois le 21 avril 2021.<\/em><\/p>\r\n\r\n\r\n\r\n<p>Un cookie est un fichier qui est t\u00e9l\u00e9charg\u00e9 sur votre ordinateur lorsque vous acc\u00e9dez \u00e0 certaines pages web. Les cookies permettent \u00e0 un site web, entre autres, de stocker et de r\u00e9cup\u00e9rer des informations sur les habitudes de navigation d&rsquo;un utilisateur ou de son \u00e9quipement et, en fonction des informations qu&rsquo;ils contiennent et de la mani\u00e8re dont il utilise son ordinateur, ils peuvent \u00eatre utilis\u00e9s pour reconna\u00eetre l&rsquo;utilisateur. Le navigateur de l&rsquo;utilisateur ne stocke les cookies sur le disque dur que pendant la session en cours, en occupant un minimum d&rsquo;espace m\u00e9moire et en n&rsquo;endommageant pas l&rsquo;ordinateur. Les cookies ne contiennent aucune information personnelle sp\u00e9cifique et la plupart d&rsquo;entre eux sont supprim\u00e9s du disque dur \u00e0 la fin de la session du navigateur (cookies de session).<\/p>\r\n\r\n\r\n\r\n<p>La plupart des navigateurs acceptent les cookies de mani\u00e8re standard et, ind\u00e9pendamment de cela, autorisent ou emp\u00eachent les cookies temporaires ou stock\u00e9s dans leurs param\u00e8tres de s\u00e9curit\u00e9.<\/p>\r\n\r\n\r\n\r\n<p>Sans votre consentement (en activant les cookies dans votre navigateur), les donn\u00e9es personnelles fournies au moment de l&rsquo;enregistrement ou de l&rsquo;achat ne seront pas li\u00e9es aux donn\u00e9es stock\u00e9es dans les cookies.<\/p>\r\n\r\n\r\n\r\n<p><br \/><strong>Types de cookies<\/strong><\/p>\r\n\r\n\r\n\r\n<ul class=\"wp-block-list\">\r\n<li>Cookies techniques : Ceux qui permettent \u00e0 l&rsquo;utilisateur de naviguer sur un site web, une plateforme ou une application et d&rsquo;utiliser les diff\u00e9rentes options ou services disponibles, tels que le contr\u00f4le du trafic de donn\u00e9es et de la communication, l&rsquo;identification de la session, l&rsquo;acc\u00e8s \u00e0 des parties restreintes, la m\u00e9morisation des \u00e9l\u00e9ments d&rsquo;une commande, le check-out, la demande d&rsquo;inscription ou la participation \u00e0 un \u00e9v\u00e9nement, l&rsquo;utilisation de fonctions de s\u00e9curit\u00e9 lors de la navigation, le stockage de contenus lors de la diffusion de vid\u00e9os ou de sons, ou le partage de contenus via les r\u00e9seaux sociaux.<\/li>\r\n\r\n\r\n\r\n<li>Cookies de personnalisation : Ceux qui permettent aux utilisateurs d&rsquo;acc\u00e9der au service avec certaines caract\u00e9ristiques g\u00e9n\u00e9rales, sur la base d&rsquo;un ensemble de crit\u00e8res pr\u00e9d\u00e9finis dans le terminal de l&rsquo;utilisateur, tels que la langue, le type de navigateur utilis\u00e9 pour acc\u00e9der au service, les param\u00e8tres r\u00e9gionaux (locale) utilis\u00e9s pour acc\u00e9der au service, etc.<\/li>\r\n\r\n\r\n\r\n<li>Cookies d&rsquo;analyse : Ceux qui, plac\u00e9s par nous ou par des tiers, nous permettent de quantifier le nombre d&rsquo;utilisateurs et donc de mesurer et d&rsquo;analyser statistiquement l&rsquo;utilisation des services offerts par les utilisateurs. Nous analysons la fa\u00e7on dont les utilisateurs naviguent sur notre site web afin d&rsquo;am\u00e9liorer les produits ou les services que nous offrons.<\/li>\r\n\r\n\r\n\r\n<li>Cookies publicitaires : Ceux qui, mis en place par nous ou par des tiers, nous permettent de g\u00e9rer le plus efficacement possible la quantit\u00e9 d&rsquo;espaces publicitaires sur le site web, en adaptant le contenu de la publicit\u00e9 demand\u00e9e au contenu du service demand\u00e9 ou \u00e0 l&rsquo;utilisation qui est faite de notre site web. Nous analysons vos habitudes de navigation sur Internet afin de vous pr\u00e9senter des publicit\u00e9s en rapport avec votre profil de navigation.<\/li>\r\n\r\n\r\n\r\n<li>Cookies de publicit\u00e9 comportementale : Ceux qui permettent de g\u00e9rer, de la mani\u00e8re la plus efficace possible, les espaces publicitaires que l&rsquo;\u00e9diteur a inclus dans un site web, une application ou une plateforme utilis\u00e9e pour fournir le service demand\u00e9. Ces cookies stockent des informations sur le comportement de l&rsquo;utilisateur obtenues gr\u00e2ce \u00e0 l&rsquo;observation continue de ses habitudes de navigation, ce qui permet de d\u00e9velopper un profil sp\u00e9cifique pour afficher des publicit\u00e9s bas\u00e9es sur ce profil.<\/li>\r\n\r\n\r\n\r\n<li>Cookies de tiers : Ce site web peut utiliser des services tiers qui, en son nom, compileront des informations, \u00e0 des fins statistiques, concernant l&rsquo;utilisation du site par l&rsquo;utilisateur et pour fournir d&rsquo;autres services li\u00e9s \u00e0 l&rsquo;activit\u00e9 de ce site web et d&rsquo;autres services Internet.<\/li>\r\n<\/ul>\r\n\r\n\r\n\r\n<p><br \/><strong>Cookies tiers utilis\u00e9s<\/strong><br \/>Ce site utilise notamment Google Analytics, un service d&rsquo;analyse du Web fourni par Google, Inc. dont le si\u00e8ge social est situ\u00e9 au 1600 Amphitheatre Parkway, Mountain View, Californie 94043, \u00c9tats-Unis. Pour fournir ces services, des cookies sont utilis\u00e9s pour collecter des informations, y compris l&rsquo;adresse IP de l&rsquo;utilisateur, qui seront transmises, trait\u00e9es et stock\u00e9es par Google dans les conditions indiqu\u00e9es sur son site Internet, y compris la transmission \u00e9ventuelle de ces informations \u00e0 des tiers en cas d&rsquo;obligation l\u00e9gale ou lorsque ces tiers traitent les informations pour le compte de Google.<\/p>\r\n\r\n\r\n\r\n<figure class=\"wp-block-table\">\r\n<table class=\"has-fixed-layout\">\r\n<tbody>\r\n<tr>\r\n<td>Nom du cookie<\/td>\r\n<td>Gestion<\/td>\r\n<td>Description<\/td>\r\n<\/tr>\r\n<tr>\r\n<td>identifiant de session<\/td>\r\n<td>Propia<\/td>\r\n<td>Permet de r\u00e9aliser le processus de r\u00e9servation d&rsquo;activit\u00e9s sur le web. Conservation : Jusqu&rsquo;\u00e0 la fin de la session<\/td>\r\n<\/tr>\r\n<tr>\r\n<td>csrftoken<\/td>\r\n<td>Propia<\/td>\r\n<td>Il s&rsquo;agit d&rsquo;une identification pendant la session pour valider les formulaires. Conservation : Jusqu&rsquo;\u00e0 la fin de la session<\/td>\r\n<\/tr>\r\n<tr>\r\n<td>django_language<\/td>\r\n<td>Propia<\/td>\r\n<td>Il s&rsquo;agit de l&rsquo;idiome par d\u00e9faut de l&rsquo;utilisateur afin de faciliter le chargement du contenu dans cet idiome. Conservation : 12 mois<\/td>\r\n<\/tr>\r\n<tr>\r\n<td>django_privacy<\/td>\r\n<td>Propia<\/td>\r\n<td>Ils permettent de savoir si le message des cookies doit \u00eatre envoy\u00e9 \u00e0 l&rsquo;utilisateur ou non. Conservation : 12 mois<\/td>\r\n<\/tr>\r\n<tr>\r\n<td>_ga<\/td>\r\n<td>Terceros<\/td>\r\n<td><a href=\"https:\/\/developers.google.com\/analytics\/devguides\/collection\/analyticsjs\/cookie-usage\" target=\"_blank\" rel=\"noreferrer noopener\">Google Analytics :<\/a> Contr\u00f4le des visites<\/td>\r\n<\/tr>\r\n<tr>\r\n<td>_gid<\/td>\r\n<td>Terceros<\/td>\r\n<td><a href=\"https:\/\/developers.google.com\/analytics\/devguides\/collection\/analyticsjs\/cookie-usage\" target=\"_blank\" rel=\"noreferrer noopener\">Google Analytics :<\/a> R\u00e9partition des utilisateurs. Conservation : 24 heures<\/td>\r\n<\/tr>\r\n<tr>\r\n<td>_gat<\/td>\r\n<td>Terceros<\/td>\r\n<td><a href=\"https:\/\/developers.google.com\/analytics\/devguides\/collection\/analyticsjs\/cookie-usage\" target=\"_blank\" rel=\"noreferrer noopener\">Google Analytics :<\/a> Limitation des donn\u00e9es. Conservation : 10 minutes<\/td>\r\n<\/tr>\r\n<tr>\r\n<td>NID<\/td>\r\n<td>Terceros<\/td>\r\n<td><a href=\"https:\/\/developers.google.com\/analytics\/devguides\/collection\/analyticsjs\/cookie-usage\" target=\"_blank\" rel=\"noreferrer noopener\">Google Analytics :<\/a> Recueille des informations sur les cookies. Conservation : 6 mois<\/td>\r\n<\/tr>\r\n<tr>\r\n<td>__cfduid<\/td>\r\n<td>Terceros<\/td>\r\n<td><a href=\"https:\/\/support.cloudflare.com\/hc\/en-us\/articles\/200170156-Understanding-the-Cloudflare-Cookies\" target=\"_blank\" rel=\"noreferrer noopener\">Cloudflare :<\/a> Identifie le trafic web de confiance. Ne correspond \u00e0 aucun identifiant d&rsquo;utilisateur de l&rsquo;application web, ni ne conserve aucune donn\u00e9e personnelle identifiable.<\/td>\r\n<\/tr>\r\n<\/tbody>\r\n<\/table>\r\n<\/figure>\r\n\r\n\r\n\r\n<p><br \/><strong>Consentement<\/strong><br \/>L&rsquo;utilisateur accepte express\u00e9ment, en utilisant ce site, le traitement des informations obtenues de la mani\u00e8re et aux fins susmentionn\u00e9es. L&rsquo;utilisateur reconna\u00eet \u00e9galement la possibilit\u00e9 de s&rsquo;opposer au traitement de ces donn\u00e9es ou informations en refusant l&rsquo;utilisation de cookies en s\u00e9lectionnant les param\u00e8tres appropri\u00e9s \u00e0 cette fin dans son navigateur, bien que cette option de blocage des cookies sur son navigateur puisse emp\u00eacher l&rsquo;utilisation compl\u00e8te de toutes les fonctionnalit\u00e9s du site Web.<\/p>\r\n\r\n\r\n\r\n<p><br \/><strong>Gestion des cookies<\/strong><br \/>Vous pouvez autoriser, bloquer ou supprimer les cookies install\u00e9s sur votre ordinateur en configurant les options du navigateur install\u00e9 sur votre ordinateur :<\/p>\r\n\r\n\r\n\r\n<p><a href=\"https:\/\/support.google.com\/chrome\/answer\/95647?hl=en\">Google Chrome<\/a><br \/><a href=\"http:\/\/windows.microsoft.com\/en-us\/windows7\/how-to-manage-cookies-in-internet-explorer-9\">Internet Explorer<\/a><br \/><a href=\"https:\/\/support.mozilla.org\/en-US\/kb\/enable-and-disable-cookies-website-preferences\">Mozilla Firefox<\/a><br \/><a href=\"https:\/\/support.apple.com\/kb\/PH19214?locale=en_US\">Apple Safari<\/a><br \/><a href=\"https:\/\/www.opera.com\/help\/tutorials\/security\/cookies\/\">Navigateur Opera<\/a><\/p>\r\n\r\n\r\n\r\n<p><br \/><strong>Modifications<\/strong><br \/>Si nous d\u00e9cidons de modifier notre politique en mati\u00e8re de cookies, nous mettrons \u00e0 jour la date de publication du pr\u00e9sent document.<\/p>\r\n\r\n\r\n\r\n<p><br \/><strong>Nous contacter<\/strong><br \/>Si vous avez des questions concernant la pr\u00e9sente politique en mati\u00e8re de cookies, vous pouvez nous contacter par le biais des m\u00e9canismes disponibles sur notre page de contact.<\/p>\r\n","protected":false},"excerpt":{"rendered":"<p>Ce document a \u00e9t\u00e9 modifi\u00e9 pour la derni\u00e8re fois le 21 avril 2021. Un cookie est un fichier qui est t\u00e9l\u00e9charg\u00e9 sur votre ordinateur lorsque vous acc\u00e9dez \u00e0 certaines pages&#8230;<\/p>\n","protected":false},"author":1,"featured_media":0,"parent":0,"menu_order":0,"comment_status":"closed","ping_status":"closed","template":"","meta":{"footnotes":""},"class_list":["post-1509","page","type-page","status-publish"],"yoast_head":"<!-- This site is optimized with the Yoast SEO plugin v27.2 - https:\/\/yoast.com\/product\/yoast-seo-wordpress\/ -->\n<title>Politique en mati\u00e8re de cookies - Sa Calma Boats<\/title>\n<meta name=\"robots\" content=\"index, follow, max-snippet:-1, max-image-preview:large, max-video-preview:-1\" \/>\n<link rel=\"canonical\" href=\"https:\/\/sacalmaboats.com\/fr\/politique-de-cookies\" \/>\n<meta property=\"og:locale\" content=\"fr_FR\" \/>\n<meta property=\"og:type\" content=\"article\" \/>\n<meta property=\"og:title\" content=\"Politique en mati\u00e8re de cookies - Sa Calma Boats\" \/>\n<meta property=\"og:description\" content=\"Ce document a \u00e9t\u00e9 modifi\u00e9 pour la derni\u00e8re fois le 21 avril 2021. Un cookie est un fichier qui est t\u00e9l\u00e9charg\u00e9 sur votre ordinateur lorsque vous acc\u00e9dez \u00e0 certaines pages...\" \/>\n<meta property=\"og:url\" content=\"https:\/\/sacalmaboats.com\/fr\/politique-de-cookies\" \/>\n<meta property=\"og:site_name\" content=\"Sa Calma Boats\" \/>\n<meta property=\"article:publisher\" content=\"https:\/\/www.facebook.com\/sacalmaboats\/\" \/>\n<meta property=\"article:modified_time\" content=\"2025-07-11T13:26:52+00:00\" \/>\n<meta property=\"og:image\" content=\"https:\/\/sacalmaboats.com\/wp-content\/uploads\/2025\/02\/cropped-3.png\" \/>\n\t<meta property=\"og:image:width\" content=\"512\" \/>\n\t<meta property=\"og:image:height\" content=\"512\" \/>\n\t<meta property=\"og:image:type\" content=\"image\/png\" \/>\n<meta name=\"twitter:card\" content=\"summary_large_image\" \/>\n<meta name=\"twitter:label1\" content=\"Dur\u00e9e de lecture estim\u00e9e\" \/>\n\t<meta name=\"twitter:data1\" content=\"5 minutes\" \/>\n<script type=\"application\/ld+json\" class=\"yoast-schema-graph\">{\"@context\":\"https:\/\/schema.org\",\"@graph\":[{\"@type\":\"WebPage\",\"@id\":\"https:\/\/sacalmaboats.com\/fr\/politique-de-cookies\",\"url\":\"https:\/\/sacalmaboats.com\/fr\/politique-de-cookies\",\"name\":\"Politique en mati\u00e8re de cookies - Sa Calma Boats\",\"isPartOf\":{\"@id\":\"https:\/\/sacalmaboats.com\/fr#website\"},\"datePublished\":\"2025-02-03T18:20:43+00:00\",\"dateModified\":\"2025-07-11T13:26:52+00:00\",\"breadcrumb\":{\"@id\":\"https:\/\/sacalmaboats.com\/fr\/politique-de-cookies#breadcrumb\"},\"inLanguage\":\"fr-FR\",\"potentialAction\":[{\"@type\":\"ReadAction\",\"target\":[\"https:\/\/sacalmaboats.com\/fr\/politique-de-cookies\"]}]},{\"@type\":\"BreadcrumbList\",\"@id\":\"https:\/\/sacalmaboats.com\/fr\/politique-de-cookies#breadcrumb\",\"itemListElement\":[{\"@type\":\"ListItem\",\"position\":1,\"name\":\"Portada\",\"item\":\"https:\/\/sacalmaboats.com\/fr\/11-2\"},{\"@type\":\"ListItem\",\"position\":2,\"name\":\"Politique en mati\u00e8re de cookies\"}]},{\"@type\":\"WebSite\",\"@id\":\"https:\/\/sacalmaboats.com\/fr#website\",\"url\":\"https:\/\/sacalmaboats.com\/fr\",\"name\":\"Sa Calma Boats\",\"description\":\"Sa Calma Boats offers unforgettable adventures on Mallorca\u2019s stunning waters. From relaxing boat tours and thrilling speedboat rides to private charters, they provide tailored experiences for every occasion. With departures from Can Pastilla, Palma City, Arenal, and Andratx, guests can explore hidden coves, snorkel in crystal-clear waters, and visit iconic spots like Dragonera Island.\",\"publisher\":{\"@id\":\"https:\/\/sacalmaboats.com\/fr#organization\"},\"alternateName\":\"Calma Boats\",\"potentialAction\":[{\"@type\":\"SearchAction\",\"target\":{\"@type\":\"EntryPoint\",\"urlTemplate\":\"https:\/\/sacalmaboats.com\/fr?s={search_term_string}\"},\"query-input\":{\"@type\":\"PropertyValueSpecification\",\"valueRequired\":true,\"valueName\":\"search_term_string\"}}],\"inLanguage\":\"fr-FR\"},{\"@type\":\"Organization\",\"@id\":\"https:\/\/sacalmaboats.com\/fr#organization\",\"name\":\"Sa Calma Boats\",\"alternateName\":\"Sa Calma Boats SL\",\"url\":\"https:\/\/sacalmaboats.com\/fr\",\"logo\":{\"@type\":\"ImageObject\",\"inLanguage\":\"fr-FR\",\"@id\":\"https:\/\/sacalmaboats.com\/fr#\/schema\/logo\/image\/\",\"url\":\"https:\/\/sacalmaboats.com\/wp-content\/uploads\/2025\/02\/3.png\",\"contentUrl\":\"https:\/\/sacalmaboats.com\/wp-content\/uploads\/2025\/02\/3.png\",\"width\":512,\"height\":512,\"caption\":\"Sa Calma Boats\"},\"image\":{\"@id\":\"https:\/\/sacalmaboats.com\/fr#\/schema\/logo\/image\/\"},\"sameAs\":[\"https:\/\/www.facebook.com\/sacalmaboats\/\",\"https:\/\/instagram.com\/sacalmaboats\",\"https:\/\/www.tripadvisor.com\/Attraction_Review-g187463-d25232317-Reviews-Sa_Calma_Boats-Palma_de_Mallorca_Majorca_Balearic_Islands.html\"]}]}<\/script>\n<!-- \/ Yoast SEO plugin. -->","yoast_head_json":{"title":"Politique en mati\u00e8re de cookies - Sa Calma Boats","robots":{"index":"index","follow":"follow","max-snippet":"max-snippet:-1","max-image-preview":"max-image-preview:large","max-video-preview":"max-video-preview:-1"},"canonical":"https:\/\/sacalmaboats.com\/fr\/politique-de-cookies","og_locale":"fr_FR","og_type":"article","og_title":"Politique en mati\u00e8re de cookies - Sa Calma Boats","og_description":"Ce document a \u00e9t\u00e9 modifi\u00e9 pour la derni\u00e8re fois le 21 avril 2021. Un cookie est un fichier qui est t\u00e9l\u00e9charg\u00e9 sur votre ordinateur lorsque vous acc\u00e9dez \u00e0 certaines pages...","og_url":"https:\/\/sacalmaboats.com\/fr\/politique-de-cookies","og_site_name":"Sa Calma Boats","article_publisher":"https:\/\/www.facebook.com\/sacalmaboats\/","article_modified_time":"2025-07-11T13:26:52+00:00","og_image":[{"width":512,"height":512,"url":"https:\/\/sacalmaboats.com\/wp-content\/uploads\/2025\/02\/cropped-3.png","type":"image\/png"}],"twitter_card":"summary_large_image","twitter_misc":{"Dur\u00e9e de lecture estim\u00e9e":"5 minutes"},"schema":{"@context":"https:\/\/schema.org","@graph":[{"@type":"WebPage","@id":"https:\/\/sacalmaboats.com\/fr\/politique-de-cookies","url":"https:\/\/sacalmaboats.com\/fr\/politique-de-cookies","name":"Politique en mati\u00e8re de cookies - Sa Calma Boats","isPartOf":{"@id":"https:\/\/sacalmaboats.com\/fr#website"},"datePublished":"2025-02-03T18:20:43+00:00","dateModified":"2025-07-11T13:26:52+00:00","breadcrumb":{"@id":"https:\/\/sacalmaboats.com\/fr\/politique-de-cookies#breadcrumb"},"inLanguage":"fr-FR","potentialAction":[{"@type":"ReadAction","target":["https:\/\/sacalmaboats.com\/fr\/politique-de-cookies"]}]},{"@type":"BreadcrumbList","@id":"https:\/\/sacalmaboats.com\/fr\/politique-de-cookies#breadcrumb","itemListElement":[{"@type":"ListItem","position":1,"name":"Portada","item":"https:\/\/sacalmaboats.com\/fr\/11-2"},{"@type":"ListItem","position":2,"name":"Politique en mati\u00e8re de cookies"}]},{"@type":"WebSite","@id":"https:\/\/sacalmaboats.com\/fr#website","url":"https:\/\/sacalmaboats.com\/fr","name":"Sa Calma Boats","description":"Sa Calma Boats offers unforgettable adventures on Mallorca\u2019s stunning waters. From relaxing boat tours and thrilling speedboat rides to private charters, they provide tailored experiences for every occasion. With departures from Can Pastilla, Palma City, Arenal, and Andratx, guests can explore hidden coves, snorkel in crystal-clear waters, and visit iconic spots like Dragonera Island.","publisher":{"@id":"https:\/\/sacalmaboats.com\/fr#organization"},"alternateName":"Calma Boats","potentialAction":[{"@type":"SearchAction","target":{"@type":"EntryPoint","urlTemplate":"https:\/\/sacalmaboats.com\/fr?s={search_term_string}"},"query-input":{"@type":"PropertyValueSpecification","valueRequired":true,"valueName":"search_term_string"}}],"inLanguage":"fr-FR"},{"@type":"Organization","@id":"https:\/\/sacalmaboats.com\/fr#organization","name":"Sa Calma Boats","alternateName":"Sa Calma Boats SL","url":"https:\/\/sacalmaboats.com\/fr","logo":{"@type":"ImageObject","inLanguage":"fr-FR","@id":"https:\/\/sacalmaboats.com\/fr#\/schema\/logo\/image\/","url":"https:\/\/sacalmaboats.com\/wp-content\/uploads\/2025\/02\/3.png","contentUrl":"https:\/\/sacalmaboats.com\/wp-content\/uploads\/2025\/02\/3.png","width":512,"height":512,"caption":"Sa Calma Boats"},"image":{"@id":"https:\/\/sacalmaboats.com\/fr#\/schema\/logo\/image\/"},"sameAs":["https:\/\/www.facebook.com\/sacalmaboats\/","https:\/\/instagram.com\/sacalmaboats","https:\/\/www.tripadvisor.com\/Attraction_Review-g187463-d25232317-Reviews-Sa_Calma_Boats-Palma_de_Mallorca_Majorca_Balearic_Islands.html"]}]}},"_links":{"self":[{"href":"https:\/\/sacalmaboats.com\/fr\/wp-json\/wp\/v2\/pages\/1509","targetHints":{"allow":["GET"]}}],"collection":[{"href":"https:\/\/sacalmaboats.com\/fr\/wp-json\/wp\/v2\/pages"}],"about":[{"href":"https:\/\/sacalmaboats.com\/fr\/wp-json\/wp\/v2\/types\/page"}],"author":[{"embeddable":true,"href":"https:\/\/sacalmaboats.com\/fr\/wp-json\/wp\/v2\/users\/1"}],"replies":[{"embeddable":true,"href":"https:\/\/sacalmaboats.com\/fr\/wp-json\/wp\/v2\/comments?post=1509"}],"version-history":[{"count":2,"href":"https:\/\/sacalmaboats.com\/fr\/wp-json\/wp\/v2\/pages\/1509\/revisions"}],"predecessor-version":[{"id":3961,"href":"https:\/\/sacalmaboats.com\/fr\/wp-json\/wp\/v2\/pages\/1509\/revisions\/3961"}],"wp:attachment":[{"href":"https:\/\/sacalmaboats.com\/fr\/wp-json\/wp\/v2\/media?parent=1509"}],"curies":[{"name":"wp","href":"https:\/\/api.w.org\/{rel}","templated":true}]}}