{"id":1517,"date":"2025-02-03T18:19:25","date_gmt":"2025-02-03T18:19:25","guid":{"rendered":"https:\/\/sacalmaboats.comterms-and-conditions"},"modified":"2025-07-11T12:10:41","modified_gmt":"2025-07-11T12:10:41","slug":"termes-et-conditions","status":"publish","type":"page","link":"https:\/\/sacalmaboats.com\/fr\/termes-et-conditions","title":{"rendered":"Conditions d&rsquo;utilisation"},"content":{"rendered":"\n<p><em>Ce document a \u00e9t\u00e9 modifi\u00e9 pour la derni\u00e8re fois le 21 avril 2021.<\/em><\/p>\n\n<p>Veuillez lire attentivement les pr\u00e9sentes conditions d&rsquo;utilisation avant d&rsquo;utiliser ce site web, qui est d\u00e9tenu et exploit\u00e9 par sa calma boats, Ce document pr\u00e9sente les conditions g\u00e9n\u00e9rales juridiquement contraignantes li\u00e9es \u00e0 l&rsquo;utilisation de ce site web.<\/p>\n\n<p>En utilisant ou en acc\u00e9dant \u00e0 ce site web de quelque mani\u00e8re que ce soit, en visualisant ou en parcourant son contenu, ou en y ajoutant votre propre contenu, vous acceptez d&rsquo;\u00eatre li\u00e9 par les pr\u00e9sentes conditions de service.<\/p>\n\n<p><strong>Propri\u00e9t\u00e9 intellectuelle<\/strong><br\/>Ce site et l&rsquo;ensemble de son contenu original sont la propri\u00e9t\u00e9 exclusive de son propri\u00e9taire et sont, \u00e0 ce titre, enti\u00e8rement prot\u00e9g\u00e9s par les lois internationales appropri\u00e9es en mati\u00e8re de droits d&rsquo;auteur et d&rsquo;autres droits de propri\u00e9t\u00e9 intellectuelle. Tous les contenus de tiers appartiennent \u00e0 leurs propri\u00e9taires respectifs et leur utilisation et leur protection sont r\u00e9gies par leurs conditions d&rsquo;utilisation respectives. <\/p>\n\n<p><strong>R\u00e9siliation<\/strong><br\/>Nous nous r\u00e9servons le droit de mettre fin \u00e0 votre acc\u00e8s au site, sans pr\u00e9avis.<\/p>\n\n<p><strong>Liens vers d&rsquo;autres sites web<\/strong><br\/>Notre site contient un certain nombre de liens vers d&rsquo;autres sites web et ressources en ligne qui ne nous appartiennent pas et ne sont pas contr\u00f4l\u00e9s par nous. Nous ne contr\u00f4lons pas le contenu ou les pratiques g\u00e9n\u00e9rales de ces sites et\/ou services tiers et ne pouvons donc pas en assumer la responsabilit\u00e9. Par cons\u00e9quent, nous vous conseillons vivement de lire l&rsquo;int\u00e9gralit\u00e9 des conditions g\u00e9n\u00e9rales et de la politique de confidentialit\u00e9 de tout site que vous visitez en suivant un lien affich\u00e9 sur notre site.  <\/p>\n\n<p><strong>Droit applicable<\/strong><br\/>Le pr\u00e9sent accord est r\u00e9gi par les lois espagnoles.<\/p>\n\n<p><strong>Consentement<\/strong><br\/>En utilisant notre site, vous acceptez les conditions d&rsquo;utilisation de notre site.<\/p>\n\n<p><strong>Modifications<\/strong><br\/>Nous nous r\u00e9servons le droit de modifier les pr\u00e9sentes conditions d&rsquo;utilisation \u00e0 tout moment. Nous le faisons en affichant les nouvelles conditions sur le site et en attirant l&rsquo;attention sur celles-ci. Votre d\u00e9cision de continuer \u00e0 visiter et \u00e0 utiliser notre site apr\u00e8s de telles modifications constitue votre acceptation formelle des nouvelles conditions de service. Par cons\u00e9quent, nous vous demandons de v\u00e9rifier et d&rsquo;examiner occasionnellement le pr\u00e9sent accord afin de prendre connaissance de ces modifications. Si vous n&rsquo;\u00eates pas d&rsquo;accord avec l&rsquo;une des dispositions du pr\u00e9sent document ou avec les modifications que nous y apportons, nous vous demandons et vous conseillons de ne pas utiliser le site web ou de ne pas continuer \u00e0 y acc\u00e9der imm\u00e9diatement.    <\/p>\n\n<p><strong>Nous contacter<\/strong><br\/>Si vous avez des questions concernant les pr\u00e9sentes conditions g\u00e9n\u00e9rales, vous pouvez nous contacter par le biais des m\u00e9canismes disponibles sur notre page de contact.<\/p>\n\n<p>Politique de remboursement et d&rsquo;annulation<\/p>\n\n<p>Le client peut annuler sa r\u00e9servation jusqu&rsquo;\u00e0 24 heures \u00e0 l&rsquo;avance et obtenir un remboursement int\u00e9gral.<\/p>\n\n<p>Les itin\u00e9raires et les horaires des activit\u00e9s peuvent \u00eatre affect\u00e9s par des raisons m\u00e9t\u00e9orologiques et\/ou techniques, voire suspendus, sans aucun droit \u00e0 compensation. Dans la mesure du possible, un autre jour sera propos\u00e9.   <\/p>\n\n<p>C&rsquo;est le skipper du bateau qui prendra la d\u00e9cision d&rsquo;accepter ou de refuser le client pour des raisons de s\u00e9curit\u00e9 dans l&rsquo;activit\u00e9 (teint\/\u00e2ge, conditions m\u00e9t\u00e9orologiques, handicap ou grossesse).<\/p>\n","protected":false},"excerpt":{"rendered":"<p>Ce document a \u00e9t\u00e9 modifi\u00e9 pour la derni\u00e8re fois le 21 avril 2021. Veuillez lire attentivement les pr\u00e9sentes conditions d&rsquo;utilisation avant d&rsquo;utiliser ce site web, qui est d\u00e9tenu et exploit\u00e9&#8230;<\/p>\n","protected":false},"author":1,"featured_media":0,"parent":0,"menu_order":0,"comment_status":"closed","ping_status":"closed","template":"","meta":{"footnotes":""},"class_list":["post-1517","page","type-page","status-publish"],"yoast_head":"<!-- This site is optimized with the Yoast SEO plugin v27.2 - https:\/\/yoast.com\/product\/yoast-seo-wordpress\/ -->\n<title>Conditions d&#039;utilisation - Sa Calma Boats<\/title>\n<meta name=\"robots\" content=\"index, follow, max-snippet:-1, max-image-preview:large, max-video-preview:-1\" \/>\n<link rel=\"canonical\" href=\"https:\/\/sacalmaboats.com\/fr\/termes-et-conditions\" \/>\n<meta property=\"og:locale\" content=\"fr_FR\" \/>\n<meta property=\"og:type\" content=\"article\" \/>\n<meta property=\"og:title\" content=\"Conditions d&#039;utilisation - Sa Calma Boats\" \/>\n<meta property=\"og:description\" content=\"Ce document a \u00e9t\u00e9 modifi\u00e9 pour la derni\u00e8re fois le 21 avril 2021. Veuillez lire attentivement les pr\u00e9sentes conditions d&rsquo;utilisation avant d&rsquo;utiliser ce site web, qui est d\u00e9tenu et exploit\u00e9...\" \/>\n<meta property=\"og:url\" content=\"https:\/\/sacalmaboats.com\/fr\/termes-et-conditions\" \/>\n<meta property=\"og:site_name\" content=\"Sa Calma Boats\" \/>\n<meta property=\"article:publisher\" content=\"https:\/\/www.facebook.com\/sacalmaboats\/\" \/>\n<meta property=\"article:modified_time\" content=\"2025-07-11T12:10:41+00:00\" \/>\n<meta property=\"og:image\" content=\"https:\/\/sacalmaboats.com\/wp-content\/uploads\/2025\/02\/cropped-3.png\" \/>\n\t<meta property=\"og:image:width\" content=\"512\" \/>\n\t<meta property=\"og:image:height\" content=\"512\" \/>\n\t<meta property=\"og:image:type\" content=\"image\/png\" \/>\n<meta name=\"twitter:card\" content=\"summary_large_image\" \/>\n<meta name=\"twitter:label1\" content=\"Dur\u00e9e de lecture estim\u00e9e\" \/>\n\t<meta name=\"twitter:data1\" content=\"3 minutes\" \/>\n<script type=\"application\/ld+json\" class=\"yoast-schema-graph\">{\"@context\":\"https:\/\/schema.org\",\"@graph\":[{\"@type\":\"WebPage\",\"@id\":\"https:\/\/sacalmaboats.com\/fr\/termes-et-conditions\",\"url\":\"https:\/\/sacalmaboats.com\/fr\/termes-et-conditions\",\"name\":\"Conditions d'utilisation - Sa Calma Boats\",\"isPartOf\":{\"@id\":\"https:\/\/sacalmaboats.com\/fr#website\"},\"datePublished\":\"2025-02-03T18:19:25+00:00\",\"dateModified\":\"2025-07-11T12:10:41+00:00\",\"breadcrumb\":{\"@id\":\"https:\/\/sacalmaboats.com\/fr\/termes-et-conditions#breadcrumb\"},\"inLanguage\":\"fr-FR\",\"potentialAction\":[{\"@type\":\"ReadAction\",\"target\":[\"https:\/\/sacalmaboats.com\/fr\/termes-et-conditions\"]}]},{\"@type\":\"BreadcrumbList\",\"@id\":\"https:\/\/sacalmaboats.com\/fr\/termes-et-conditions#breadcrumb\",\"itemListElement\":[{\"@type\":\"ListItem\",\"position\":1,\"name\":\"Portada\",\"item\":\"https:\/\/sacalmaboats.com\/fr\/11-2\"},{\"@type\":\"ListItem\",\"position\":2,\"name\":\"Conditions d&rsquo;utilisation\"}]},{\"@type\":\"WebSite\",\"@id\":\"https:\/\/sacalmaboats.com\/fr#website\",\"url\":\"https:\/\/sacalmaboats.com\/fr\",\"name\":\"Sa Calma Boats\",\"description\":\"Sa Calma Boats offers unforgettable adventures on Mallorca\u2019s stunning waters. From relaxing boat tours and thrilling speedboat rides to private charters, they provide tailored experiences for every occasion. With departures from Can Pastilla, Palma City, Arenal, and Andratx, guests can explore hidden coves, snorkel in crystal-clear waters, and visit iconic spots like Dragonera Island.\",\"publisher\":{\"@id\":\"https:\/\/sacalmaboats.com\/fr#organization\"},\"alternateName\":\"Calma Boats\",\"potentialAction\":[{\"@type\":\"SearchAction\",\"target\":{\"@type\":\"EntryPoint\",\"urlTemplate\":\"https:\/\/sacalmaboats.com\/fr?s={search_term_string}\"},\"query-input\":{\"@type\":\"PropertyValueSpecification\",\"valueRequired\":true,\"valueName\":\"search_term_string\"}}],\"inLanguage\":\"fr-FR\"},{\"@type\":\"Organization\",\"@id\":\"https:\/\/sacalmaboats.com\/fr#organization\",\"name\":\"Sa Calma Boats\",\"alternateName\":\"Sa Calma Boats SL\",\"url\":\"https:\/\/sacalmaboats.com\/fr\",\"logo\":{\"@type\":\"ImageObject\",\"inLanguage\":\"fr-FR\",\"@id\":\"https:\/\/sacalmaboats.com\/fr#\/schema\/logo\/image\/\",\"url\":\"https:\/\/sacalmaboats.com\/wp-content\/uploads\/2025\/02\/3.png\",\"contentUrl\":\"https:\/\/sacalmaboats.com\/wp-content\/uploads\/2025\/02\/3.png\",\"width\":512,\"height\":512,\"caption\":\"Sa Calma Boats\"},\"image\":{\"@id\":\"https:\/\/sacalmaboats.com\/fr#\/schema\/logo\/image\/\"},\"sameAs\":[\"https:\/\/www.facebook.com\/sacalmaboats\/\",\"https:\/\/instagram.com\/sacalmaboats\",\"https:\/\/www.tripadvisor.com\/Attraction_Review-g187463-d25232317-Reviews-Sa_Calma_Boats-Palma_de_Mallorca_Majorca_Balearic_Islands.html\"]}]}<\/script>\n<!-- \/ Yoast SEO plugin. -->","yoast_head_json":{"title":"Conditions d'utilisation - Sa Calma Boats","robots":{"index":"index","follow":"follow","max-snippet":"max-snippet:-1","max-image-preview":"max-image-preview:large","max-video-preview":"max-video-preview:-1"},"canonical":"https:\/\/sacalmaboats.com\/fr\/termes-et-conditions","og_locale":"fr_FR","og_type":"article","og_title":"Conditions d'utilisation - Sa Calma Boats","og_description":"Ce document a \u00e9t\u00e9 modifi\u00e9 pour la derni\u00e8re fois le 21 avril 2021. Veuillez lire attentivement les pr\u00e9sentes conditions d&rsquo;utilisation avant d&rsquo;utiliser ce site web, qui est d\u00e9tenu et exploit\u00e9...","og_url":"https:\/\/sacalmaboats.com\/fr\/termes-et-conditions","og_site_name":"Sa Calma Boats","article_publisher":"https:\/\/www.facebook.com\/sacalmaboats\/","article_modified_time":"2025-07-11T12:10:41+00:00","og_image":[{"width":512,"height":512,"url":"https:\/\/sacalmaboats.com\/wp-content\/uploads\/2025\/02\/cropped-3.png","type":"image\/png"}],"twitter_card":"summary_large_image","twitter_misc":{"Dur\u00e9e de lecture estim\u00e9e":"3 minutes"},"schema":{"@context":"https:\/\/schema.org","@graph":[{"@type":"WebPage","@id":"https:\/\/sacalmaboats.com\/fr\/termes-et-conditions","url":"https:\/\/sacalmaboats.com\/fr\/termes-et-conditions","name":"Conditions d'utilisation - Sa Calma Boats","isPartOf":{"@id":"https:\/\/sacalmaboats.com\/fr#website"},"datePublished":"2025-02-03T18:19:25+00:00","dateModified":"2025-07-11T12:10:41+00:00","breadcrumb":{"@id":"https:\/\/sacalmaboats.com\/fr\/termes-et-conditions#breadcrumb"},"inLanguage":"fr-FR","potentialAction":[{"@type":"ReadAction","target":["https:\/\/sacalmaboats.com\/fr\/termes-et-conditions"]}]},{"@type":"BreadcrumbList","@id":"https:\/\/sacalmaboats.com\/fr\/termes-et-conditions#breadcrumb","itemListElement":[{"@type":"ListItem","position":1,"name":"Portada","item":"https:\/\/sacalmaboats.com\/fr\/11-2"},{"@type":"ListItem","position":2,"name":"Conditions d&rsquo;utilisation"}]},{"@type":"WebSite","@id":"https:\/\/sacalmaboats.com\/fr#website","url":"https:\/\/sacalmaboats.com\/fr","name":"Sa Calma Boats","description":"Sa Calma Boats offers unforgettable adventures on Mallorca\u2019s stunning waters. From relaxing boat tours and thrilling speedboat rides to private charters, they provide tailored experiences for every occasion. With departures from Can Pastilla, Palma City, Arenal, and Andratx, guests can explore hidden coves, snorkel in crystal-clear waters, and visit iconic spots like Dragonera Island.","publisher":{"@id":"https:\/\/sacalmaboats.com\/fr#organization"},"alternateName":"Calma Boats","potentialAction":[{"@type":"SearchAction","target":{"@type":"EntryPoint","urlTemplate":"https:\/\/sacalmaboats.com\/fr?s={search_term_string}"},"query-input":{"@type":"PropertyValueSpecification","valueRequired":true,"valueName":"search_term_string"}}],"inLanguage":"fr-FR"},{"@type":"Organization","@id":"https:\/\/sacalmaboats.com\/fr#organization","name":"Sa Calma Boats","alternateName":"Sa Calma Boats SL","url":"https:\/\/sacalmaboats.com\/fr","logo":{"@type":"ImageObject","inLanguage":"fr-FR","@id":"https:\/\/sacalmaboats.com\/fr#\/schema\/logo\/image\/","url":"https:\/\/sacalmaboats.com\/wp-content\/uploads\/2025\/02\/3.png","contentUrl":"https:\/\/sacalmaboats.com\/wp-content\/uploads\/2025\/02\/3.png","width":512,"height":512,"caption":"Sa Calma Boats"},"image":{"@id":"https:\/\/sacalmaboats.com\/fr#\/schema\/logo\/image\/"},"sameAs":["https:\/\/www.facebook.com\/sacalmaboats\/","https:\/\/instagram.com\/sacalmaboats","https:\/\/www.tripadvisor.com\/Attraction_Review-g187463-d25232317-Reviews-Sa_Calma_Boats-Palma_de_Mallorca_Majorca_Balearic_Islands.html"]}]}},"_links":{"self":[{"href":"https:\/\/sacalmaboats.com\/fr\/wp-json\/wp\/v2\/pages\/1517","targetHints":{"allow":["GET"]}}],"collection":[{"href":"https:\/\/sacalmaboats.com\/fr\/wp-json\/wp\/v2\/pages"}],"about":[{"href":"https:\/\/sacalmaboats.com\/fr\/wp-json\/wp\/v2\/types\/page"}],"author":[{"embeddable":true,"href":"https:\/\/sacalmaboats.com\/fr\/wp-json\/wp\/v2\/users\/1"}],"replies":[{"embeddable":true,"href":"https:\/\/sacalmaboats.com\/fr\/wp-json\/wp\/v2\/comments?post=1517"}],"version-history":[{"count":5,"href":"https:\/\/sacalmaboats.com\/fr\/wp-json\/wp\/v2\/pages\/1517\/revisions"}],"predecessor-version":[{"id":3947,"href":"https:\/\/sacalmaboats.com\/fr\/wp-json\/wp\/v2\/pages\/1517\/revisions\/3947"}],"wp:attachment":[{"href":"https:\/\/sacalmaboats.com\/fr\/wp-json\/wp\/v2\/media?parent=1517"}],"curies":[{"name":"wp","href":"https:\/\/api.w.org\/{rel}","templated":true}]}}